{"id":18046,"date":"2021-01-17T18:35:33","date_gmt":"2021-01-17T16:35:33","guid":{"rendered":"https:\/\/hookahshop.lt\/?post_type=product&#038;p=18046"},"modified":"2026-04-14T23:29:01","modified_gmt":"2026-04-14T20:29:01","slug":"kaljano-stovas-revolving-fog-solid","status":"publish","type":"product","link":"https:\/\/hookahshop.lt\/pl\/produkt\/stojak-na-fajke-wodna-obrotowy-mgla-staly\/","title":{"rendered":"Stojak na fajk\u0119 wodn\u0105 REVOLVING FOG Solid"},"content":{"rendered":"<h2>Stojak na fajk\u0119 wodn\u0105 REVOLVING FOG Solid<\/h2>\n<p>Stojak na fajk\u0119 wodn\u0105 Revolving Fog zosta\u0142 zaprojektowany i skonstruowany, aby jeszcze wi\u0119cej pali\u0107 fajki wodnej<br \/>\nprzyjemniej i wygodniej. Ten produkt nie tylko sam w sobie dodaje uroku otoczeniu<br \/>\no\u015bwietlenie, ale tak\u017ce daje w\u0142a\u015bcicielowi wy\u0142\u0105czno\u015b\u0107.<br \/>\nCechy:<br \/>\nJesion lity<br \/>\nZaprojektowany, aby zapewni\u0107 stabilno\u015b\u0107 fajki wodnej.<br \/>\nObr\u00f3t dysku o 360 stopni<br \/>\nBezprzewodowe o\u015bwietlenie LED<br \/>\nMo\u017cliwo\u015b\u0107 wyboru spo\u015br\u00f3d 3 kolor\u00f3w pasuj\u0105cych do fajki wodnej lub wn\u0119trza<br \/>\nR\u0119cznie robiony produkt wykonany na Litwie<br \/>\nWysoko\u015b\u0107: 4,3 cm<br \/>\nSzeroko\u015b\u0107: 25 cm<\/p>\n<p>Czy masz jakie\u015b pytania? Skontaktuj si\u0119 z nami\u00a0<a href=\"https:\/\/hookahshop.lt\/pl\/lacznosc\/\">strona z kontaktami<\/a>\u00a0lub napisz do nas na adres\u00a0<a href=\"https:\/\/facebook.com\/HookahShop.lt\/\" target=\"_blank\" rel=\"noopener noreferrer\">konto na Facebooku<\/a>\u00a0a my odpowiemy na Twoj\u0105 pro\u015bb\u0119 tego samego dnia.<\/p>","protected":false},"excerpt":{"rendered":"<p>Stojak na fajk\u0119 wodn\u0105 REVOLVING FOG Solidny stojak na fajk\u0119 wodn\u0105 \u201eRevolving Fog\u201d zosta\u0142 stworzony i zaprojektowany tak, aby palenie fajki wodnej by\u0142o jeszcze przyjemniejsze i wygodniejsze. Produkt ten nie tylko dodaje uroku otoczeniu dzi\u0119ki swojemu o\u015bwietleniu, ale tak\u017ce zapewnia jego w\u0142a\u015bcicielowi ekskluzywno\u015b\u0107. Cechy: Lite drewno jesionowe Zaprojektowane, aby zapewni\u0107 stabilno\u015b\u0107 fajki wodnej. Obr\u00f3t dysku o 360 stopni Bezprzewodowe o\u015bwietlenie LED Mo\u017cliwo\u015b\u0107 [\u2026]<\/p>","protected":false},"featured_media":18047,"comment_status":"open","ping_status":"closed","template":"","meta":[],"_links":{"self":[{"href":"https:\/\/hookahshop.lt\/pl\/wp-json\/wp\/v2\/product\/18046"}],"collection":[{"href":"https:\/\/hookahshop.lt\/pl\/wp-json\/wp\/v2\/product"}],"about":[{"href":"https:\/\/hookahshop.lt\/pl\/wp-json\/wp\/v2\/types\/product"}],"replies":[{"embeddable":true,"href":"https:\/\/hookahshop.lt\/pl\/wp-json\/wp\/v2\/comments?post=18046"}],"version-history":[{"count":3,"href":"https:\/\/hookahshop.lt\/pl\/wp-json\/wp\/v2\/product\/18046\/revisions"}],"predecessor-version":[{"id":23363,"href":"https:\/\/hookahshop.lt\/pl\/wp-json\/wp\/v2\/product\/18046\/revisions\/23363"}],"wp:featuredmedia":[{"embeddable":true,"href":"https:\/\/hookahshop.lt\/pl\/wp-json\/wp\/v2\/media\/18047"}],"wp:attachment":[{"href":"https:\/\/hookahshop.lt\/pl\/wp-json\/wp\/v2\/media?parent=18046"}],"curies":[{"name":"wp","href":"https:\/\/api.w.org\/{rel}","templated":true}]}}