{"id":18055,"date":"2021-01-17T21:25:09","date_gmt":"2021-01-17T19:25:09","guid":{"rendered":"https:\/\/hookahshop.lt\/?post_type=product&#038;p=18055"},"modified":"2026-04-14T23:28:55","modified_gmt":"2026-04-14T20:28:55","slug":"kaljanas-ms-scandi-medium-silver-brown","status":"publish","type":"product","link":"https:\/\/hookahshop.lt\/pl\/produkt\/hookah-ms-scandi-medium-srebrno-brazowy\/","title":{"rendered":"Fajka wodna MS Scandi Medium Silver Brown"},"content":{"rendered":"<h2>Fajka wodna MS Scandi Medium Silver Brown<\/h2>\n<p>Scandi to pierwsza tego typu fajka wodna marki MS. Zainspirowany skandynawskim designem, z drewnianymi liniami. Kolba jest lekka i wytrzyma\u0142a. Idealny dla tych, kt\u00f3rzy lubi\u0105 lekkie ci\u0105gni\u0119cie fajki wodnej, poniewa\u017c ta fajka wodna jest wyposa\u017cona w stalowy dyfuzor. Drewniany stojak na bidon zapewnia stabilno\u015b\u0107 Scandi. Ciekawostk\u0105 jest fakt, \u017ce fajki wodne na statywie s\u0105 w rzeczywisto\u015bci bardziej stabilne ni\u017c standardowe fajki wodne. R\u00f3\u017cne materia\u0142y u\u017cyte w fajce wodnej przyczyniaj\u0105 si\u0119 do jej atrakcyjnego wygl\u0105du!<\/p>\n<p><strong>W sk\u0142ad zestawu wchodz\u0105:<\/strong><br \/>\nNargile<br \/>\nW\u0105\u017c silikonowy<br \/>\nKolba<br \/>\nUstnik<br \/>\nStojak na kolby<\/p>\n<p><img decoding=\"async\" loading=\"lazy\" class=\"alignnone size-medium wp-image-38520\" src=\"https:\/\/hookahshop.lt\/wp-content\/uploads\/2020\/09\/stiebas-kolba-zarna-kandiklis-1-300x273.jpg\" alt=\"- hookahshop.lt\" width=\"300\" height=\"273\" srcset=\"https:\/\/hookahshop.lt\/wp-content\/uploads\/2020\/09\/stiebas-kolba-zarna-kandiklis-1-300x273.jpg 300w, https:\/\/hookahshop.lt\/wp-content\/uploads\/2020\/09\/stiebas-kolba-zarna-kandiklis-1-13x12.jpg 13w, https:\/\/hookahshop.lt\/wp-content\/uploads\/2020\/09\/stiebas-kolba-zarna-kandiklis-1-64x58.jpg 64w, https:\/\/hookahshop.lt\/wp-content\/uploads\/2020\/09\/stiebas-kolba-zarna-kandiklis-1.jpg 420w\" sizes=\"(max-width: 300px) 100vw, 300px\" title=\"\"><\/p>\n<p>Czy masz jakie\u015b pytania? Skontaktuj si\u0119 z nami\u00a0<a href=\"https:\/\/hookahshop.lt\/pl\/lacznosc\/\">strona z kontaktami<\/a>\u00a0lub napisz do nas na adres\u00a0<a href=\"https:\/\/facebook.com\/HookahShop.lt\/\" target=\"_blank\" rel=\"noopener noreferrer\">konto na Facebooku<\/a>\u00a0a my odpowiemy na Twoj\u0105 pro\u015bb\u0119 tego samego dnia.<\/p>","protected":false},"excerpt":{"rendered":"<p>Hookah MS Scandi Medium Silver Brown Scandi to pierwsza tego typu fajka wodna marki MS. Inspirowany skandynawskim designem, z liniami drewna. Kolba jest lekka i trwa\u0142a. Idealna dla tych, kt\u00f3rzy lubi\u0105 lekkie zaci\u0105ganie fajki wodnej, poniewa\u017c ta fajka wodna jest wyposa\u017cona w stalowy dyfuzor. Drewniany stojak na termos zapewnia Scandi stabilno\u015b\u0107. Ciekawostk\u0105 jest to, \u017ce tak naprawd\u0119 fajki wodne na statywie [\u2026]<\/p>","protected":false},"featured_media":18073,"comment_status":"open","ping_status":"closed","template":"","meta":[],"_links":{"self":[{"href":"https:\/\/hookahshop.lt\/pl\/wp-json\/wp\/v2\/product\/18055"}],"collection":[{"href":"https:\/\/hookahshop.lt\/pl\/wp-json\/wp\/v2\/product"}],"about":[{"href":"https:\/\/hookahshop.lt\/pl\/wp-json\/wp\/v2\/types\/product"}],"replies":[{"embeddable":true,"href":"https:\/\/hookahshop.lt\/pl\/wp-json\/wp\/v2\/comments?post=18055"}],"version-history":[{"count":5,"href":"https:\/\/hookahshop.lt\/pl\/wp-json\/wp\/v2\/product\/18055\/revisions"}],"predecessor-version":[{"id":43762,"href":"https:\/\/hookahshop.lt\/pl\/wp-json\/wp\/v2\/product\/18055\/revisions\/43762"}],"wp:featuredmedia":[{"embeddable":true,"href":"https:\/\/hookahshop.lt\/pl\/wp-json\/wp\/v2\/media\/18073"}],"wp:attachment":[{"href":"https:\/\/hookahshop.lt\/pl\/wp-json\/wp\/v2\/media?parent=18055"}],"curies":[{"name":"wp","href":"https:\/\/api.w.org\/{rel}","templated":true}]}}