{"id":18115,"date":"2021-01-18T18:36:30","date_gmt":"2021-01-18T16:36:30","guid":{"rendered":"https:\/\/hookahshop.lt\/?post_type=product&#038;p=18115"},"modified":"2026-04-14T23:28:48","modified_gmt":"2026-04-14T20:28:48","slug":"kaljanas-honey-sigh-colour-black","status":"publish","type":"product","link":"https:\/\/hookahshop.lt\/pl\/produkt\/szisza-miodowa-westchnienie-kolor-czarny\/","title":{"rendered":"Fajka wodna HONEY SIGH Kolor Czarny"},"content":{"rendered":"<h2>Fajka wodna HONEY SIGH Kolor Czarny<\/h2>\n<p>ma doskona\u0142e w\u0142a\u015bciwo\u015bci u\u017cytkowe i w\u0119dzarnicze. Skuteczne pionowe czyszczenie kolby. Baza acetalowa - trwa\u0142a i stylowa. Czarna ozdoba doskonale uzupe\u0142nia stylizacj\u0119. Wbudowany 5-portowy zaw\u00f3r odpowietrzaj\u0105cy. Klasyczna przyczepno\u015b\u0107 (bez dyfuzora).<\/p>\n<p>Specyfikacja:<br \/>\nCzarny kolor<br \/>\nZ\u0142\u0105cze w\u0119\u017ca: O-ring<br \/>\nWa\u0142: stal nierdzewna<\/p>\n<p>W sk\u0142ad zestawu wchodz\u0105:<br \/>\nFajka wodna - 53cm<br \/>\nUstnik<br \/>\nW\u0105\u017c silikonowy<\/p>\n<p>Czy masz jakie\u015b pytania? Skontaktuj si\u0119 z nami\u00a0<a href=\"https:\/\/hookahshop.lt\/pl\/lacznosc\/\">strona z kontaktami<\/a>\u00a0lub napisz do nas na adres\u00a0<a href=\"https:\/\/facebook.com\/HookahShop.lt\/\" target=\"_blank\" rel=\"noopener noreferrer\">konto na Facebooku<\/a>\u00a0a my odpowiemy na Twoj\u0105 pro\u015bb\u0119 tego samego dnia.<\/p>","protected":false},"excerpt":{"rendered":"<p>Fajka wodna HONEY SIGH Color Black ma doskona\u0142e w\u0142a\u015bciwo\u015bci u\u017cytkowe i dymne. Efektywne pionowe p\u0142ukanie kolby. Podstawa acetalowa - trwa\u0142a i stylowa. Czarne zdobienie doskonale uzupe\u0142nia ca\u0142o\u015b\u0107. Zainstalowany jest 5-drogowy zaw\u00f3r odpowietrzaj\u0105cy. Klasyczna przyczepno\u015b\u0107 (bez dyfuzora). Specyfikacja: Kolor: czarny Przy\u0142\u0105cze w\u0119\u017ca: O-ring Trzon (trzpie\u0144): Stal nierdzewna Zestaw zawiera: Fajk\u0119 wodn\u0105 - 53 cm Ustnik W\u0105\u017c silikonowy Masz pytania? [\u2026]<\/p>","protected":false},"featured_media":18116,"comment_status":"open","ping_status":"closed","template":"","meta":[],"_links":{"self":[{"href":"https:\/\/hookahshop.lt\/pl\/wp-json\/wp\/v2\/product\/18115"}],"collection":[{"href":"https:\/\/hookahshop.lt\/pl\/wp-json\/wp\/v2\/product"}],"about":[{"href":"https:\/\/hookahshop.lt\/pl\/wp-json\/wp\/v2\/types\/product"}],"replies":[{"embeddable":true,"href":"https:\/\/hookahshop.lt\/pl\/wp-json\/wp\/v2\/comments?post=18115"}],"version-history":[{"count":5,"href":"https:\/\/hookahshop.lt\/pl\/wp-json\/wp\/v2\/product\/18115\/revisions"}],"predecessor-version":[{"id":29782,"href":"https:\/\/hookahshop.lt\/pl\/wp-json\/wp\/v2\/product\/18115\/revisions\/29782"}],"wp:featuredmedia":[{"embeddable":true,"href":"https:\/\/hookahshop.lt\/pl\/wp-json\/wp\/v2\/media\/18116"}],"wp:attachment":[{"href":"https:\/\/hookahshop.lt\/pl\/wp-json\/wp\/v2\/media?parent=18115"}],"curies":[{"name":"wp","href":"https:\/\/api.w.org\/{rel}","templated":true}]}}