{"id":18130,"date":"2021-01-18T21:17:36","date_gmt":"2021-01-18T19:17:36","guid":{"rendered":"https:\/\/hookahshop.lt\/?post_type=product&#038;p=18130"},"modified":"2026-04-14T23:28:46","modified_gmt":"2026-04-14T20:28:46","slug":"kaljanas-bigmaks-mini-zero","status":"publish","type":"product","link":"https:\/\/hookahshop.lt\/pl\/produkt\/fajka-wodna-bigmax-mini-zero\/","title":{"rendered":"Fajka wodna BIGMAKS Mini Zero"},"content":{"rendered":"<h2>Fajka wodna BIGMAKS Mini Zero<\/h2>\n<p>Przeznaczone nie tylko na wycieczki i wyj\u015bcia, ale tak\u017ce do u\u017cytku na co dzie\u0144. Nowoczesna mini fajka wodna nie ust\u0119puje wysokiej sziszy pod wzgl\u0119dem w\u0142a\u015bciwo\u015bci palenia, a nawet ma wiele zalet, takich jak: zwarto\u015b\u0107, maksymalna \u0142atwo\u015b\u0107 obs\u0142ugi i przyst\u0119pna cena. System czyszczenia sk\u0142ada si\u0119 z pi\u0119ciu zawor\u00f3w, kt\u00f3re pozwalaj\u0105 jednocze\u015bnie wyczy\u015bci\u0107 kolb\u0119, a tak\u017ce sch\u0142odzi\u0107 zlewk\u0119 bez jej rozlewania. Stosowane s\u0105 ogniwa poliacetalowe. Monta\u017c odbywa si\u0119 za pomoc\u0105 po\u0142\u0105cze\u0144 gwintowych.<\/p>\n<p><strong>Specyfikacja:<\/strong><br \/>\nZ\u0142\u0105cze pier\u015bcienia uszczelniaj\u0105cego: O-ring<br \/>\nDyfuzor: tak<br \/>\nTrakcja: \u0142atwa<br \/>\nMateria\u0142: Stal nierdzewna<br \/>\nWysoko\u015b\u0107 fajki wodnej: 45 cm<br \/>\n\u015arednica talerza: 20 cm<br \/>\nUstnik<br \/>\nW\u0105\u017c silikonowy (mi\u0119kki w dotyku)<br \/>\nKolba (oryginalna Big Max, przezroczysta, szklana)<\/p>\n<p><strong>Ekwipunek:<\/strong><br \/>\nFajka wodna, talerz, ustnik, w\u0105\u017c silikonowy (mi\u0119kki w dotyku), piersi\u00f3wka.<\/p>\n<p>Czy masz jakie\u015b pytania? Skontaktuj si\u0119 z nami\u00a0<a href=\"https:\/\/hookahshop.lt\/pl\/lacznosc\/\">strona z kontaktami<\/a>\u00a0lub napisz do nas na adres\u00a0<a href=\"https:\/\/facebook.com\/HookahShop.lt\/\" target=\"_blank\" rel=\"noopener noreferrer\">konto na Facebooku<\/a>\u00a0a my odpowiemy na Twoj\u0105 pro\u015bb\u0119 tego samego dnia.<\/p>\n<p>&nbsp;<\/p>","protected":false},"excerpt":{"rendered":"<p>Fajka wodna BIGMAKS Mini Zero Przeznaczona nie tylko na wycieczki i wyj\u015bcia, ale tak\u017ce do codziennego u\u017cytku. Nowoczesna mini fajka wodna nie ust\u0119puje wysokiej sziszy pod wzgl\u0119dem w\u0142a\u015bciwo\u015bci palenia, a nawet ma wiele zalet, takich jak: zwarto\u015b\u0107, maksymalna \u0142atwo\u015b\u0107 obs\u0142ugi i przyst\u0119pna cena. System czyszczenia sk\u0142ada si\u0119 z pi\u0119ciu zawor\u00f3w, kt\u00f3re pozwalaj\u0105 jednocze\u015bnie wyczy\u015bci\u0107 kolb\u0119, a tak\u017ce sch\u0142odzi\u0107 zlewk\u0119 bez jej rozlewania. U\u017cywany [\u2026]<\/p>","protected":false},"featured_media":18143,"comment_status":"open","ping_status":"closed","template":"","meta":[],"_links":{"self":[{"href":"https:\/\/hookahshop.lt\/pl\/wp-json\/wp\/v2\/product\/18130"}],"collection":[{"href":"https:\/\/hookahshop.lt\/pl\/wp-json\/wp\/v2\/product"}],"about":[{"href":"https:\/\/hookahshop.lt\/pl\/wp-json\/wp\/v2\/types\/product"}],"replies":[{"embeddable":true,"href":"https:\/\/hookahshop.lt\/pl\/wp-json\/wp\/v2\/comments?post=18130"}],"version-history":[{"count":5,"href":"https:\/\/hookahshop.lt\/pl\/wp-json\/wp\/v2\/product\/18130\/revisions"}],"predecessor-version":[{"id":32427,"href":"https:\/\/hookahshop.lt\/pl\/wp-json\/wp\/v2\/product\/18130\/revisions\/32427"}],"wp:featuredmedia":[{"embeddable":true,"href":"https:\/\/hookahshop.lt\/pl\/wp-json\/wp\/v2\/media\/18143"}],"wp:attachment":[{"href":"https:\/\/hookahshop.lt\/pl\/wp-json\/wp\/v2\/media?parent=18130"}],"curies":[{"name":"wp","href":"https:\/\/api.w.org\/{rel}","templated":true}]}}