{"id":18243,"date":"2021-01-19T17:26:56","date_gmt":"2021-01-19T15:26:56","guid":{"rendered":"https:\/\/hookahshop.lt\/?post_type=product&#038;p=18243"},"modified":"2026-04-14T23:29:18","modified_gmt":"2026-04-14T20:29:18","slug":"taurele-smokelab-evil-moon","status":"publish","type":"product","link":"https:\/\/hookahshop.lt\/pl\/produkt\/glass-smokelab-evil-moon\/","title":{"rendered":"Kubek do fajki wodnej SMOKELAB Evil Moon"},"content":{"rendered":"<h2>Kubek do fajki wodnej SMOKELAB Evil Moon<\/h2>\n<p>Jeden z najpopularniejszych kubk\u00f3w firmy SmokeLab. Kubek Evil Moon jest wykonany z gliny. Dzi\u0119ki p\u0142askiemu dnie i grubym \u015bciankom mieszanka fajki wodnej w tym kubku pali si\u0119 mocniej.<\/p>\n<p>Specyfikacje:<br \/>\nTyp: zab\u00f3jca<br \/>\nMateria\u0142: glina<br \/>\nPojemno\u015b\u0107: 18-25 g.<br \/>\nWysoko\u015b\u0107: 10,1 cm<br \/>\n\u015arednica (zewn\u0119trzna): 7,2 cm<br \/>\n\u015arednica (wewn\u0119trzna): 6,4 cm<br \/>\nG\u0142\u0119boko\u015b\u0107: 1,7 cm<br \/>\nLiczba otwor\u00f3w: 5 szt<br \/>\nWaga: oko\u0142o 174 gram\u00f3w.<br \/>\nKraj pochodzenia: Rosja<\/p>\n<p>Czy masz jakie\u015b pytania? Skontaktuj si\u0119 z nami\u00a0<a href=\"https:\/\/hookahshop.lt\/pl\/lacznosc\/\">strona z kontaktami<\/a>\u00a0lub napisz do nas na adres\u00a0<a href=\"https:\/\/facebook.com\/HookahShop.lt\/\" target=\"_blank\" rel=\"noopener noreferrer\">konto na Facebooku<\/a>\u00a0a my odpowiemy na Twoj\u0105 pro\u015bb\u0119 tego samego dnia.<\/p>","protected":false},"excerpt":{"rendered":"<p>Kubek do fajki wodnej SMOKELAB Evil Moon Jeden z najpopularniejszych kubk\u00f3w firmy SmokeLab. Kubek Z\u0142ego Ksi\u0119\u017cyca wykonany jest z gliny. Dzi\u0119ki p\u0142askiemu dnie i grubym \u015bciankom mieszanka fajki wodnej w tym kubku dymi mocniej. Dane techniczne: Typ: Zab\u00f3jca Materia\u0142: Glina Pojemno\u015b\u0107: 18-25 g. Wysoko\u015b\u0107: 10,1 cm \u015arednica (zewn\u0119trzna): 7,2 cm \u015arednica (wewn\u0119trzna): 6,4 cm G\u0142\u0119boko\u015b\u0107: 1,7 cm Ilo\u015b\u0107 otwor\u00f3w: 5 szt Waga: [\u2026]<\/p>","protected":false},"featured_media":18244,"comment_status":"open","ping_status":"closed","template":"","meta":[],"_links":{"self":[{"href":"https:\/\/hookahshop.lt\/pl\/wp-json\/wp\/v2\/product\/18243"}],"collection":[{"href":"https:\/\/hookahshop.lt\/pl\/wp-json\/wp\/v2\/product"}],"about":[{"href":"https:\/\/hookahshop.lt\/pl\/wp-json\/wp\/v2\/types\/product"}],"replies":[{"embeddable":true,"href":"https:\/\/hookahshop.lt\/pl\/wp-json\/wp\/v2\/comments?post=18243"}],"version-history":[{"count":3,"href":"https:\/\/hookahshop.lt\/pl\/wp-json\/wp\/v2\/product\/18243\/revisions"}],"predecessor-version":[{"id":29286,"href":"https:\/\/hookahshop.lt\/pl\/wp-json\/wp\/v2\/product\/18243\/revisions\/29286"}],"wp:featuredmedia":[{"embeddable":true,"href":"https:\/\/hookahshop.lt\/pl\/wp-json\/wp\/v2\/media\/18244"}],"wp:attachment":[{"href":"https:\/\/hookahshop.lt\/pl\/wp-json\/wp\/v2\/media?parent=18243"}],"curies":[{"name":"wp","href":"https:\/\/api.w.org\/{rel}","templated":true}]}}