{"id":18373,"date":"2021-01-21T13:54:31","date_gmt":"2021-01-21T11:54:31","guid":{"rendered":"https:\/\/hookahshop.lt\/?post_type=product&#038;p=18373"},"modified":"2026-04-19T23:29:21","modified_gmt":"2026-04-19T20:29:21","slug":"taurele-kaljanui-obalako-phunnel-l-black-cosmos","status":"publish","type":"product","link":"https:\/\/hookahshop.lt\/pl\/produkt\/kubek-szisza-obalako-phunnel-l-czarny-kosmos\/","title":{"rendered":"Kubek do fajki wodnej OBALAKO Phunnel L Black Cosmos"},"content":{"rendered":"<h2>Kubek do fajki wodnej OBALAKO Phunnel L Black Cosmos<\/h2>\n<p>Szkliwione do codziennego palenia, idealne do tytoni lekkich i ci\u0119\u017ckich!<br \/>\nKubeczek pokryty jest szkliwem, dzi\u0119ki czemu przez d\u0142ugi czas mo\u017ce zachowa\u0107 swoje pierwotne w\u0142a\u015bciwo\u015bci i wygl\u0105d. OBLAKO u\u017cywa tylko przyjaznej dla cz\u0142owieka glazury spo\u017cywczej opracowanej przez partner\u00f3w w wyspecjalizowanych laboratoriach zlokalizowanych w Gzhelskoye, jednym z tradycyjnych o\u015brodk\u00f3w produkcji ceramiki w Rosji.<br \/>\nKubek tytoniu mie\u015bci 20\u201323 g.<\/p>\n<p>Specyfikacje:<br \/>\nWysoko\u015b\u0107: 118mm<br \/>\n\u015arednica (zewn\u0119trzna): 74 mm<br \/>\n\u015arednica (wewn\u0119trzna): 68mm<br \/>\nG\u0142\u0119boko\u015b\u0107: 12mm<br \/>\n\u015arednica otworu: 12mm<br \/>\nLiczba otwor\u00f3w: 1<br \/>\nWaga: oko\u0142o 182g.<\/p>\n<p>Czy masz jakie\u015b pytania? Skontaktuj si\u0119 z nami\u00a0<a href=\"https:\/\/hookahshop.lt\/pl\/lacznosc\/\">strona z kontaktami<\/a>\u00a0lub napisz do nas na adres\u00a0<a href=\"https:\/\/facebook.com\/HookahShop.lt\/\" target=\"_blank\" rel=\"noopener noreferrer\">konto na Facebooku<\/a>\u00a0a my odpowiemy na Twoj\u0105 pro\u015bb\u0119 tego samego dnia.<\/p>","protected":false},"excerpt":{"rendered":"<p>Fili\u017canka do fajki wodnej OBALAKO Phunnel L Black Cosmos Glazed, przeznaczona do codziennego palenia, idealna do lekkich i ci\u0119\u017ckich tytoni! Fili\u017canka pokryta jest szkliwem, dzi\u0119ki czemu przez d\u0142ugi czas zachowuje swoje pierwotne w\u0142a\u015bciwo\u015bci i wygl\u0105d. OBLAKO wykorzystuje wy\u0142\u0105cznie jadalne szkliwo bezpieczne dla cz\u0142owieka, opracowane przez partner\u00f3w w wyspecjalizowanych laboratoriach zlokalizowanych w G\u017celskoje, jednym z tradycyjnych o\u015brodk\u00f3w rosyjskiej produkcji ceramiki. Kieliszek tytoniu [\u2026]<\/p>","protected":false},"featured_media":21248,"comment_status":"open","ping_status":"closed","template":"","meta":[],"_links":{"self":[{"href":"https:\/\/hookahshop.lt\/pl\/wp-json\/wp\/v2\/product\/18373"}],"collection":[{"href":"https:\/\/hookahshop.lt\/pl\/wp-json\/wp\/v2\/product"}],"about":[{"href":"https:\/\/hookahshop.lt\/pl\/wp-json\/wp\/v2\/types\/product"}],"replies":[{"embeddable":true,"href":"https:\/\/hookahshop.lt\/pl\/wp-json\/wp\/v2\/comments?post=18373"}],"version-history":[{"count":7,"href":"https:\/\/hookahshop.lt\/pl\/wp-json\/wp\/v2\/product\/18373\/revisions"}],"predecessor-version":[{"id":40432,"href":"https:\/\/hookahshop.lt\/pl\/wp-json\/wp\/v2\/product\/18373\/revisions\/40432"}],"wp:featuredmedia":[{"embeddable":true,"href":"https:\/\/hookahshop.lt\/pl\/wp-json\/wp\/v2\/media\/21248"}],"wp:attachment":[{"href":"https:\/\/hookahshop.lt\/pl\/wp-json\/wp\/v2\/media?parent=18373"}],"curies":[{"name":"wp","href":"https:\/\/api.w.org\/{rel}","templated":true}]}}