{"id":18382,"date":"2021-01-21T14:27:47","date_gmt":"2021-01-21T12:27:47","guid":{"rendered":"https:\/\/hookahshop.lt\/?post_type=product&#038;p=18382"},"modified":"2026-04-15T12:29:19","modified_gmt":"2026-04-15T09:29:19","slug":"taurele-kaljanui-oblako-phunnel-l-glazed-marble-black","status":"publish","type":"product","link":"https:\/\/hookahshop.lt\/pl\/produkt\/kubek-szisza-oblako-lejek-l-szkliwiony-marmur-czarny\/","title":{"rendered":"Kubek do fajki wodnej OBLAKO Phunnel L Marmur szkliwiony Czarny"},"content":{"rendered":"<h2>Kubek do fajki wodnej OBLAKO Phunnel L Marmur szkliwiony Czarny<\/h2>\n<p>Jest szkliwiony do codziennego palenia, idealny zar\u00f3wno do lekkich jak i ci\u0119\u017ckich tytoni!<\/p>\n<p>Kubek pokryty jest szkliwem, dzi\u0119ki czemu zachowuje swoje pierwotne w\u0142a\u015bciwo\u015bci i wygl\u0105d przez d\u0142ugi czas. OBLAKO u\u017cywa wy\u0142\u0105cznie przyjaznej dla cz\u0142owieka glazury spo\u017cywczej opracowanej przez partner\u00f3w w wyspecjalizowanych laboratoriach zlokalizowanych w Gzhelskoye, jednym z tradycyjnych o\u015brodk\u00f3w produkcji ceramiki w Rosji.<\/p>\n<p>Kubek tytoniu mie\u015bci od 20 do 23 gram\u00f3w.<\/p>\n<p>Specyfikacje:<br \/>\nWysoko\u015b\u0107: 118mm<br \/>\n\u015arednica (zewn\u0119trzna): 74 mm<br \/>\n\u015arednica (wewn\u0119trzna): 68mm<br \/>\nG\u0142\u0119boko\u015b\u0107: 12mm<br \/>\n\u015arednica otworu: 12mm<br \/>\nLiczba otwor\u00f3w: 1<br \/>\nWaga: oko\u0142o 182 gram\u00f3w<\/p>\n<p>Czy masz jakie\u015b pytania? Skontaktuj si\u0119 z nami\u00a0<a href=\"https:\/\/hookahshop.lt\/pl\/lacznosc\/\">strona z kontaktami<\/a>\u00a0lub napisz do nas na adres\u00a0<a href=\"https:\/\/facebook.com\/HookahShop.lt\/\" target=\"_blank\" rel=\"noopener noreferrer\">konto na Facebooku<\/a>\u00a0a my odpowiemy na Twoj\u0105 pro\u015bb\u0119 tego samego dnia.<\/p>","protected":false},"excerpt":{"rendered":"<p>Cybuch do fajki wodnej OBLAKO Phunnel L Glazed Marble Black Jest szkliwiony, przeznaczony do codziennego palenia, idealny do lekkich i ci\u0119\u017ckich tytoni! Cybuch pokryty jest szkliwem, dzi\u0119ki czemu mo\u017ce zachowa\u0107 swoje oryginalne w\u0142a\u015bciwo\u015bci i wygl\u0105d przez d\u0142ugi czas. OBLAKO u\u017cywa wy\u0142\u0105cznie szkliwa spo\u017cywczego, nieszkodliwego dla cz\u0142owieka, kt\u00f3re zosta\u0142o opracowane przez partner\u00f3w w specjalistycznych laboratoriach zlokalizowanych w jednym z tradycyjnych o\u015brodk\u00f3w rosyjskiej produkcji ceramiki [\u2026]<\/p>","protected":false},"featured_media":21250,"comment_status":"open","ping_status":"closed","template":"","meta":[],"_links":{"self":[{"href":"https:\/\/hookahshop.lt\/pl\/wp-json\/wp\/v2\/product\/18382"}],"collection":[{"href":"https:\/\/hookahshop.lt\/pl\/wp-json\/wp\/v2\/product"}],"about":[{"href":"https:\/\/hookahshop.lt\/pl\/wp-json\/wp\/v2\/types\/product"}],"replies":[{"embeddable":true,"href":"https:\/\/hookahshop.lt\/pl\/wp-json\/wp\/v2\/comments?post=18382"}],"version-history":[{"count":5,"href":"https:\/\/hookahshop.lt\/pl\/wp-json\/wp\/v2\/product\/18382\/revisions"}],"predecessor-version":[{"id":41055,"href":"https:\/\/hookahshop.lt\/pl\/wp-json\/wp\/v2\/product\/18382\/revisions\/41055"}],"wp:featuredmedia":[{"embeddable":true,"href":"https:\/\/hookahshop.lt\/pl\/wp-json\/wp\/v2\/media\/21250"}],"wp:attachment":[{"href":"https:\/\/hookahshop.lt\/pl\/wp-json\/wp\/v2\/media?parent=18382"}],"curies":[{"name":"wp","href":"https:\/\/api.w.org\/{rel}","templated":true}]}}