{"id":18410,"date":"2021-01-26T16:37:27","date_gmt":"2021-01-26T14:37:27","guid":{"rendered":"https:\/\/hookahshop.lt\/?post_type=product&#038;p=18410"},"modified":"2026-04-17T16:32:55","modified_gmt":"2026-04-17T13:32:55","slug":"kaljanas-dsh-nice-black","status":"publish","type":"product","link":"https:\/\/hookahshop.lt\/pl\/produkt\/hookah-dsh-nice-black\/","title":{"rendered":"Fajka wodna DSH Nice Black"},"content":{"rendered":"<h2>Fajka wodna DSH Nice Black<\/h2>\n<p>DSH Nice Black to szlachetna fajka wodna rosyjskiego producenta DSH. Fajka wodna wykonana jest wy\u0142\u0105cznie z wysokiej jako\u015bci stali nierdzewnej. Fajka wodna, jak wi\u0119kszo\u015b\u0107 rosyjskich fajek wodnych, ze z\u0142\u0105czem z przek\u0142adk\u0105, kt\u00f3ra oferuje wiele opcji kubk\u00f3w i wariant\u00f3w kolorystycznych. Wewn\u0105trz DSH Nice Black jest wykonany ze stali nierdzewnej. Fajka wodna ma przy\u0142\u0105cze w\u0119\u017ca z wyci\u0119ciem i zaw\u00f3r wydmuchowy, kt\u00f3ry jest idealnie zintegrowany z podstaw\u0105 fajki wodnej. Podsumowuj\u0105c, DSH Nice Black Shisha to bardzo prosta, ale wysokiej jako\u015bci rosyjska fajka wodna, kt\u00f3ra uszcz\u0119\u015bliwi ka\u017cdego mi\u0142o\u015bnika fajki wodnej. DSH Nice Black charakteryzuje si\u0119 unikalnym designem, najlepszymi materia\u0142ami oraz dobrymi w\u0142a\u015bciwo\u015bciami palenia. Zanurz si\u0119 w nieopisanym \u015bwiecie rosyjskiej fajki wodnej i ciesz si\u0119 wspania\u0142ymi wieczorami fajki wodnej z przyjaci\u00f3\u0142mi przy fajce wodnej DSH.<\/p>\n<p>DSH \u0141adna czer\u0144<br \/>\nP\u0142yta karbonowa<br \/>\nMediator<br \/>\nTrzon<br \/>\nPodstawa (z zamkiem)<br \/>\nAdapter w\u0119\u017ca<br \/>\nWysadzi\u0107 zaw\u00f3r<br \/>\nRegulowany dyfuzor<br \/>\nUstnik<br \/>\nSzklana kolba<br \/>\nKula zaworu<\/p>\n<p>Specyfikacja techniczna:<br \/>\nWysoko\u015b\u0107 ca\u0142kowita: oko\u0142o 54 cm<br \/>\n\u015arednica kolby: oko\u0142o 4,5 cm<br \/>\nWysoko\u015b\u0107 kolby: oko\u0142o 27 cm<br \/>\nMateria\u0142: stal nierdzewna, tworzywo sztuczne<br \/>\nWyprodukowane w Rosji<\/p>\n<p>Czy masz jakie\u015b pytania? Skontaktuj si\u0119 z nami\u00a0<a href=\"https:\/\/hookahshop.lt\/pl\/lacznosc\/\">strona z kontaktami<\/a>\u00a0lub napisz do nas na adres\u00a0<a href=\"https:\/\/facebook.com\/HookahShop.lt\/\" target=\"_blank\" rel=\"noopener noreferrer\">konto na Facebooku<\/a> a my odpowiemy na Twoj\u0105 pro\u015bb\u0119 tego samego dnia.<\/p>","protected":false},"excerpt":{"rendered":"<p>Hookah DSH Nice Black \u201eDSH Nice Black\u201d to szlachetna hookah rosyjskiego producenta \u201eDSH\u201d. Hookah jest wykonana wy\u0142\u0105cznie z wysokiej jako\u015bci stali nierdzewnej. Hookah, podobnie jak wi\u0119kszo\u015b\u0107 rosyjskich hookah, ma przy\u0142\u0105cze z uszczelk\u0105, kt\u00f3re oferuje wiele opcji kubk\u00f3w i wariant\u00f3w kolorystycznych. Wewn\u0105trz \u201eDSH Nice Black\u201d jest wykonana z nierdzewnej stali nierdzewnej. Hookah ma przy\u0142\u0105cze w\u0119\u017ca z wyci\u0119ciem [...]<\/p>","protected":false},"featured_media":18504,"comment_status":"open","ping_status":"closed","template":"","meta":[],"_links":{"self":[{"href":"https:\/\/hookahshop.lt\/pl\/wp-json\/wp\/v2\/product\/18410"}],"collection":[{"href":"https:\/\/hookahshop.lt\/pl\/wp-json\/wp\/v2\/product"}],"about":[{"href":"https:\/\/hookahshop.lt\/pl\/wp-json\/wp\/v2\/types\/product"}],"replies":[{"embeddable":true,"href":"https:\/\/hookahshop.lt\/pl\/wp-json\/wp\/v2\/comments?post=18410"}],"version-history":[{"count":3,"href":"https:\/\/hookahshop.lt\/pl\/wp-json\/wp\/v2\/product\/18410\/revisions"}],"predecessor-version":[{"id":22676,"href":"https:\/\/hookahshop.lt\/pl\/wp-json\/wp\/v2\/product\/18410\/revisions\/22676"}],"wp:featuredmedia":[{"embeddable":true,"href":"https:\/\/hookahshop.lt\/pl\/wp-json\/wp\/v2\/media\/18504"}],"wp:attachment":[{"href":"https:\/\/hookahshop.lt\/pl\/wp-json\/wp\/v2\/media?parent=18410"}],"curies":[{"name":"wp","href":"https:\/\/api.w.org\/{rel}","templated":true}]}}