{"id":18491,"date":"2021-01-26T16:13:01","date_gmt":"2021-01-26T14:13:01","guid":{"rendered":"https:\/\/hookahshop.lt\/?post_type=product&#038;p=18491"},"modified":"2026-04-15T23:29:07","modified_gmt":"2026-04-15T20:29:07","slug":"sirupo-gaudykle-blade-hookah-black","status":"publish","type":"product","link":"https:\/\/hookahshop.lt\/pl\/produkt\/syrop-pulapka-ostrze-szisza-czarna\/","title":{"rendered":"Syfon BLADE HOOKAH Czarny"},"content":{"rendered":"<h2>Syfon BLADE HOOKAH Czarny<\/h2>\n<p>Jest niezb\u0119dnym dodatkiem do ka\u017cdej fajki wodnej oraz w domu.<br \/>\nZapobiega przedostawaniu si\u0119 li\u015bci tytoniu i syropu do kolby i trzonu fajki wodnej. Zapobiega \u017c\u00f3\u0142kni\u0119ciu w flakonie, co jest szczeg\u00f3lnie wa\u017cne podczas serwowania fajki wodnej w fajce wodnej na stole. Teraz nie musisz my\u0107 fajki wodnej za ka\u017cdym razem, gdy zmieniasz fili\u017cank\u0119, aby usun\u0105\u0107 z dna syrop i li\u015bcie tytoniu.<br \/>\nBlade Hookah przyj\u0119\u0142o najlepsze praktyki i do\u015bwiadczenie w tym kierunku, dzi\u0119ki czemu szersze otwory konstrukcji s\u0105 przemy\u015blane podczas produkcji - bez utraty dost\u0119pnej przyczepno\u015bci. Zwi\u0119kszona obj\u0119to\u015b\u0107 &quot;miski&quot; - teraz starczy Ci na d\u0142u\u017cej. Wewn\u0119trzny kana\u0142 wykonany jest z aluminium, nie poch\u0142ania zapach\u00f3w i nie kurczy si\u0119 w przeciwie\u0144stwie do silikonu.<\/p>\n<p>Specyfikacje:<br \/>\nWysoko\u015b\u0107: 70mm<br \/>\n\u015arednica (zewn\u0119trzna): 50 mm<br \/>\n\u015arednica (wewn\u0119trzna): 23 mm<br \/>\nWaga: oko\u0142o 100 gr<\/p>\n<p>Czy masz jakie\u015b pytania? Skontaktuj si\u0119 z nami\u00a0<a href=\"https:\/\/hookahshop.lt\/pl\/lacznosc\/\">strona z kontaktami<\/a>\u00a0lub napisz do nas na adres\u00a0<a href=\"https:\/\/facebook.com\/HookahShop.lt\/\" target=\"_blank\" rel=\"noopener noreferrer\">konto na Facebooku<\/a>\u00a0a my odpowiemy na Twoj\u0105 pro\u015bb\u0119 tego samego dnia.<\/p>","protected":false},"excerpt":{"rendered":"<p>Pu\u0142apka na syrop BLADE HOOKAH Czarna Jest niezb\u0119dnym dodatkiem do ka\u017cdej fajki wodnej oraz w domu. Zapobiega przedostawaniu si\u0119 li\u015bci tytoniu i syropu do kolby i trzonka fajki wodnej. Zapobiega \u017c\u00f3\u0142kni\u0119ciu kolby, co jest szczeg\u00f3lnie wa\u017cne podczas serwowania fajki wodnej w fajce wodnej na stole. Teraz nie musisz my\u0107 fajki wodnej przy ka\u017cdej zmianie kubka, aby usun\u0105\u0107 z dna syrop i li\u015bcie tytoniu. Fajka z ostrzem [\u2026]<\/p>","protected":false},"featured_media":18492,"comment_status":"open","ping_status":"closed","template":"","meta":[],"_links":{"self":[{"href":"https:\/\/hookahshop.lt\/pl\/wp-json\/wp\/v2\/product\/18491"}],"collection":[{"href":"https:\/\/hookahshop.lt\/pl\/wp-json\/wp\/v2\/product"}],"about":[{"href":"https:\/\/hookahshop.lt\/pl\/wp-json\/wp\/v2\/types\/product"}],"replies":[{"embeddable":true,"href":"https:\/\/hookahshop.lt\/pl\/wp-json\/wp\/v2\/comments?post=18491"}],"version-history":[{"count":7,"href":"https:\/\/hookahshop.lt\/pl\/wp-json\/wp\/v2\/product\/18491\/revisions"}],"predecessor-version":[{"id":42586,"href":"https:\/\/hookahshop.lt\/pl\/wp-json\/wp\/v2\/product\/18491\/revisions\/42586"}],"wp:featuredmedia":[{"embeddable":true,"href":"https:\/\/hookahshop.lt\/pl\/wp-json\/wp\/v2\/media\/18492"}],"wp:attachment":[{"href":"https:\/\/hookahshop.lt\/pl\/wp-json\/wp\/v2\/media?parent=18491"}],"curies":[{"name":"wp","href":"https:\/\/api.w.org\/{rel}","templated":true}]}}