{"id":18555,"date":"2021-01-28T20:52:46","date_gmt":"2021-01-28T18:52:46","guid":{"rendered":"https:\/\/hookahshop.lt\/?post_type=product&#038;p=18555"},"modified":"2026-04-22T23:28:55","modified_gmt":"2026-04-22T20:28:55","slug":"kaljanas-amy-deluxe-116-03-juodas-su-krepsiu","status":"publish","type":"product","link":"https:\/\/hookahshop.lt\/pl\/produkt\/szisza-amy-deluxe-116-03-czarna-z-koszem\/","title":{"rendered":"Fajka wodna AMY DELUXE 116-03 z torb\u0105"},"content":{"rendered":"<h2>Fajka wodna AMY DELUXE 116-03 z torb\u0105<\/h2>\n<p>\u015awietna fajka wodna nie tylko na wycieczki i wypady, ale r\u00f3wnie\u017c do codziennego u\u017cytku. Nowoczesna mini fajka wodna nie ust\u0119puje wysokiej fajce wodnej pod wzgl\u0119dem w\u0142a\u015bciwo\u015bci palenia, a nawet ma wiele zalet, takich jak: zwarto\u015b\u0107, maksimum, \u0142atwo\u015b\u0107 u\u017cycia.<\/p>\n<p><strong>Specyfikacja:<\/strong><br \/>\nTrakcja: klasyczna<br \/>\nDizuforius: Brak<br \/>\nZ\u0142\u0105cze: magnetyczne<\/p>\n<p><strong>Ekwipunek:<\/strong><br \/>\nKolba<br \/>\nTorba<br \/>\nPuchar<br \/>\nKomin<br \/>\nWa\u0142 (trzpie\u0144) wykonany jest z aluminium<br \/>\nW\u0105\u017c silikonowy<br \/>\nUchwyt na w\u0105\u017c<br \/>\nUstnik (aluminium)<br \/>\nTalerz<br \/>\nSzczypce<\/p>\n<p>Czy masz jakie\u015b pytania? Skontaktuj si\u0119 z nami\u00a0<a href=\"https:\/\/hookahshop.lt\/pl\/lacznosc\/\">strona z kontaktami<\/a>\u00a0lub napisz do nas na adres\u00a0<a href=\"https:\/\/facebook.com\/HookahShop.lt\/\" target=\"_blank\" rel=\"noopener noreferrer\">konto na Facebooku<\/a>\u00a0a my odpowiemy na Twoj\u0105 pro\u015bb\u0119 tego samego dnia.<\/p>","protected":false},"excerpt":{"rendered":"<p>Fajka wodna AMY DELUXE 116-03 z torb\u0105 Doskona\u0142a fajka wodna nie tylko na wycieczki i wyj\u015bcia, ale tak\u017ce do codziennego u\u017cytku. Nowoczesna mini szisza nie ust\u0119puje wysokiej sziszy pod wzgl\u0119dem w\u0142a\u015bciwo\u015bci palenia, a nawet ma wiele zalet, takich jak: zwarto\u015b\u0107, maksimum, \u0142atwo\u015b\u0107 u\u017cycia. Specyfikacja: Trakcja: Klasyczny Dyfuzor: Brak Z\u0142\u0105cze: Magnetyczne Kompletny zestaw: Kolba Torba Kubek Kubek Komin Trzpie\u0144 (trzpie\u0144) wykonany z aluminium W\u0105\u017c silikonowy [\u2026]<\/p>","protected":false},"featured_media":18557,"comment_status":"open","ping_status":"closed","template":"","meta":[],"_links":{"self":[{"href":"https:\/\/hookahshop.lt\/pl\/wp-json\/wp\/v2\/product\/18555"}],"collection":[{"href":"https:\/\/hookahshop.lt\/pl\/wp-json\/wp\/v2\/product"}],"about":[{"href":"https:\/\/hookahshop.lt\/pl\/wp-json\/wp\/v2\/types\/product"}],"replies":[{"embeddable":true,"href":"https:\/\/hookahshop.lt\/pl\/wp-json\/wp\/v2\/comments?post=18555"}],"version-history":[{"count":5,"href":"https:\/\/hookahshop.lt\/pl\/wp-json\/wp\/v2\/product\/18555\/revisions"}],"predecessor-version":[{"id":26172,"href":"https:\/\/hookahshop.lt\/pl\/wp-json\/wp\/v2\/product\/18555\/revisions\/26172"}],"wp:featuredmedia":[{"embeddable":true,"href":"https:\/\/hookahshop.lt\/pl\/wp-json\/wp\/v2\/media\/18557"}],"wp:attachment":[{"href":"https:\/\/hookahshop.lt\/pl\/wp-json\/wp\/v2\/media?parent=18555"}],"curies":[{"name":"wp","href":"https:\/\/api.w.org\/{rel}","templated":true}]}}