{"id":18561,"date":"2021-01-28T21:53:07","date_gmt":"2021-01-28T19:53:07","guid":{"rendered":"https:\/\/hookahshop.lt\/?post_type=product&#038;p=18561"},"modified":"2026-04-26T23:29:30","modified_gmt":"2026-04-26T20:29:30","slug":"naturaliu-angliuku-uzkuriklis-caesar","status":"publish","type":"product","link":"https:\/\/hookahshop.lt\/pl\/produkt\/cezar-o-zaplonie-naturalnym-weglem\/","title":{"rendered":"Naturalny zapalnik w\u0119glowy CAESAR"},"content":{"rendered":"<h2>Naturalny zapalnik w\u0119glowy CAESAR<\/h2>\n<p>Pomo\u017ce Ci wygodnie podgrza\u0107 w\u0119giel do fajki wodnej, bezpieczniejszy ni\u017c inne urz\u0105dzenia grzewcze i ekonomiczny dzi\u0119ki mocy 800 W. Kompaktowy i \u0142atwy w transporcie.<br \/>\nMie\u015bci do 5-6 w\u0119gli o wielko\u015bci do 26 mm. W\u0119gle rozgrzewaj\u0105 si\u0119 \u015brednio w ci\u0105gu 10-12 minut.<\/p>\n<p><strong>Dane techniczne:<\/strong><br \/>\nTermostat: Tak<br \/>\nMoc: 800 W<br \/>\nNapi\u0119cie: 220 V<br \/>\nCz\u0119stotliwo\u015b\u0107: 50 Hz<\/p>\n<p>Wymiary 18 \u00d7 14 \u00d7 10 cm<br \/>\nRozmiar talerza: ~16,5 x 3 cm<br \/>\nCzarny kolor<\/p>\n<p>Czy masz jakie\u015b pytania? Skontaktuj si\u0119 z nami <a href=\"https:\/\/hookahshop.lt\/pl\/lacznosc\/\">strona z kontaktami<\/a>\u00a0lub napisz do nas na adres\u00a0<a href=\"https:\/\/facebook.com\/HookahShop.lt\/\" target=\"_blank\" rel=\"noopener noreferrer\">konto na Facebooku<\/a>\u00a0a my odpowiemy na Twoj\u0105 pro\u015bb\u0119 tego samego dnia.<\/p>","protected":false},"excerpt":{"rendered":"<p>Zapalniczka na w\u0119giel naturalny CAESAR Pomo\u017ce Ci wygodnie podgrza\u0107 w\u0119giel do fajki wodnej, bezpieczniej ni\u017c inne urz\u0105dzenia grzewcze i oszcz\u0119dnie dzi\u0119ki mocy 800W. Kompaktowy i \u0142atwy w transporcie. Mie\u015bci do 5-6 w\u0119gli o \u015brednicy do 26 mm. W\u0119gle nagrzewaj\u0105 si\u0119 \u015brednio w ci\u0105gu 10-12 minut. Dane techniczne: Termostat: Tak Moc: 800 W Napi\u0119cie: 220V Cz\u0119stotliwo\u015b\u0107: 50 Hz Wymiary 18 \u00d7 14 [\u2026]<\/p>","protected":false},"featured_media":21706,"comment_status":"open","ping_status":"closed","template":"","meta":[],"_links":{"self":[{"href":"https:\/\/hookahshop.lt\/pl\/wp-json\/wp\/v2\/product\/18561"}],"collection":[{"href":"https:\/\/hookahshop.lt\/pl\/wp-json\/wp\/v2\/product"}],"about":[{"href":"https:\/\/hookahshop.lt\/pl\/wp-json\/wp\/v2\/types\/product"}],"replies":[{"embeddable":true,"href":"https:\/\/hookahshop.lt\/pl\/wp-json\/wp\/v2\/comments?post=18561"}],"version-history":[{"count":5,"href":"https:\/\/hookahshop.lt\/pl\/wp-json\/wp\/v2\/product\/18561\/revisions"}],"predecessor-version":[{"id":44494,"href":"https:\/\/hookahshop.lt\/pl\/wp-json\/wp\/v2\/product\/18561\/revisions\/44494"}],"wp:featuredmedia":[{"embeddable":true,"href":"https:\/\/hookahshop.lt\/pl\/wp-json\/wp\/v2\/media\/21706"}],"wp:attachment":[{"href":"https:\/\/hookahshop.lt\/pl\/wp-json\/wp\/v2\/media?parent=18561"}],"curies":[{"name":"wp","href":"https:\/\/api.w.org\/{rel}","templated":true}]}}