{"id":18574,"date":"2021-01-28T22:53:54","date_gmt":"2021-01-28T20:53:54","guid":{"rendered":"https:\/\/hookahshop.lt\/?post_type=product&#038;p=18574"},"modified":"2026-04-15T23:28:42","modified_gmt":"2026-04-15T20:28:42","slug":"kaljanas-aeon-vyro-one-carbon-gold","status":"publish","type":"product","link":"https:\/\/hookahshop.lt\/pl\/produkt\/hookah-aeon-viro-one-carbon-gold\/","title":{"rendered":"Fajka wodna AEON MEN One Carbon Gold V2"},"content":{"rendered":"<h2>Fajka wodna Aeon VYRO One Carbon Gold V2<\/h2>\n<p>Najwy\u017cszej jako\u015bci przeno\u015bna fajka wodna ze stali nierdzewnej i w\u0142\u00f3kna w\u0119glowego przeznaczona do u\u017cytku nie tylko w podr\u00f3\u017cy, ale tak\u017ce w domu. To jedna z lepszych przeno\u015bnych fajki wodnej na rynku. Dzi\u0119ki wyj\u0105tkowej konstrukcji posiada nisko po\u0142o\u017cony \u015brodek ci\u0119\u017cko\u015bci, dzi\u0119ki czemu jest stabilny.<\/p>\n<p><strong>Specyfikacje:<\/strong><\/p>\n<p>Wysoko\u015b\u0107: 15 cm<br \/>\n\u015arednica: 8 cm<br \/>\nWaga: 1,3 kg<br \/>\nMateria\u0142: najwy\u017cszej jako\u015bci stal nierdzewna i w\u0142\u00f3kno w\u0119glowe<br \/>\nKraj pochodzenia: Niemcy<\/p>\n<p><strong>Zestaw nie zawiera: w\u0119\u017ca i ustnika.\u00a0<\/strong><\/p>\n<p>Czy masz jakie\u015b pytania? Skontaktuj si\u0119 z nami\u00a0<a href=\"https:\/\/hookahshop.lt\/pl\/lacznosc\/\">strona z kontaktami<\/a>\u00a0lub napisz do nas na adres\u00a0<a href=\"https:\/\/facebook.com\/HookahShop.lt\/\" target=\"_blank\" rel=\"noopener noreferrer\">konto na Facebooku<\/a>\u00a0a my odpowiemy na Twoj\u0105 pro\u015bb\u0119 tego samego dnia.<\/p>","protected":false},"excerpt":{"rendered":"<p>Szisza wodna Aeon VYRO One Carbon Gold V2 Najwy\u017cszej jako\u015bci szisza przeno\u015bna ze stali nierdzewnej i w\u0142\u00f3kna w\u0119glowego przeznaczona jest do u\u017cytku nie tylko na wyjazdach, ale tak\u017ce w domu. Jest to jedna z lepszych przeno\u015bnych fajek wodnych dost\u0119pnych na rynku. Dzi\u0119ki swojej unikalnej konstrukcji ma nisko po\u0142o\u017cony \u015brodek ci\u0119\u017cko\u015bci, co zapewnia stabilno\u015b\u0107. Dane techniczne: Wysoko\u015b\u0107: 15 cm \u015arednica: 8 cm Waga: 1,3 kg [\u2026]<\/p>","protected":false},"featured_media":18575,"comment_status":"open","ping_status":"closed","template":"","meta":[],"_links":{"self":[{"href":"https:\/\/hookahshop.lt\/pl\/wp-json\/wp\/v2\/product\/18574"}],"collection":[{"href":"https:\/\/hookahshop.lt\/pl\/wp-json\/wp\/v2\/product"}],"about":[{"href":"https:\/\/hookahshop.lt\/pl\/wp-json\/wp\/v2\/types\/product"}],"replies":[{"embeddable":true,"href":"https:\/\/hookahshop.lt\/pl\/wp-json\/wp\/v2\/comments?post=18574"}],"version-history":[{"count":6,"href":"https:\/\/hookahshop.lt\/pl\/wp-json\/wp\/v2\/product\/18574\/revisions"}],"predecessor-version":[{"id":44537,"href":"https:\/\/hookahshop.lt\/pl\/wp-json\/wp\/v2\/product\/18574\/revisions\/44537"}],"wp:featuredmedia":[{"embeddable":true,"href":"https:\/\/hookahshop.lt\/pl\/wp-json\/wp\/v2\/media\/18575"}],"wp:attachment":[{"href":"https:\/\/hookahshop.lt\/pl\/wp-json\/wp\/v2\/media?parent=18574"}],"curies":[{"name":"wp","href":"https:\/\/api.w.org\/{rel}","templated":true}]}}