{"id":18586,"date":"2021-01-28T23:44:41","date_gmt":"2021-01-28T21:44:41","guid":{"rendered":"https:\/\/hookahshop.lt\/?post_type=product&#038;p=18586"},"modified":"2026-04-17T23:29:43","modified_gmt":"2026-04-17T20:29:43","slug":"znyples-kaljano-anglims-target-skull","status":"publish","type":"product","link":"https:\/\/hookahshop.lt\/pl\/produkt\/fajka-wodna-wegiel-docelowy-czaszka\/","title":{"rendered":"Szczypce do fajki wodnej TARGET Skull"},"content":{"rendered":"<p><strong>Szczypce do fajki wodnej TARGET Skull<\/strong><\/p>\n<p>Egzotyczny i innowacyjny design zapewnia r\u00f3\u017cnorodno\u015b\u0107 szczypiec w domu. Grubo\u015b\u0107 i materia\u0142 szczypiec zosta\u0142y r\u00f3wnie\u017c celowo dobrane, aby zapewni\u0107 maksymaln\u0105 stabilno\u015b\u0107. Jest to r\u00f3wnie\u017c zauwa\u017calne podczas obs\u0142ugi szczypiec, kt\u00f3re musz\u0105 by\u0107 obs\u0142ugiwane z wi\u0119ksz\u0105 si\u0142\u0105 ni\u017c konwencjonalne szczypce do w\u0119gla.<\/p>\n<p><strong>Specyfikacje:<\/strong><br \/>\nD\u0142ugo\u015b\u0107: 23 cm<br \/>\nMateria\u0142: Stal nierdzewna<br \/>\nKraj producenta: Rosja<\/p>\n<p>&nbsp;<\/p>\n<p>Czy masz jakie\u015b pytania? Skontaktuj si\u0119 z nami\u00a0<a href=\"https:\/\/hookahshop.lt\/pl\/lacznosc\/\">strona z kontaktami<\/a>\u00a0lub napisz do nas na adres\u00a0<a href=\"https:\/\/facebook.com\/HookahShop.lt\/\" target=\"_blank\" rel=\"noopener noreferrer\">konto na Facebooku<\/a>\u00a0a my odpowiemy na Twoj\u0105 pro\u015bb\u0119 tego samego dnia.<\/p>","protected":false},"excerpt":{"rendered":"<p>Szczypce do w\u0119gli do fajki wodnej TARGET Skull Egzotyczny i innowacyjny design zapewnia r\u00f3\u017cnorodno\u015b\u0107 asortymentu szczypiec w domu. Grubo\u015b\u0107 i materia\u0142 szczypiec r\u00f3wnie\u017c zosta\u0142y celowo dobrane, aby zapewni\u0107 maksymaln\u0105 stabilno\u015b\u0107. Jest to zauwa\u017calne r\u00f3wnie\u017c podczas obs\u0142ugi szczypiec, kt\u00f3re nale\u017cy operowa\u0107 z wi\u0119ksz\u0105 si\u0142\u0105 ni\u017c konwencjonalne szczypce w\u0119glowe. Dane techniczne: D\u0142ugo\u015b\u0107: 23 cm Materia\u0142: Stal nierdzewna Kraj producenta: Rosja [\u2026]<\/p>","protected":false},"featured_media":21697,"comment_status":"open","ping_status":"closed","template":"","meta":[],"_links":{"self":[{"href":"https:\/\/hookahshop.lt\/pl\/wp-json\/wp\/v2\/product\/18586"}],"collection":[{"href":"https:\/\/hookahshop.lt\/pl\/wp-json\/wp\/v2\/product"}],"about":[{"href":"https:\/\/hookahshop.lt\/pl\/wp-json\/wp\/v2\/types\/product"}],"replies":[{"embeddable":true,"href":"https:\/\/hookahshop.lt\/pl\/wp-json\/wp\/v2\/comments?post=18586"}],"version-history":[{"count":3,"href":"https:\/\/hookahshop.lt\/pl\/wp-json\/wp\/v2\/product\/18586\/revisions"}],"predecessor-version":[{"id":27522,"href":"https:\/\/hookahshop.lt\/pl\/wp-json\/wp\/v2\/product\/18586\/revisions\/27522"}],"wp:featuredmedia":[{"embeddable":true,"href":"https:\/\/hookahshop.lt\/pl\/wp-json\/wp\/v2\/media\/21697"}],"wp:attachment":[{"href":"https:\/\/hookahshop.lt\/pl\/wp-json\/wp\/v2\/media?parent=18586"}],"curies":[{"name":"wp","href":"https:\/\/api.w.org\/{rel}","templated":true}]}}