{"id":18596,"date":"2021-01-29T00:26:32","date_gmt":"2021-01-28T22:26:32","guid":{"rendered":"https:\/\/hookahshop.lt\/?post_type=product&#038;p=18596"},"modified":"2026-05-05T15:07:05","modified_gmt":"2026-05-05T12:07:05","slug":"kaljano-anglies-laikiklis-al-mani","status":"publish","type":"product","link":"https:\/\/hookahshop.lt\/pl\/produkt\/uchwyt-na-wegiel-drzewny-do-fajki-wodnej-al-mani\/","title":{"rendered":"Uchwyt w\u0119glowy do fajki wodnej AL-MANI"},"content":{"rendered":"<h2>Uchwyt w\u0119glowy do fajki wodnej AL-MANI<\/h2>\n<p>Zaprojektowany, aby bezpiecznie przechowywa\u0107 w\u0119giel w jednym miejscu. Do przechowywania szczypiec przeznaczona jest osobna komora.<\/p>\n<p>Kolor: srebrny<br \/>\nWysoko\u015b\u0107: 13 cm<br \/>\n\u015arednica: 8 cm<br \/>\nKraj producenta: Niemcy<\/p>\n<p>Czy masz jakie\u015b pytania? Skontaktuj si\u0119 z nami\u00a0<a href=\"https:\/\/hookahshop.lt\/pl\/lacznosc\/\">strona z kontaktami<\/a>\u00a0lub napisz do nas na adres\u00a0<a href=\"https:\/\/facebook.com\/HookahShop.lt\/\" target=\"_blank\" rel=\"noopener noreferrer\">konto na Facebooku<\/a>\u00a0a my odpowiemy na Twoj\u0105 pro\u015bb\u0119 tego samego dnia.<\/p>","protected":false},"excerpt":{"rendered":"<p>Uchwyt na w\u0119giel do fajki wodnej AL-MANI Przeznaczony do bezpiecznego przechowywania w\u0119gla drzewnego w jednym miejscu. Do przechowywania szczypiec przeznaczona jest osobna komora. Kolor: Srebrny Wysoko\u015b\u0107: 13 cm \u015arednica: 8 cm Kraj producenta: Niemcy Masz pytania? Skontaktuj si\u0119 z nami na stronie kontaktowej lub napisz do nas na naszym koncie na Facebooku, a my odpowiemy na Twoj\u0105 pro\u015bb\u0119 jeszcze tego samego dnia.<\/p>","protected":false},"featured_media":18597,"comment_status":"open","ping_status":"closed","template":"","meta":[],"_links":{"self":[{"href":"https:\/\/hookahshop.lt\/pl\/wp-json\/wp\/v2\/product\/18596"}],"collection":[{"href":"https:\/\/hookahshop.lt\/pl\/wp-json\/wp\/v2\/product"}],"about":[{"href":"https:\/\/hookahshop.lt\/pl\/wp-json\/wp\/v2\/types\/product"}],"replies":[{"embeddable":true,"href":"https:\/\/hookahshop.lt\/pl\/wp-json\/wp\/v2\/comments?post=18596"}],"version-history":[{"count":4,"href":"https:\/\/hookahshop.lt\/pl\/wp-json\/wp\/v2\/product\/18596\/revisions"}],"predecessor-version":[{"id":29333,"href":"https:\/\/hookahshop.lt\/pl\/wp-json\/wp\/v2\/product\/18596\/revisions\/29333"}],"wp:featuredmedia":[{"embeddable":true,"href":"https:\/\/hookahshop.lt\/pl\/wp-json\/wp\/v2\/media\/18597"}],"wp:attachment":[{"href":"https:\/\/hookahshop.lt\/pl\/wp-json\/wp\/v2\/media?parent=18596"}],"curies":[{"name":"wp","href":"https:\/\/api.w.org\/{rel}","templated":true}]}}