{"id":18638,"date":"2021-01-29T20:16:11","date_gmt":"2021-01-29T18:16:11","guid":{"rendered":"https:\/\/hookahshop.lt\/?post_type=product&#038;p=18638"},"modified":"2026-04-14T23:29:00","modified_gmt":"2026-04-14T20:29:00","slug":"kaljano-priedu-rinkinys-promo","status":"publish","type":"product","link":"https:\/\/hookahshop.lt\/pl\/produkt\/promocja-zestawu-akcesoriow-do-fajki-wodnej\/","title":{"rendered":"Zestaw akcesori\u00f3w do fajki wodnej PROMO"},"content":{"rendered":"<h2>Zestaw akcesori\u00f3w do fajki wodnej PROMO<\/h2>\n<p>Jest to zestaw, w sk\u0142ad kt\u00f3rego wchodzi: kubek i komora grzewcza dla mi\u0142o\u015bnik\u00f3w fajki wodnej, kt\u00f3rzy chc\u0105 wymieni\u0107 - stary kubek na nowy oraz foli\u0119 na komor\u0119 grzewcz\u0105.<\/p>\n<p><strong>Komplet akcesori\u00f3w sk\u0142ada si\u0119 z:<\/strong><br \/>\nPuchar<br \/>\nKomora cieplna<\/p>\n<p>*Wygl\u0105d produktu i marka mog\u0105 r\u00f3\u017cni\u0107 si\u0119 od przedstawionych na zdj\u0119ciu.<\/p>\n<p>Czy masz jakie\u015b pytania? Skontaktuj si\u0119 z nami\u00a0<a href=\"https:\/\/hookahshop.lt\/pl\/lacznosc\/\">strona z kontaktami<\/a>\u00a0lub napisz do nas na adres\u00a0<a href=\"https:\/\/facebook.com\/HookahShop.lt\/\" target=\"_blank\" rel=\"noopener noreferrer\">konto na Facebooku<\/a>\u00a0a my odpowiemy na Twoj\u0105 pro\u015bb\u0119 tego samego dnia.<\/p>","protected":false},"excerpt":{"rendered":"<p>Zestaw akcesori\u00f3w do fajki wodnej PROMO Jest to zestaw, w kt\u00f3rym znajdziesz: kubek i komor\u0119 grzewcz\u0105 dla mi\u0142o\u015bnik\u00f3w fajki wodnej, kt\u00f3rzy chc\u0105 wymieni\u0107 stary kubek na nowy i foli\u0119 do komory grzejnej. W zestawie akcesori\u00f3w znajduj\u0105 si\u0119: Kubek Komora grzewcza *Wygl\u0105d i marka produktu mo\u017ce r\u00f3\u017cni\u0107 si\u0119 od pokazanego na zdj\u0119ciu. Czy masz jakie\u015b pytania? Skontaktuj si\u0119 z nami na stronie kontaktowej lub napisz do nas na naszym koncie na Facebooku, a my odpowiemy [\u2026]<\/p>","protected":false},"featured_media":18762,"comment_status":"open","ping_status":"closed","template":"","meta":[],"_links":{"self":[{"href":"https:\/\/hookahshop.lt\/pl\/wp-json\/wp\/v2\/product\/18638"}],"collection":[{"href":"https:\/\/hookahshop.lt\/pl\/wp-json\/wp\/v2\/product"}],"about":[{"href":"https:\/\/hookahshop.lt\/pl\/wp-json\/wp\/v2\/types\/product"}],"replies":[{"embeddable":true,"href":"https:\/\/hookahshop.lt\/pl\/wp-json\/wp\/v2\/comments?post=18638"}],"version-history":[{"count":8,"href":"https:\/\/hookahshop.lt\/pl\/wp-json\/wp\/v2\/product\/18638\/revisions"}],"predecessor-version":[{"id":33542,"href":"https:\/\/hookahshop.lt\/pl\/wp-json\/wp\/v2\/product\/18638\/revisions\/33542"}],"wp:featuredmedia":[{"embeddable":true,"href":"https:\/\/hookahshop.lt\/pl\/wp-json\/wp\/v2\/media\/18762"}],"wp:attachment":[{"href":"https:\/\/hookahshop.lt\/pl\/wp-json\/wp\/v2\/media?parent=18638"}],"curies":[{"name":"wp","href":"https:\/\/api.w.org\/{rel}","templated":true}]}}