{"id":18639,"date":"2021-01-29T20:30:23","date_gmt":"2021-01-29T18:30:23","guid":{"rendered":"https:\/\/hookahshop.lt\/?post_type=product&#038;p=18639"},"modified":"2026-04-18T23:29:08","modified_gmt":"2026-04-18T20:29:08","slug":"taurele-kaljanui-smokelab-phunnel-moon","status":"publish","type":"product","link":"https:\/\/hookahshop.lt\/pl\/produkt\/filizanka-szisza-dymna-lejek-ksiezyc\/","title":{"rendered":"Kubek do fajki wodnej SMOKELAB Phunnel Moon"},"content":{"rendered":"<h2>Kubek do fajki wodnej SMOKELAB Phunnel Moon<\/h2>\n<p>Do\u015b\u0107 du\u017ca fili\u017canka typu Phunnel wykonana jest z gliny i ma kszta\u0142t przypominaj\u0105cy ksi\u0119\u017cyc. Nadaje si\u0119 do stosowania zar\u00f3wno z komor\u0105 grzewcz\u0105, jak i z foli\u0105.<\/p>\n<p>Specyfikacje:<br \/>\nTyp: Phunnel<br \/>\nMateria\u0142: glina<br \/>\nPojemno\u015b\u0107 mieszanki do fajki wodnej: 16-23 g.<br \/>\nWysoko\u015b\u0107: 10,5 cm<br \/>\n\u015arednica (zewn\u0119trzna): 7,6 cm<br \/>\n\u015arednica (wewn\u0119trzna): 6,9 cm<br \/>\nG\u0142\u0119boko\u015b\u0107: 1,4 cm<br \/>\nLiczba otwor\u00f3w: 1 szt<br \/>\nWaga: ok. 175g.<br \/>\nKraj pochodzenia: Rosja<\/p>\n<p>Czy masz jakie\u015b pytania? Skontaktuj si\u0119 z nami\u00a0<a href=\"https:\/\/hookahshop.lt\/pl\/lacznosc\/\">strona z kontaktami<\/a>\u00a0lub napisz do nas na adres\u00a0<a href=\"https:\/\/facebook.com\/HookahShop.lt\/\" target=\"_blank\" rel=\"noopener noreferrer\">konto na Facebooku<\/a>\u00a0a my odpowiemy na Twoj\u0105 pro\u015bb\u0119 tego samego dnia.<\/p>\n<p>&nbsp;<\/p>","protected":false},"excerpt":{"rendered":"<p>Fili\u017canka do fajki wodnej SMOKELAB Phunnel Moon Do\u015b\u0107 du\u017ca fili\u017canka Phunnel wykonana z gliny, przypominaj\u0105ca kszta\u0142tem ksi\u0119\u017cyc. Nadaje si\u0119 do stosowania zar\u00f3wno z komor\u0105 grzewcz\u0105, jak i z foli\u0105. Dane techniczne: Typ: Phunnel Materia\u0142: Glina Pojemno\u015b\u0107 mieszanki sziszy: 16-23 g. Wysoko\u015b\u0107: 10,5 cm \u015arednica (zewn\u0119trzna): 7,6 cm \u015arednica (wewn\u0119trzna): 6,9 cm G\u0142\u0119boko\u015b\u0107: 1,4 cm Ilo\u015b\u0107 otwor\u00f3w: 1 szt Waga: [\u2026]<\/p>","protected":false},"featured_media":18645,"comment_status":"open","ping_status":"closed","template":"","meta":[],"_links":{"self":[{"href":"https:\/\/hookahshop.lt\/pl\/wp-json\/wp\/v2\/product\/18639"}],"collection":[{"href":"https:\/\/hookahshop.lt\/pl\/wp-json\/wp\/v2\/product"}],"about":[{"href":"https:\/\/hookahshop.lt\/pl\/wp-json\/wp\/v2\/types\/product"}],"replies":[{"embeddable":true,"href":"https:\/\/hookahshop.lt\/pl\/wp-json\/wp\/v2\/comments?post=18639"}],"version-history":[{"count":3,"href":"https:\/\/hookahshop.lt\/pl\/wp-json\/wp\/v2\/product\/18639\/revisions"}],"predecessor-version":[{"id":39816,"href":"https:\/\/hookahshop.lt\/pl\/wp-json\/wp\/v2\/product\/18639\/revisions\/39816"}],"wp:featuredmedia":[{"embeddable":true,"href":"https:\/\/hookahshop.lt\/pl\/wp-json\/wp\/v2\/media\/18645"}],"wp:attachment":[{"href":"https:\/\/hookahshop.lt\/pl\/wp-json\/wp\/v2\/media?parent=18639"}],"curies":[{"name":"wp","href":"https:\/\/api.w.org\/{rel}","templated":true}]}}