{"id":18643,"date":"2021-01-29T20:37:51","date_gmt":"2021-01-29T18:37:51","guid":{"rendered":"https:\/\/hookahshop.lt\/?post_type=product&#038;p=18643"},"modified":"2026-04-26T23:29:20","modified_gmt":"2026-04-26T20:29:20","slug":"kaljano-priedu-rinkinys-startinis","status":"publish","type":"product","link":"https:\/\/hookahshop.lt\/pl\/produkt\/zestaw-akcesoriow-do-fajki-wodnej-starter\/","title":{"rendered":"Zestaw akcesori\u00f3w do fajki wodnej START"},"content":{"rendered":"<h2>Zestaw akcesori\u00f3w do fajki wodnej START<\/h2>\n<p>To zestaw, w kt\u00f3rym znajdziesz: kubek, komor\u0119 grzewcz\u0105, naturalne w\u0119gle kokosowe 1kg, elektryczn\u0105 p\u0142yt\u0119 grzejn\u0105 do opalania w\u0119gli do fajki wodnej, szczypce oraz sitko zapobiegaj\u0105ce wypadaniu roz\u017carzonych w\u0119gli.<\/p>\n<p><strong>Komplet akcesori\u00f3w sk\u0142ada si\u0119 z:<\/strong><br \/>\nPuchar<br \/>\nKomora cieplna<br \/>\nW\u0119giel koksuj\u0105cy naturalny 1kg<br \/>\nP\u0142yta elektryczna na w\u0119giel do fajki wodnej<br \/>\nSzczypce<br \/>\nSeattle<\/p>\n<p>*Wygl\u0105d produktu i marka mog\u0105 r\u00f3\u017cni\u0107 si\u0119 od przedstawionych na zdj\u0119ciu.<\/p>\n<p>Czy masz jakie\u015b pytania? Skontaktuj si\u0119 z nami\u00a0<a href=\"https:\/\/hookahshop.lt\/pl\/lacznosc\/\">strona z kontaktami<\/a>\u00a0lub napisz do nas na adres\u00a0<a href=\"https:\/\/facebook.com\/HookahShop.lt\/\" target=\"_blank\" rel=\"noopener noreferrer\">konto na Facebooku<\/a>\u00a0a my odpowiemy na Twoj\u0105 pro\u015bb\u0119 tego samego dnia.<\/p>","protected":false},"excerpt":{"rendered":"<p>Zestaw akcesori\u00f3w do fajki wodnej START W sk\u0142ad zestawu wchodz\u0105: kubek, komora grzewcza, naturalne w\u0119gle kokosowe 1kg, elektryczna p\u0142yta grzewcza do opalania w\u0119gli do fajki wodnej, szczypce oraz sitko zapobiegaj\u0105ce wypadaniu roz\u017carzonych w\u0119gli. W zestawie akcesoria znajduj\u0105 si\u0119: Kubek Komora grzewcza Naturalny w\u0119giel kokasowy 1kg Elektryczna p\u0142yta grzewcza do opalania w\u0119gli fajki wodnej Szczypce Sito *Wygl\u0105d i marka produktu mo\u017ce r\u00f3\u017cni\u0107 si\u0119 od pokazanej na zdj\u0119ciu. [\u2026]<\/p>","protected":false},"featured_media":18763,"comment_status":"open","ping_status":"closed","template":"","meta":[],"_links":{"self":[{"href":"https:\/\/hookahshop.lt\/pl\/wp-json\/wp\/v2\/product\/18643"}],"collection":[{"href":"https:\/\/hookahshop.lt\/pl\/wp-json\/wp\/v2\/product"}],"about":[{"href":"https:\/\/hookahshop.lt\/pl\/wp-json\/wp\/v2\/types\/product"}],"replies":[{"embeddable":true,"href":"https:\/\/hookahshop.lt\/pl\/wp-json\/wp\/v2\/comments?post=18643"}],"version-history":[{"count":8,"href":"https:\/\/hookahshop.lt\/pl\/wp-json\/wp\/v2\/product\/18643\/revisions"}],"predecessor-version":[{"id":44520,"href":"https:\/\/hookahshop.lt\/pl\/wp-json\/wp\/v2\/product\/18643\/revisions\/44520"}],"wp:featuredmedia":[{"embeddable":true,"href":"https:\/\/hookahshop.lt\/pl\/wp-json\/wp\/v2\/media\/18763"}],"wp:attachment":[{"href":"https:\/\/hookahshop.lt\/pl\/wp-json\/wp\/v2\/media?parent=18643"}],"curies":[{"name":"wp","href":"https:\/\/api.w.org\/{rel}","templated":true}]}}