{"id":18653,"date":"2021-01-29T20:46:10","date_gmt":"2021-01-29T18:46:10","guid":{"rendered":"https:\/\/hookahshop.lt\/?post_type=product&#038;p=18653"},"modified":"2026-04-15T12:29:02","modified_gmt":"2026-04-15T09:29:02","slug":"kaljano-priedu-rinkinys-maksimalus","status":"publish","type":"product","link":"https:\/\/hookahshop.lt\/pl\/produkt\/zestaw-akcesoriow-do-fajki-wodnej-maximum\/","title":{"rendered":"Zestaw akcesori\u00f3w do fajki wodnej MAXIMUM"},"content":{"rendered":"<h2>Zestaw akcesori\u00f3w do fajki wodnej MAXIMUM<\/h2>\n<p>Jest to zestaw, w kt\u00f3rym znajdziesz: kubek, komor\u0119 grzejn\u0105, 1kg naturalnego w\u0119gla kokosowego, elektryczn\u0105 p\u0142yt\u0119 grzejn\u0105 do podgrzewania w\u0119gli do fajki wodnej, szczypce i sitko zapobiegaj\u0105ce wypadaniu roz\u017carzonych w\u0119gli, pojemnik na w\u0119giel oraz 100 sztuk jednorazowych wk\u0142ad\u00f3w ustniki.<\/p>\n<p><strong>Komplet akcesori\u00f3w sk\u0142ada si\u0119 z:<\/strong><br \/>\nPuchar<br \/>\nKomora cieplna<br \/>\nW\u0119giel koksuj\u0105cy naturalny 1kg<br \/>\nP\u0142yta elektryczna na w\u0119giel do fajki wodnej<br \/>\nSzczypce<br \/>\nSeattle<br \/>\nSkrzynia na w\u0119giel<br \/>\nUstniki jednorazowe 100 szt.<\/p>\n<p>*Wygl\u0105d produktu i marka mog\u0105 r\u00f3\u017cni\u0107 si\u0119 od przedstawionych na zdj\u0119ciu.<\/p>\n<p>Czy masz jakie\u015b pytania? Skontaktuj si\u0119 z nami\u00a0<a href=\"https:\/\/hookahshop.lt\/pl\/lacznosc\/\">strona z kontaktami<\/a>\u00a0lub napisz do nas na adres\u00a0<a href=\"https:\/\/facebook.com\/HookahShop.lt\/\" target=\"_blank\" rel=\"noopener noreferrer\">konto na Facebooku<\/a>\u00a0a my odpowiemy na Twoj\u0105 pro\u015bb\u0119 tego samego dnia.<\/p>","protected":false},"excerpt":{"rendered":"<p>Zestaw akcesori\u00f3w do fajki wodnej MAXIMAL Jest to zestaw, w kt\u00f3rym znajdziesz: kubek, komor\u0119 grzejn\u0105, naturalne w\u0119gle kokosowe 1kg, elektryczn\u0105 p\u0142yt\u0119 grzejn\u0105 do podgrzewania w\u0119gli do fajki wodnej, szczypce i sitko zapobiegaj\u0105ce wypadaniu roz\u017carzonych w\u0119gli, pojemnik na w\u0119giel oraz 100 kawa\u0142ki jednorazowych ustnik\u00f3w. Zestaw akcesori\u00f3w zawiera: Kubek Komora grzewcza Naturalny w\u0119giel kokasowy 1kg Elektryczna p\u0142yta grzewcza do opalania w\u0119gli fajki wodnej Szczypce Sito Pojemnik na w\u0119giel Jednorazowe [\u2026]<\/p>","protected":false},"featured_media":18764,"comment_status":"open","ping_status":"closed","template":"","meta":[],"_links":{"self":[{"href":"https:\/\/hookahshop.lt\/pl\/wp-json\/wp\/v2\/product\/18653"}],"collection":[{"href":"https:\/\/hookahshop.lt\/pl\/wp-json\/wp\/v2\/product"}],"about":[{"href":"https:\/\/hookahshop.lt\/pl\/wp-json\/wp\/v2\/types\/product"}],"replies":[{"embeddable":true,"href":"https:\/\/hookahshop.lt\/pl\/wp-json\/wp\/v2\/comments?post=18653"}],"version-history":[{"count":6,"href":"https:\/\/hookahshop.lt\/pl\/wp-json\/wp\/v2\/product\/18653\/revisions"}],"predecessor-version":[{"id":32793,"href":"https:\/\/hookahshop.lt\/pl\/wp-json\/wp\/v2\/product\/18653\/revisions\/32793"}],"wp:featuredmedia":[{"embeddable":true,"href":"https:\/\/hookahshop.lt\/pl\/wp-json\/wp\/v2\/media\/18764"}],"wp:attachment":[{"href":"https:\/\/hookahshop.lt\/pl\/wp-json\/wp\/v2\/media?parent=18653"}],"curies":[{"name":"wp","href":"https:\/\/api.w.org\/{rel}","templated":true}]}}