{"id":18657,"date":"2021-01-29T20:52:26","date_gmt":"2021-01-29T18:52:26","guid":{"rendered":"https:\/\/hookahshop.lt\/?post_type=product&#038;p=18657"},"modified":"2026-05-13T23:29:14","modified_gmt":"2026-05-13T20:29:14","slug":"kaljano-priedu-rinkinys-optimalus","status":"publish","type":"product","link":"https:\/\/hookahshop.lt\/pl\/produkt\/zestaw-akcesoriow-do-fajki-wodnej-optymalny\/","title":{"rendered":"Zestaw akcesori\u00f3w do fajki wodnej OPTIMALUS"},"content":{"rendered":"<h2>Zestaw akcesori\u00f3w do fajki wodnej OPTIMALUS<\/h2>\n<p>W tym zestawie znajdziesz: kubek, komor\u0119 grzewcz\u0105, 1 kg naturalnego w\u0119gla kokosowego, elektryczn\u0105 p\u0142yt\u0119 do zaczepiania w\u0119gla drzewnego.<\/p>\n<p><strong>Komplet akcesori\u00f3w sk\u0142ada si\u0119 z:<\/strong><br \/>\nPuchar<br \/>\nKomora cieplna<br \/>\nNaturalny w\u0119giel kokosowy 1kg<br \/>\nP\u0142yta elektryczna na w\u0119giel do fajki wodnej<\/p>\n<p>*Wygl\u0105d produktu i marka mog\u0105 r\u00f3\u017cni\u0107 si\u0119 od przedstawionych na zdj\u0119ciu.<\/p>\n<p>Czy masz jakie\u015b pytania? Skontaktuj si\u0119 z nami\u00a0<a href=\"https:\/\/hookahshop.lt\/pl\/lacznosc\/\">strona z kontaktami<\/a>\u00a0lub napisz do nas na adres\u00a0<a href=\"https:\/\/facebook.com\/HookahShop.lt\/\" target=\"_blank\" rel=\"noopener noreferrer\">konto na Facebooku<\/a>\u00a0a my odpowiemy na Twoj\u0105 pro\u015bb\u0119 tego samego dnia.<\/p>","protected":false},"excerpt":{"rendered":"<p>Zestaw akcesori\u00f3w do fajki wodnej OPTIMAL Jest to zestaw, w kt\u00f3rym znajdziesz: kubek, komor\u0119 grzewcz\u0105, naturalne w\u0119gle kokosowe 1kg, elektryczn\u0105 p\u0142yt\u0119 grzejn\u0105 do opalania w\u0119gli do fajki wodnej. W zestawie akcesoria znajduj\u0105 si\u0119: Kubek Komora grzewcza Naturalny w\u0119giel kokosowy 1kg Elektryczna p\u0142yta grzewcza do opalania w\u0119glem do fajki wodnej *Wygl\u0105d i marka produktu mo\u017ce r\u00f3\u017cni\u0107 si\u0119 od pokazanej na zdj\u0119ciu. Czy masz jakie\u015b pytania? Skontaktuj si\u0119 z nami na stronie kontaktowej lub napisz do nas na naszym koncie na Facebooku i [\u2026]<\/p>","protected":false},"featured_media":18766,"comment_status":"open","ping_status":"closed","template":"","meta":[],"_links":{"self":[{"href":"https:\/\/hookahshop.lt\/pl\/wp-json\/wp\/v2\/product\/18657"}],"collection":[{"href":"https:\/\/hookahshop.lt\/pl\/wp-json\/wp\/v2\/product"}],"about":[{"href":"https:\/\/hookahshop.lt\/pl\/wp-json\/wp\/v2\/types\/product"}],"replies":[{"embeddable":true,"href":"https:\/\/hookahshop.lt\/pl\/wp-json\/wp\/v2\/comments?post=18657"}],"version-history":[{"count":9,"href":"https:\/\/hookahshop.lt\/pl\/wp-json\/wp\/v2\/product\/18657\/revisions"}],"predecessor-version":[{"id":45458,"href":"https:\/\/hookahshop.lt\/pl\/wp-json\/wp\/v2\/product\/18657\/revisions\/45458"}],"wp:featuredmedia":[{"embeddable":true,"href":"https:\/\/hookahshop.lt\/pl\/wp-json\/wp\/v2\/media\/18766"}],"wp:attachment":[{"href":"https:\/\/hookahshop.lt\/pl\/wp-json\/wp\/v2\/media?parent=18657"}],"curies":[{"name":"wp","href":"https:\/\/api.w.org\/{rel}","templated":true}]}}