{"id":18665,"date":"2021-01-29T20:59:18","date_gmt":"2021-01-29T18:59:18","guid":{"rendered":"https:\/\/hookahshop.lt\/?post_type=product&#038;p=18665"},"modified":"2026-04-16T10:21:04","modified_gmt":"2026-04-16T07:21:04","slug":"kaljano-priedu-rinkinys-kelioninis-plius","status":"publish","type":"product","link":"https:\/\/hookahshop.lt\/pl\/produkt\/zestaw-akcesoriow-do-fajki-wodnej-travel-plus\/","title":{"rendered":"Zestaw akcesori\u00f3w do fajki wodnej TRAVEL PLUS"},"content":{"rendered":"<h2>Zestaw akcesori\u00f3w do fajki wodnej TRAVEL PLUS<\/h2>\n<p>Jest to zestaw w kt\u00f3rym znajdziesz: kubek, komor\u0119 grzejn\u0105, 1kg naturalnych w\u0119gli kokosowych, kuchenk\u0119 turystyczn\u0105 do opalania w\u0119gli do fajki wodnej, butl\u0119 z gazem oraz 100 sztuk jednorazowych ustnik\u00f3w.<\/p>\n<p><strong>Komplet akcesori\u00f3w sk\u0142ada si\u0119 z:<\/strong><br \/>\nPuchar<br \/>\nKomora cieplna<br \/>\nNaturalny w\u0119giel kokasowy 1kg.<br \/>\nPiec turystyczny do opalania w\u0119gli do fajki wodnej<br \/>\nButla z gazem<br \/>\nUstniki jednorazowe 100 szt.<\/p>\n<p>*Wygl\u0105d produktu i marka mog\u0105 r\u00f3\u017cni\u0107 si\u0119 od przedstawionych na zdj\u0119ciu.<\/p>\n<p>Czy masz jakie\u015b pytania? Skontaktuj si\u0119 z nami\u00a0<a href=\"https:\/\/hookahshop.lt\/pl\/lacznosc\/\">strona z kontaktami<\/a>\u00a0lub napisz do nas na adres\u00a0<a href=\"https:\/\/facebook.com\/HookahShop.lt\/\" target=\"_blank\" rel=\"noopener noreferrer\">konto na Facebooku<\/a>\u00a0a my odpowiemy na Twoj\u0105 pro\u015bb\u0119 tego samego dnia.<\/p>","protected":false},"excerpt":{"rendered":"<p>Zestaw akcesori\u00f3w do fajki wodnej TRAVEL PLUS W sk\u0142ad zestawu wchodz\u0105: kubek, komora grzewcza, naturalne w\u0119gle kokosowe 1kg, kuchenka turystyczna do podgrzewania w\u0119gli do fajki wodnej, kanister z gazem oraz 100 szt. jednorazowych ustnik\u00f3w. W zestawie akcesori\u00f3w znajduj\u0105 si\u0119: Kubek Komora grzewcza Naturalny w\u0119giel kokasowy 1kg. Kuchenka turystyczna do opalania w\u0119gli do fajki wodnej Butla z gazem Ustniki jednorazowe 100 szt. *Wygl\u0105d produktu i branding mog\u0105 [\u2026]<\/p>","protected":false},"featured_media":18768,"comment_status":"open","ping_status":"closed","template":"","meta":[],"_links":{"self":[{"href":"https:\/\/hookahshop.lt\/pl\/wp-json\/wp\/v2\/product\/18665"}],"collection":[{"href":"https:\/\/hookahshop.lt\/pl\/wp-json\/wp\/v2\/product"}],"about":[{"href":"https:\/\/hookahshop.lt\/pl\/wp-json\/wp\/v2\/types\/product"}],"replies":[{"embeddable":true,"href":"https:\/\/hookahshop.lt\/pl\/wp-json\/wp\/v2\/comments?post=18665"}],"version-history":[{"count":7,"href":"https:\/\/hookahshop.lt\/pl\/wp-json\/wp\/v2\/product\/18665\/revisions"}],"predecessor-version":[{"id":32792,"href":"https:\/\/hookahshop.lt\/pl\/wp-json\/wp\/v2\/product\/18665\/revisions\/32792"}],"wp:featuredmedia":[{"embeddable":true,"href":"https:\/\/hookahshop.lt\/pl\/wp-json\/wp\/v2\/media\/18768"}],"wp:attachment":[{"href":"https:\/\/hookahshop.lt\/pl\/wp-json\/wp\/v2\/media?parent=18665"}],"curies":[{"name":"wp","href":"https:\/\/api.w.org\/{rel}","templated":true}]}}