{"id":18669,"date":"2021-01-29T21:03:28","date_gmt":"2021-01-29T19:03:28","guid":{"rendered":"https:\/\/hookahshop.lt\/?post_type=product&#038;p=18669"},"modified":"2026-04-16T23:29:13","modified_gmt":"2026-04-16T20:29:13","slug":"kaljano-priedu-rinkinys-valymas","status":"publish","type":"product","link":"https:\/\/hookahshop.lt\/pl\/produkt\/czyszczenie-zestawu-akcesoriow-do-fajki-wodnej\/","title":{"rendered":"Zestaw akcesori\u00f3w do fajki wodnej CZYSZCZENIE"},"content":{"rendered":"<h2>Zestaw akcesori\u00f3w do fajki wodnej CZYSZCZENIE<\/h2>\n<p>Jest to zestaw, w kt\u00f3rym znajdziesz: szczoteczk\u0119 do czyszczenia kolby do fajki wodnej, \u015brodki czyszcz\u0105ce Schmand WEG oraz szczoteczk\u0119 do czyszczenia trzonu fajki wodnej.<\/p>\n<p><strong>Komplet akcesori\u00f3w sk\u0142ada si\u0119 z:<\/strong><br \/>\nSzczotka do kolby do fajki wodnej<br \/>\n\u015arodki czyszcz\u0105ce Schmand WEG<br \/>\nSzczotka do trzonu fajki wodnej<\/p>\n<p>*Wygl\u0105d produktu i marka mog\u0105 r\u00f3\u017cni\u0107 si\u0119 od przedstawionych na zdj\u0119ciu.<\/p>\n<p>Czy masz jakie\u015b pytania? Skontaktuj si\u0119 z nami\u00a0<a href=\"https:\/\/hookahshop.lt\/pl\/lacznosc\/\">strona z kontaktami<\/a>\u00a0lub napisz do nas na adres\u00a0<a href=\"https:\/\/facebook.com\/HookahShop.lt\/\" target=\"_blank\" rel=\"noopener noreferrer\">konto na Facebooku<\/a>\u00a0a my odpowiemy na Twoj\u0105 pro\u015bb\u0119 tego samego dnia.<\/p>","protected":false},"excerpt":{"rendered":"<p>Zestaw akcesori\u00f3w do fajki wodnej CZYSZCZENIE W sk\u0142ad zestawu wchodzi: szczoteczka do czyszczenia kolby do fajki wodnej, \u015brodki czyszcz\u0105ce Schmand WEG oraz szczotka do czyszczenia trzonka fajki wodnej. W zestawie akcesori\u00f3w znajduj\u0105 si\u0119: P\u0119dzel do kolb do fajek wodnych \u015arodki czysto\u015bci Schmand WEG P\u0119dzel do trzonk\u00f3w fajek wodnych *Wygl\u0105d i marka produktu mo\u017ce r\u00f3\u017cni\u0107 si\u0119 od pokazanej na zdj\u0119ciu. Czy masz jakie\u015b pytania? Skontaktuj si\u0119 z nami na stronie kontaktowej lub napisz do nas na naszym koncie na Facebooku, a my odpowiemy [\u2026]<\/p>","protected":false},"featured_media":26018,"comment_status":"open","ping_status":"closed","template":"","meta":[],"_links":{"self":[{"href":"https:\/\/hookahshop.lt\/pl\/wp-json\/wp\/v2\/product\/18669"}],"collection":[{"href":"https:\/\/hookahshop.lt\/pl\/wp-json\/wp\/v2\/product"}],"about":[{"href":"https:\/\/hookahshop.lt\/pl\/wp-json\/wp\/v2\/types\/product"}],"replies":[{"embeddable":true,"href":"https:\/\/hookahshop.lt\/pl\/wp-json\/wp\/v2\/comments?post=18669"}],"version-history":[{"count":7,"href":"https:\/\/hookahshop.lt\/pl\/wp-json\/wp\/v2\/product\/18669\/revisions"}],"predecessor-version":[{"id":41706,"href":"https:\/\/hookahshop.lt\/pl\/wp-json\/wp\/v2\/product\/18669\/revisions\/41706"}],"wp:featuredmedia":[{"embeddable":true,"href":"https:\/\/hookahshop.lt\/pl\/wp-json\/wp\/v2\/media\/26018"}],"wp:attachment":[{"href":"https:\/\/hookahshop.lt\/pl\/wp-json\/wp\/v2\/media?parent=18669"}],"curies":[{"name":"wp","href":"https:\/\/api.w.org\/{rel}","templated":true}]}}