{"id":18726,"date":"2021-01-29T22:33:50","date_gmt":"2021-01-29T20:33:50","guid":{"rendered":"https:\/\/hookahshop.lt\/?post_type=product&#038;p=18726"},"modified":"2026-04-19T23:28:48","modified_gmt":"2026-04-19T20:28:48","slug":"yla-kaljano-tabakui-maklaud-ygg","status":"publish","type":"product","link":"https:\/\/hookahshop.lt\/pl\/produkt\/yla-szisza-tyton-maklaud-ygg\/","title":{"rendered":"Yla fajka wodna na tyto\u0144 MAKLAUD YGG"},"content":{"rendered":"<h2>Yla fajka wodna na tyto\u0144 MAKLAUD YGG<\/h2>\n<p>Yla to niezb\u0119dne akcesorium do wygodnej pracy z mieszank\u0105 szk\u0142a i fajki wodnej. Wygodnie le\u017cy w d\u0142oni.<\/p>\n<p>Specyfikacje:<br \/>\nD\u0142ugo\u015b\u0107: 13 cm<br \/>\n\u015arednica: 8 mm<br \/>\nMateria\u0142: stal<\/p>\n<p>&nbsp;<\/p>\n<p>Czy masz jakie\u015b pytania? Skontaktuj si\u0119 z nami\u00a0<a href=\"https:\/\/hookahshop.lt\/pl\/lacznosc\/\">strona z kontaktami<\/a>\u00a0lub napisz do nas na adres\u00a0<a href=\"https:\/\/facebook.com\/HookahShop.lt\/\" target=\"_blank\" rel=\"noopener noreferrer\">konto na Facebooku<\/a>\u00a0a my odpowiemy na Twoj\u0105 pro\u015bb\u0119 tego samego dnia.<\/p>","protected":false},"excerpt":{"rendered":"<p>Yla do tytoniu do fajki wodnej MAKLAUD YGG Yla to niezb\u0119dny dodatek do wygodnej pracy z mieszank\u0105 szk\u0142a i fajki wodnej. Wygodnie le\u017cy w d\u0142oni. Dane techniczne: D\u0142ugo\u015b\u0107: 13 cm \u015arednica: 8 mm Materia\u0142: stal Pytania? Skontaktuj si\u0119 z nami na stronie kontaktowej lub napisz do nas na naszym koncie na Facebooku, a my odpowiemy na Twoj\u0105 pro\u015bb\u0119 jeszcze tego samego dnia.<\/p>","protected":false},"featured_media":18733,"comment_status":"open","ping_status":"closed","template":"","meta":[],"_links":{"self":[{"href":"https:\/\/hookahshop.lt\/pl\/wp-json\/wp\/v2\/product\/18726"}],"collection":[{"href":"https:\/\/hookahshop.lt\/pl\/wp-json\/wp\/v2\/product"}],"about":[{"href":"https:\/\/hookahshop.lt\/pl\/wp-json\/wp\/v2\/types\/product"}],"replies":[{"embeddable":true,"href":"https:\/\/hookahshop.lt\/pl\/wp-json\/wp\/v2\/comments?post=18726"}],"version-history":[{"count":4,"href":"https:\/\/hookahshop.lt\/pl\/wp-json\/wp\/v2\/product\/18726\/revisions"}],"predecessor-version":[{"id":43122,"href":"https:\/\/hookahshop.lt\/pl\/wp-json\/wp\/v2\/product\/18726\/revisions\/43122"}],"wp:featuredmedia":[{"embeddable":true,"href":"https:\/\/hookahshop.lt\/pl\/wp-json\/wp\/v2\/media\/18733"}],"wp:attachment":[{"href":"https:\/\/hookahshop.lt\/pl\/wp-json\/wp\/v2\/media?parent=18726"}],"curies":[{"name":"wp","href":"https:\/\/api.w.org\/{rel}","templated":true}]}}