{"id":18750,"date":"2021-01-29T23:51:23","date_gmt":"2021-01-29T21:51:23","guid":{"rendered":"https:\/\/hookahshop.lt\/?post_type=product&#038;p=18750"},"modified":"2026-04-20T23:29:12","modified_gmt":"2026-04-20T20:29:12","slug":"tarpine-kaljano-kolbai-balta","status":"publish","type":"product","link":"https:\/\/hookahshop.lt\/pl\/produkt\/przekladka-szisza-szisza-biala\/","title":{"rendered":"Uszczelka do kolby na fajk\u0119 wodn\u0105 Bia\u0142a"},"content":{"rendered":"<h2>Uszczelka do kolby na fajk\u0119 wodn\u0105 Bia\u0142a<\/h2>\n<p>Idealny rozmiar pasuj\u0105cy do wi\u0119kszo\u015bci fajek wodnych. Dzi\u0119ki pow\u0142oce nie \u015blizgaj\u0105 si\u0119 ani nie odpadaj\u0105. Wysokiej jako\u015bci silikon i produkcja przyczyniaj\u0105 si\u0119 do d\u0142ugowieczno\u015bci tych uszczelek.<\/p>\n<p><strong>Specyfikacje:<\/strong><br \/>\n\u015arednica zewn\u0119trzna: 40mm<br \/>\n\u015arednica wewn\u0119trzna: 36mm<br \/>\nWaga: oko\u0142o 11g.<\/p>\n<p>Czy masz jakie\u015b pytania? Skontaktuj si\u0119 z nami\u00a0<a href=\"https:\/\/hookahshop.lt\/pl\/lacznosc\/\">strona z kontaktami<\/a>\u00a0lub napisz do nas na adres\u00a0<a href=\"https:\/\/facebook.com\/HookahShop.lt\/\" target=\"_blank\" rel=\"noopener noreferrer\">konto na Facebooku<\/a>\u00a0a my odpowiemy na Twoj\u0105 pro\u015bb\u0119 tego samego dnia.<\/p>","protected":false},"excerpt":{"rendered":"<p>Podk\u0142adka do kolby Shisha bia\u0142a Idealny rozmiar pasuj\u0105cy do wi\u0119kszo\u015bci fajek wodnych. Dzi\u0119ki pow\u0142oce nie \u015blizgaj\u0105 si\u0119 i nie odpadaj\u0105. Wysoka jako\u015b\u0107 silikonu i produkcja przyczyniaj\u0105 si\u0119 do trwa\u0142o\u015bci tych uszczelek. Dane techniczne: \u015arednica zewn\u0119trzna: 40 mm \u015arednica wewn\u0119trzna: 36 mm Waga: oko\u0142o 11g. Czy masz jakie\u015b pytania? Skontaktuj si\u0119 z nami na stronie kontaktowej lub napisz do nas na naszym koncie na Facebooku, a my odpowiemy na Twoj\u0105 pro\u015bb\u0119 jeszcze tego samego dnia.<\/p>","protected":false},"featured_media":18751,"comment_status":"open","ping_status":"closed","template":"","meta":[],"_links":{"self":[{"href":"https:\/\/hookahshop.lt\/pl\/wp-json\/wp\/v2\/product\/18750"}],"collection":[{"href":"https:\/\/hookahshop.lt\/pl\/wp-json\/wp\/v2\/product"}],"about":[{"href":"https:\/\/hookahshop.lt\/pl\/wp-json\/wp\/v2\/types\/product"}],"replies":[{"embeddable":true,"href":"https:\/\/hookahshop.lt\/pl\/wp-json\/wp\/v2\/comments?post=18750"}],"version-history":[{"count":7,"href":"https:\/\/hookahshop.lt\/pl\/wp-json\/wp\/v2\/product\/18750\/revisions"}],"predecessor-version":[{"id":45702,"href":"https:\/\/hookahshop.lt\/pl\/wp-json\/wp\/v2\/product\/18750\/revisions\/45702"}],"wp:featuredmedia":[{"embeddable":true,"href":"https:\/\/hookahshop.lt\/pl\/wp-json\/wp\/v2\/media\/18751"}],"wp:attachment":[{"href":"https:\/\/hookahshop.lt\/pl\/wp-json\/wp\/v2\/media?parent=18750"}],"curies":[{"name":"wp","href":"https:\/\/api.w.org\/{rel}","templated":true}]}}