{"id":18771,"date":"2021-01-30T14:03:17","date_gmt":"2021-01-30T12:03:17","guid":{"rendered":"https:\/\/hookahshop.lt\/?post_type=product&#038;p=18771"},"modified":"2026-04-15T23:28:58","modified_gmt":"2026-04-15T20:28:58","slug":"kaljano-priedu-rinkinys-kelioninis","status":"publish","type":"product","link":"https:\/\/hookahshop.lt\/pl\/produkt\/zestaw-akcesoriow-do-fajki-wodnej-podrozny\/","title":{"rendered":"Zestaw akcesori\u00f3w do fajki wodnej TRAVEL"},"content":{"rendered":"<h2>Zestaw akcesori\u00f3w do fajki wodnej TRAVEL<\/h2>\n<p>Jest to zestaw, w kt\u00f3rym znajdziesz: kuchenk\u0119 turystyczn\u0105 do podgrzewania w\u0119gli do fajki wodnej, butl\u0119 z gazem oraz 100 sztuk jednorazowych ustnik\u00f3w.<\/p>\n<p><strong>Komplet akcesori\u00f3w sk\u0142ada si\u0119 z:<\/strong><br \/>\nPiec turystyczny do opalania w\u0119gli do fajki wodnej<br \/>\nButla z gazem<br \/>\nUstniki jednorazowe 100 szt.<\/p>\n<p>*Wygl\u0105d produktu i marka mog\u0105 r\u00f3\u017cni\u0107 si\u0119 od przedstawionych na zdj\u0119ciu.<\/p>\n<p>Czy masz jakie\u015b pytania? Skontaktuj si\u0119 z nami\u00a0<a href=\"https:\/\/hookahshop.lt\/pl\/lacznosc\/\">strona z kontaktami<\/a>\u00a0lub napisz do nas na adres\u00a0<a href=\"https:\/\/facebook.com\/HookahShop.lt\/\" target=\"_blank\" rel=\"noopener noreferrer\">konto na Facebooku<\/a>\u00a0a my odpowiemy na Twoj\u0105 pro\u015bb\u0119 tego samego dnia.<\/p>","protected":false},"excerpt":{"rendered":"<p>Zestaw akcesori\u00f3w do fajki wodnej TRAVEL Jest to zestaw, w kt\u00f3rym znajdziesz: kuchenk\u0119 turystyczn\u0105 do podgrzewania w\u0119gla do fajki wodnej, butl\u0119 z gazem oraz 100 sztuk jednorazowych ustnik\u00f3w. W zestawie akcesori\u00f3w znajduj\u0105 si\u0119: Kuchenka turystyczna do podgrzewania w\u0119gla do fajki wodnej Butla z gazem Ustniki jednorazowe 100 szt. *Wygl\u0105d produktu i marka mog\u0105 r\u00f3\u017cni\u0107 si\u0119 od ilustracji. Czy masz jakie\u015b pytania? Skontaktuj si\u0119 z nami na stronie kontaktowej lub napisz do nas na naszym koncie na Facebooku, a my odpowiemy [\u2026]<\/p>","protected":false},"featured_media":18772,"comment_status":"open","ping_status":"closed","template":"","meta":[],"_links":{"self":[{"href":"https:\/\/hookahshop.lt\/pl\/wp-json\/wp\/v2\/product\/18771"}],"collection":[{"href":"https:\/\/hookahshop.lt\/pl\/wp-json\/wp\/v2\/product"}],"about":[{"href":"https:\/\/hookahshop.lt\/pl\/wp-json\/wp\/v2\/types\/product"}],"replies":[{"embeddable":true,"href":"https:\/\/hookahshop.lt\/pl\/wp-json\/wp\/v2\/comments?post=18771"}],"version-history":[{"count":7,"href":"https:\/\/hookahshop.lt\/pl\/wp-json\/wp\/v2\/product\/18771\/revisions"}],"predecessor-version":[{"id":43550,"href":"https:\/\/hookahshop.lt\/pl\/wp-json\/wp\/v2\/product\/18771\/revisions\/43550"}],"wp:featuredmedia":[{"embeddable":true,"href":"https:\/\/hookahshop.lt\/pl\/wp-json\/wp\/v2\/media\/18772"}],"wp:attachment":[{"href":"https:\/\/hookahshop.lt\/pl\/wp-json\/wp\/v2\/media?parent=18771"}],"curies":[{"name":"wp","href":"https:\/\/api.w.org\/{rel}","templated":true}]}}