{"id":18794,"date":"2021-01-31T18:48:57","date_gmt":"2021-01-31T16:48:57","guid":{"rendered":"https:\/\/hookahshop.lt\/?post_type=product&#038;p=18794"},"modified":"2026-04-19T23:29:21","modified_gmt":"2026-04-19T20:29:21","slug":"taurele-kaljanui-oblako-dusha-phunnel-m","status":"publish","type":"product","link":"https:\/\/hookahshop.lt\/pl\/produkt\/kubek-szisza-chmura-dusha-phunnel-m\/","title":{"rendered":"Kubek do fajki wodnej OBLAKO Dusha Phunnel M"},"content":{"rendered":"<h2>Kubek do fajki wodnej OBLAKO Dusha Phunnel M<\/h2>\n<p>Klasyczny model \u201eOBLAKO\u201d pokryty jest wyj\u0105tkow\u0105 czarn\u0105 glazur\u0105, kt\u00f3ra nadaje si\u0119 zar\u00f3wno do lekkiego, jak i mocniejszego palenia. Nowy kubek \u201eOBALAKO\u201d to edycja limitowana wydana wsp\u00f3lnie z mark\u0105 \u201eDUSHA\u201d. Miseczka Dusha phunnel M wypalona jest od do\u0142u czarn\u0105 matow\u0105 glazur\u0105, a od g\u00f3ry czarn\u0105 b\u0142yszcz\u0105c\u0105 glazur\u0105. W produkcie zastosowano wy\u0142\u0105cznie szkliwo dopuszczone do kontaktu z \u017cywno\u015bci\u0105, kt\u00f3re nie stwarza zagro\u017cenia dla zdrowia cz\u0142owieka.<\/p>\n<p>Pojemno\u015b\u0107 mieszanki fajki wodnej: 20-23g.<\/p>\n<p><strong>Specyfikacje:<\/strong><br \/>\nWysoko\u015b\u0107: 116 mm<br \/>\n\u015arednica (zewn\u0119trzna): 74 mm<br \/>\n\u015arednica (wewn\u0119trzna): 68 mm<br \/>\nG\u0142\u0119boko\u015b\u0107: 14 mm<br \/>\n\u015arednica otworu: 12 mm<br \/>\nLiczba otwor\u00f3w: 1<br \/>\nWaga: oko\u0142o 165 g.<\/p>\n<p>Czy masz jakie\u015b pytania? Skontaktuj si\u0119 z nami\u00a0<a href=\"https:\/\/hookahshop.lt\/pl\/lacznosc\/\">strona z kontaktami<\/a>\u00a0lub napisz do nas na adres\u00a0<a href=\"https:\/\/facebook.com\/HookahShop.lt\/\" target=\"_blank\" rel=\"noopener noreferrer\">konto na Facebooku<\/a>\u00a0a my odpowiemy na Twoj\u0105 pro\u015bb\u0119 tego samego dnia.<\/p>","protected":false},"excerpt":{"rendered":"<p>Fili\u017canka do fajki wodnej OBLAKO Dusha Phunnel M Klasyczny model \u201eOBLAKO\u201d pokryty jest wyj\u0105tkow\u0105 czarn\u0105 glazur\u0105, kt\u00f3ra nadaje si\u0119 zar\u00f3wno do lekkiego, jak i mocniejszego palenia. Nowy kubek \u201eOBALAKO\u201d to edycja limitowana wydana wsp\u00f3lnie z mark\u0105 \u201eDUSHA\u201d. Miseczka Dusha phunnel M wypalona jest od do\u0142u czarn\u0105 matow\u0105 glazur\u0105, a od g\u00f3ry czarn\u0105 b\u0142yszcz\u0105c\u0105 glazur\u0105. W produkcie zastosowano wy\u0142\u0105cznie \u017cywno\u015b\u0107 [\u2026]<\/p>","protected":false},"featured_media":18795,"comment_status":"open","ping_status":"closed","template":"","meta":[],"_links":{"self":[{"href":"https:\/\/hookahshop.lt\/pl\/wp-json\/wp\/v2\/product\/18794"}],"collection":[{"href":"https:\/\/hookahshop.lt\/pl\/wp-json\/wp\/v2\/product"}],"about":[{"href":"https:\/\/hookahshop.lt\/pl\/wp-json\/wp\/v2\/types\/product"}],"replies":[{"embeddable":true,"href":"https:\/\/hookahshop.lt\/pl\/wp-json\/wp\/v2\/comments?post=18794"}],"version-history":[{"count":4,"href":"https:\/\/hookahshop.lt\/pl\/wp-json\/wp\/v2\/product\/18794\/revisions"}],"predecessor-version":[{"id":41067,"href":"https:\/\/hookahshop.lt\/pl\/wp-json\/wp\/v2\/product\/18794\/revisions\/41067"}],"wp:featuredmedia":[{"embeddable":true,"href":"https:\/\/hookahshop.lt\/pl\/wp-json\/wp\/v2\/media\/18795"}],"wp:attachment":[{"href":"https:\/\/hookahshop.lt\/pl\/wp-json\/wp\/v2\/media?parent=18794"}],"curies":[{"name":"wp","href":"https:\/\/api.w.org\/{rel}","templated":true}]}}