{"id":18798,"date":"2021-01-31T18:54:45","date_gmt":"2021-01-31T16:54:45","guid":{"rendered":"https:\/\/hookahshop.lt\/?post_type=product&#038;p=18798"},"modified":"2026-05-14T23:29:25","modified_gmt":"2026-05-14T20:29:25","slug":"taurele-kaljanui-oblako-dusha-killer","status":"publish","type":"product","link":"https:\/\/hookahshop.lt\/pl\/produkt\/kubek-szisza-chmura-dusha-killer\/","title":{"rendered":"Kubek do fajki wodnej OBLAKO Dusha Killer"},"content":{"rendered":"<h2>Kubek do fajki wodnej OBLAKO Dusha Killer<\/h2>\n<p>Klasyczny model \u201eOBLAKO\u201d pokryty jest wyj\u0105tkow\u0105 czarn\u0105 glazur\u0105, kt\u00f3ra nadaje si\u0119 zar\u00f3wno do lekkiego, jak i mocniejszego palenia. Nowy kubek \u201eOBALAKO\u201d to edycja limitowana wydana wsp\u00f3lnie z mark\u0105 \u201eDUSHA\u201d. Kubek Dusha Killer pod\u015bwietlony jest od do\u0142u czarn\u0105 matow\u0105 glazur\u0105, a od g\u00f3ry czarn\u0105 b\u0142yszcz\u0105c\u0105 glazur\u0105. W produkcie zastosowano wy\u0142\u0105cznie szkliwo dopuszczone do kontaktu z \u017cywno\u015bci\u0105, kt\u00f3re nie stwarza zagro\u017cenia dla zdrowia cz\u0142owieka.<\/p>\n<p>Pojemno\u015b\u0107 mieszanki fajki wodnej: 23-28g.<\/p>\n<p><strong>Specyfikacje:<\/strong><br \/>\nWysoko\u015b\u0107: 116 mm<br \/>\n\u015arednica (zewn\u0119trzna): 74 mm<br \/>\n\u015arednica (wewn\u0119trzna): 62 mm<br \/>\nG\u0142\u0119boko\u015b\u0107: 15 mm<br \/>\n\u015arednica otworu: 8 mm<br \/>\nLiczba otwor\u00f3w: 5<br \/>\nWaga: oko\u0142o 190 g.<\/p>\n<p>Czy masz jakie\u015b pytania? Skontaktuj si\u0119 z nami\u00a0<a href=\"https:\/\/hookahshop.lt\/pl\/lacznosc\/\">strona z kontaktami<\/a>\u00a0lub napisz do nas na adres\u00a0<a href=\"https:\/\/facebook.com\/HookahShop.lt\/\" target=\"_blank\" rel=\"noopener noreferrer\">konto na Facebooku<\/a>\u00a0a my odpowiemy na Twoj\u0105 pro\u015bb\u0119 tego samego dnia.<\/p>","protected":false},"excerpt":{"rendered":"<p>Miska na fajk\u0119 wodn\u0105 OBLAKO Dusha Killer Klasyczny model \u201eOBLAKO\u201d pokryty jest wyj\u0105tkow\u0105 czarn\u0105 glazur\u0105, kt\u00f3ra nadaje si\u0119 zar\u00f3wno do lekkiego, jak i mocniejszego palenia. Nowy kubek \u201eOBALAKO\u201d to edycja limitowana wydana wsp\u00f3lnie z mark\u0105 \u201eDUSHA\u201d. Kubek Dusha Killer pod\u015bwietlony jest od do\u0142u czarn\u0105 matow\u0105 glazur\u0105, a od g\u00f3ry czarn\u0105 b\u0142yszcz\u0105c\u0105 glazur\u0105. W produkcie zastosowano wy\u0142\u0105cznie szkliwo dopuszczone do kontaktu z \u017cywno\u015bci\u0105, kt\u00f3re nie podnosi [\u2026]<\/p>","protected":false},"featured_media":18799,"comment_status":"open","ping_status":"closed","template":"","meta":[],"_links":{"self":[{"href":"https:\/\/hookahshop.lt\/pl\/wp-json\/wp\/v2\/product\/18798"}],"collection":[{"href":"https:\/\/hookahshop.lt\/pl\/wp-json\/wp\/v2\/product"}],"about":[{"href":"https:\/\/hookahshop.lt\/pl\/wp-json\/wp\/v2\/types\/product"}],"replies":[{"embeddable":true,"href":"https:\/\/hookahshop.lt\/pl\/wp-json\/wp\/v2\/comments?post=18798"}],"version-history":[{"count":5,"href":"https:\/\/hookahshop.lt\/pl\/wp-json\/wp\/v2\/product\/18798\/revisions"}],"predecessor-version":[{"id":45861,"href":"https:\/\/hookahshop.lt\/pl\/wp-json\/wp\/v2\/product\/18798\/revisions\/45861"}],"wp:featuredmedia":[{"embeddable":true,"href":"https:\/\/hookahshop.lt\/pl\/wp-json\/wp\/v2\/media\/18799"}],"wp:attachment":[{"href":"https:\/\/hookahshop.lt\/pl\/wp-json\/wp\/v2\/media?parent=18798"}],"curies":[{"name":"wp","href":"https:\/\/api.w.org\/{rel}","templated":true}]}}