{"id":18812,"date":"2021-01-31T21:54:42","date_gmt":"2021-01-31T19:54:42","guid":{"rendered":"https:\/\/hookahshop.lt\/?post_type=product&#038;p=18812"},"modified":"2026-04-17T23:29:42","modified_gmt":"2026-04-17T20:29:42","slug":"znyples-kaljano-anglims-kaloud-vestara-niris-black","status":"publish","type":"product","link":"https:\/\/hookahshop.lt\/pl\/produkt\/szisza-szisza-wegiel-kaloud-westara-niris-czarny\/","title":{"rendered":"Szczypce do fajki wodnej KALOUD Vestara Niris Black"},"content":{"rendered":"<h2>Szczypce do fajki wodnej KALOUD Vestara Niris Black<\/h2>\n<p>S\u0142ynny ameryka\u0144ski producent akcesori\u00f3w do fajki wodnej \u201eKaloud\u201d pokaza\u0142 \u015bwiatu nowy dodatek - szczypce do fajki wodnej \u201eKALOUD VESTARA TONGS\u201d.<br \/>\nSzczypce s\u0105 wykonane z metalu i drewna.<\/p>\n<p>Czy masz jakie\u015b pytania? Skontaktuj si\u0119 z nami\u00a0<a href=\"https:\/\/hookahshop.lt\/pl\/lacznosc\/\">strona z kontaktami<\/a>\u00a0lub napisz do nas na adres\u00a0<a href=\"https:\/\/facebook.com\/HookahShop.lt\/\" target=\"_blank\" rel=\"noopener noreferrer\">konto na Facebooku<\/a>\u00a0a my odpowiemy na Twoj\u0105 pro\u015bb\u0119 tego samego dnia.<\/p>","protected":false},"excerpt":{"rendered":"<p>Szczypce do fajek wodnych KALOUD Vestara Niris Black S\u0142ynny ameryka\u0144ski producent akcesori\u00f3w do fajek wodnych \u201eKaloud\u201d pokaza\u0142 \u015bwiatu nowo\u015b\u0107 \u2013 szczypce do fajki wodnej \u201eKALOUD VESTARA TONGS\u201d. Szczypce wykonane s\u0105 z metalu i drewna. Czy masz jakie\u015b pytania? Skontaktuj si\u0119 z nami na stronie kontaktowej lub napisz do nas na naszym koncie na Facebooku, a my odpowiemy na Twoj\u0105 pro\u015bb\u0119 jeszcze tego samego dnia.<\/p>","protected":false},"featured_media":18813,"comment_status":"open","ping_status":"closed","template":"","meta":[],"_links":{"self":[{"href":"https:\/\/hookahshop.lt\/pl\/wp-json\/wp\/v2\/product\/18812"}],"collection":[{"href":"https:\/\/hookahshop.lt\/pl\/wp-json\/wp\/v2\/product"}],"about":[{"href":"https:\/\/hookahshop.lt\/pl\/wp-json\/wp\/v2\/types\/product"}],"replies":[{"embeddable":true,"href":"https:\/\/hookahshop.lt\/pl\/wp-json\/wp\/v2\/comments?post=18812"}],"version-history":[{"count":4,"href":"https:\/\/hookahshop.lt\/pl\/wp-json\/wp\/v2\/product\/18812\/revisions"}],"predecessor-version":[{"id":31831,"href":"https:\/\/hookahshop.lt\/pl\/wp-json\/wp\/v2\/product\/18812\/revisions\/31831"}],"wp:featuredmedia":[{"embeddable":true,"href":"https:\/\/hookahshop.lt\/pl\/wp-json\/wp\/v2\/media\/18813"}],"wp:attachment":[{"href":"https:\/\/hookahshop.lt\/pl\/wp-json\/wp\/v2\/media?parent=18812"}],"curies":[{"name":"wp","href":"https:\/\/api.w.org\/{rel}","templated":true}]}}