{"id":18979,"date":"2021-02-05T21:52:39","date_gmt":"2021-02-05T19:52:39","guid":{"rendered":"https:\/\/hookahshop.lt\/?post_type=product&#038;p=18979"},"modified":"2026-04-06T23:28:38","modified_gmt":"2026-04-06T20:28:38","slug":"difuzorius-kaljanui-black","status":"publish","type":"product","link":"https:\/\/hookahshop.lt\/pl\/produkt\/dyfuzor-szisza-czarna\/","title":{"rendered":"Dyfuzor do fajki wodnej Czarny"},"content":{"rendered":"<h2>Dyfuzor do fajki wodnej Czarny<\/h2>\n<p>Proces pracy jest podobny do filtra, poniewa\u017c rozbija p\u0119cherzyki powietrza unosz\u0105ce si\u0119 w kolbie. W ten spos\u00f3b dym w kolbie zostaje sch\u0142odzony. Lekko t\u0142umi r\u00f3wnie\u017c bulgocz\u0105cy d\u017awi\u0119k fajki wodnej, zapewniaj\u0105c cichsze otoczenie, np. podczas ogl\u0105dania filmu lub interakcji z innymi osobami.<\/p>\n<p><strong>Stosowanie:<\/strong><br \/>\nDyfuzor montowany jest na ko\u0144cu haczyka (\u0142odygi) fajki wodnej.<\/p>\n<p><strong>Specyfikacje:<\/strong><br \/>\nMateria\u0142: silikon<br \/>\nWysoko\u015b\u0107: 5 cm<br \/>\n\u015arednica rury: ~1,3-2,cm<br \/>\nKraj producenta: Niemcy<\/p>\n<p>Czy masz jakie\u015b pytania? Skontaktuj si\u0119 z nami\u00a0<a href=\"https:\/\/hookahshop.lt\/pl\/lacznosc\/\">strona z kontaktami<\/a>\u00a0lub napisz do nas na adres\u00a0<a href=\"https:\/\/facebook.com\/HookahShop.lt\/\" target=\"_blank\" rel=\"noopener noreferrer\">konto na Facebooku<\/a>\u00a0a my odpowiemy na Twoj\u0105 pro\u015bb\u0119 tego samego dnia.<\/p>","protected":false},"excerpt":{"rendered":"<p>Dyfuzor do fajki wodnej Black Proces pracy przypomina filtr, gdy\u017c rozbija powstaj\u0105ce w kolbie p\u0119cherzyki powietrza. W ten spos\u00f3b dym w kolbie ulega och\u0142odzeniu. Lekko t\u0142umi r\u00f3wnie\u017c bulgocz\u0105cy d\u017awi\u0119k fajki wodnej, zapewniaj\u0105c cichsze otoczenie, np. podczas ogl\u0105dania filmu lub interakcji z innymi. Spos\u00f3b u\u017cycia: Dyfuzor umieszcza si\u0119 na ko\u0144cu trzonka fajki wodnej (\u0142odygi). Dane techniczne: Materia\u0142: Silikon Wysoko\u015b\u0107: 5 cm \u015arednica rurki: ~1,3-2, cm [\u2026]<\/p>","protected":false},"featured_media":18980,"comment_status":"open","ping_status":"closed","template":"","meta":[],"_links":{"self":[{"href":"https:\/\/hookahshop.lt\/pl\/wp-json\/wp\/v2\/product\/18979"}],"collection":[{"href":"https:\/\/hookahshop.lt\/pl\/wp-json\/wp\/v2\/product"}],"about":[{"href":"https:\/\/hookahshop.lt\/pl\/wp-json\/wp\/v2\/types\/product"}],"replies":[{"embeddable":true,"href":"https:\/\/hookahshop.lt\/pl\/wp-json\/wp\/v2\/comments?post=18979"}],"version-history":[{"count":7,"href":"https:\/\/hookahshop.lt\/pl\/wp-json\/wp\/v2\/product\/18979\/revisions"}],"predecessor-version":[{"id":42986,"href":"https:\/\/hookahshop.lt\/pl\/wp-json\/wp\/v2\/product\/18979\/revisions\/42986"}],"wp:featuredmedia":[{"embeddable":true,"href":"https:\/\/hookahshop.lt\/pl\/wp-json\/wp\/v2\/media\/18980"}],"wp:attachment":[{"href":"https:\/\/hookahshop.lt\/pl\/wp-json\/wp\/v2\/media?parent=18979"}],"curies":[{"name":"wp","href":"https:\/\/api.w.org\/{rel}","templated":true}]}}