{"id":19042,"date":"2021-02-08T14:06:32","date_gmt":"2021-02-08T12:06:32","guid":{"rendered":"https:\/\/hookahshop.lt\/?post_type=product&#038;p=19042"},"modified":"2026-04-06T23:28:57","modified_gmt":"2026-04-06T20:28:57","slug":"karscio-kamera-amy-globe-heat-box-silver","status":"publish","type":"product","link":"https:\/\/hookahshop.lt\/pl\/produkt\/kamera-cieplna-amy-globe-heat-box-silver\/","title":{"rendered":"Kamera termowizyjna AMY Globe Heat Box Silver"},"content":{"rendered":"<h2>Kamera termowizyjna AMY Globe Heat Box Silver<\/h2>\n<p>Przeznaczony jest do podgrzewania fajki wodnej naturalnym w\u0119glem kokosowym.<\/p>\n<p id=\"tw-target-text\" class=\"tw-data-text tw-text-large tw-ta\" dir=\"ltr\" data-placeholder=\"Vertimas\"><span lang=\"lt\">G\u0142\u00f3wne zalety komory grzewczej:<\/span><\/p>\n<ul>\n<li><span lang=\"lt\">Wielokrotnego u\u017cytku;<\/span><\/li>\n<li><span lang=\"lt\">Nigdy wi\u0119cej folii;<\/span><\/li>\n<li><span lang=\"lt\">W\u0119giel pozostaje na swoim miejscu dzi\u0119ki wygodnemu kszta\u0142towi;<\/span><\/li>\n<li>Poprawia cyrkulacj\u0119 powietrza;<\/li>\n<li><span lang=\"lt\">Nagrzewa si\u0119 w kr\u00f3tkim czasie i utrzymuje ciep\u0142o na stabilnym poziomie.<\/span><\/li>\n<\/ul>\n<p>Marka: AMY<br \/>\nWysoko\u015b\u0107: 5 cm<br \/>\n\u015arednica: 8 cm<br \/>\nG\u0142\u0119boko\u015b\u0107: ~2 cm<br \/>\nMateria\u0142: aluminium, guma<br \/>\nCechy: Dwa uchwyty<br \/>\nKraj pochodzenia: Niemcy<\/p>\n<p>Czy masz jakie\u015b pytania? Skontaktuj si\u0119 z nami\u00a0<a href=\"https:\/\/hookahshop.lt\/pl\/lacznosc\/\">strona z kontaktami<\/a>\u00a0lub napisz do nas na adres\u00a0<a href=\"https:\/\/facebook.com\/HookahShop.lt\/\" target=\"_blank\" rel=\"noopener noreferrer\">konto na Facebooku<\/a>\u00a0a my odpowiemy na Twoj\u0105 pro\u015bb\u0119 tego samego dnia.<\/p>","protected":false},"excerpt":{"rendered":"<p>Komora grzewcza AMY Globe Heat Box Silver Przeznaczona jest do podgrzewania szklanki do fajki wodnej naturalnym w\u0119glem kokosowym. G\u0142\u00f3wne zalety komory grzewczej: Wielokrotne zastosowanie; Nie ma ju\u017c potrzeby stosowania folii; Carbon pozostaje na swoim miejscu dzi\u0119ki wygodnemu kszta\u0142towi; Poprawia si\u0119 cyrkulacja powietrza; Nagrzewa si\u0119 w kr\u00f3tkim czasie i stabilnie utrzymuje ciep\u0142o. Marka: AMY Wysoko\u015b\u0107: 5 cm \u015arednica: 8 cm G\u0142\u0119boko\u015b\u0107: ~2 cm [\u2026]<\/p>","protected":false},"featured_media":19043,"comment_status":"open","ping_status":"closed","template":"","meta":[],"_links":{"self":[{"href":"https:\/\/hookahshop.lt\/pl\/wp-json\/wp\/v2\/product\/19042"}],"collection":[{"href":"https:\/\/hookahshop.lt\/pl\/wp-json\/wp\/v2\/product"}],"about":[{"href":"https:\/\/hookahshop.lt\/pl\/wp-json\/wp\/v2\/types\/product"}],"replies":[{"embeddable":true,"href":"https:\/\/hookahshop.lt\/pl\/wp-json\/wp\/v2\/comments?post=19042"}],"version-history":[{"count":4,"href":"https:\/\/hookahshop.lt\/pl\/wp-json\/wp\/v2\/product\/19042\/revisions"}],"predecessor-version":[{"id":29864,"href":"https:\/\/hookahshop.lt\/pl\/wp-json\/wp\/v2\/product\/19042\/revisions\/29864"}],"wp:featuredmedia":[{"embeddable":true,"href":"https:\/\/hookahshop.lt\/pl\/wp-json\/wp\/v2\/media\/19043"}],"wp:attachment":[{"href":"https:\/\/hookahshop.lt\/pl\/wp-json\/wp\/v2\/media?parent=19042"}],"curies":[{"name":"wp","href":"https:\/\/api.w.org\/{rel}","templated":true}]}}