{"id":19125,"date":"2021-02-13T16:10:26","date_gmt":"2021-02-13T14:10:26","guid":{"rendered":"https:\/\/hookahshop.lt\/?post_type=product&#038;p=19125"},"modified":"2026-04-22T23:29:00","modified_gmt":"2026-04-22T20:29:00","slug":"kaljanas-invi-nano-gun-metal-black","status":"publish","type":"product","link":"https:\/\/hookahshop.lt\/pl\/produkt\/hookah-invi-nano-gun-metal-black\/","title":{"rendered":"Fajka wodna INVI Nano Gun Metal Czarna"},"content":{"rendered":"<h2>Fajka wodna INVI Nano Gun Metal Czarna<\/h2>\n<p>To niewielkie po\u0142\u0105czenie stali nierdzewnej i szk\u0142a - podr\u00f3\u017cna mini fajka wodna. \u015awietna, kompaktowa fajka wodna.<\/p>\n<p><strong>Ekwipunek:<\/strong><br \/>\nNargile<br \/>\nW\u0105\u017c silikonowy<br \/>\nAluminiowy ustnik<br \/>\nW\u00f3zek sklepowy<\/p>\n<p>Czy masz jakie\u015b pytania? Skontaktuj si\u0119 z nami\u00a0<a href=\"https:\/\/hookahshop.lt\/pl\/lacznosc\/\">strona z kontaktami<\/a>\u00a0lub napisz do nas na adres\u00a0<a href=\"https:\/\/facebook.com\/HookahShop.lt\/\" target=\"_blank\" rel=\"noopener noreferrer\">konto na Facebooku<\/a>\u00a0a my odpowiemy na Twoj\u0105 pro\u015bb\u0119 tego samego dnia.<\/p>","protected":false},"excerpt":{"rendered":"<p>Szisza INVI Nano Gun Metal Black To niewielkie po\u0142\u0105czenie stali nierdzewnej i szk\u0142a - mini szisza podr\u00f3\u017cna. \u015awietna, kompaktowa fajka wodna. Kompletny zestaw: Fajka wodna W\u0105\u017c silikonowy Ustnik aluminiowy Koszyk Masz pytania? Skontaktuj si\u0119 z nami na stronie kontaktowej lub napisz do nas na Facebooku, a my odpowiemy na Twoj\u0105 pro\u015bb\u0119 jeszcze tego samego dnia.<\/p>","protected":false},"featured_media":19134,"comment_status":"open","ping_status":"closed","template":"","meta":[],"_links":{"self":[{"href":"https:\/\/hookahshop.lt\/pl\/wp-json\/wp\/v2\/product\/19125"}],"collection":[{"href":"https:\/\/hookahshop.lt\/pl\/wp-json\/wp\/v2\/product"}],"about":[{"href":"https:\/\/hookahshop.lt\/pl\/wp-json\/wp\/v2\/types\/product"}],"replies":[{"embeddable":true,"href":"https:\/\/hookahshop.lt\/pl\/wp-json\/wp\/v2\/comments?post=19125"}],"version-history":[{"count":3,"href":"https:\/\/hookahshop.lt\/pl\/wp-json\/wp\/v2\/product\/19125\/revisions"}],"predecessor-version":[{"id":27462,"href":"https:\/\/hookahshop.lt\/pl\/wp-json\/wp\/v2\/product\/19125\/revisions\/27462"}],"wp:featuredmedia":[{"embeddable":true,"href":"https:\/\/hookahshop.lt\/pl\/wp-json\/wp\/v2\/media\/19134"}],"wp:attachment":[{"href":"https:\/\/hookahshop.lt\/pl\/wp-json\/wp\/v2\/media?parent=19125"}],"curies":[{"name":"wp","href":"https:\/\/api.w.org\/{rel}","templated":true}]}}