{"id":19236,"date":"2021-02-15T12:13:54","date_gmt":"2021-02-15T10:13:54","guid":{"rendered":"https:\/\/hookahshop.lt\/?post_type=product&#038;p=19236"},"modified":"2026-04-17T23:29:24","modified_gmt":"2026-04-17T20:29:24","slug":"kaljano-komplektas-invi-nano-rose-gold-black","status":"publish","type":"product","link":"https:\/\/hookahshop.lt\/pl\/produkt\/zestaw-do-fajki-wodnej-invi-nano-rozowo-zloty-czarny\/","title":{"rendered":"Zestaw fajki wodnej INVI Nano Rose Gold Black"},"content":{"rendered":"<h2>Zestaw fajki wodnej INVI Nano Rose Gold Black<\/h2>\n<p>To niewielkie po\u0142\u0105czenie stali nierdzewnej i szk\u0142a - podr\u00f3\u017cna mini fajka wodna. \u015awietna, kompaktowa fajka wodna.<\/p>\n<p><strong>Specyfikacja:<\/strong><br \/>\nWysoko\u015b\u0107 fajki wodnej: 18 cm<br \/>\nMateria\u0142 (zewn\u0119trzny): anodowane aluminium<br \/>\nMateria\u0142 (wewn\u0119trzny): stal nierdzewna (sp\u00f3d s\u0142upa w kontakcie z wod\u0105)<\/p>\n<p>Ekwipunek:<br \/>\nWa\u0142 -1 szt.<br \/>\nTalerz do fajki wodnej - 1 szt.<br \/>\nUstnik - 1 szt.<br \/>\nW\u0105\u017c silikonowy - 1 szt.<br \/>\nUszczelki - 2 szt.<br \/>\nKolba - 1 szt.<br \/>\nSzczypce - 1 szt.<br \/>\nKomora grzewcza - 1 szt.<br \/>\nKubek - 1 szt.<br \/>\nW\u0119giel 1kg - 1szt.<br \/>\nP\u0142yta (zapalniczka na w\u0119giel) - 1szt.<\/p>\n<p>Czy masz jakie\u015b pytania? Skontaktuj si\u0119 z nami\u00a0<a href=\"https:\/\/hookahshop.lt\/pl\/lacznosc\/\">strona z kontaktami<\/a>\u00a0lub napisz do nas na adres\u00a0<a href=\"https:\/\/facebook.com\/HookahShop.lt\/\" target=\"_blank\" rel=\"noopener noreferrer\">konto na Facebooku<\/a>\u00a0a my odpowiemy na Twoj\u0105 pro\u015bb\u0119 tego samego dnia.<\/p>","protected":false},"excerpt":{"rendered":"<p>Zestaw fajek wodnych INVI Nano Rose Gold Black To niewielkie po\u0142\u0105czenie stali nierdzewnej i szk\u0142a - podr\u00f3\u017cna mini fajka wodna. \u015awietna, kompaktowa fajka wodna. Specyfikacja: Wysoko\u015b\u0107 fajki wodnej: 18cm Materia\u0142 (zewn\u0119trzny): aluminium anodowane Materia\u0142 (wewn\u0119trzny): stal nierdzewna (Dolna cz\u0119\u015b\u0107 trzonka maj\u0105ca kontakt z wod\u0105) Kompletny zestaw: Trzonek - 1 szt. Talerz do fajki wodnej - 1 szt. Ustnik - 1 szt. W\u0105\u017c silikonowy [\u2026]<\/p>","protected":false},"featured_media":28046,"comment_status":"open","ping_status":"closed","template":"","meta":[],"_links":{"self":[{"href":"https:\/\/hookahshop.lt\/pl\/wp-json\/wp\/v2\/product\/19236"}],"collection":[{"href":"https:\/\/hookahshop.lt\/pl\/wp-json\/wp\/v2\/product"}],"about":[{"href":"https:\/\/hookahshop.lt\/pl\/wp-json\/wp\/v2\/types\/product"}],"replies":[{"embeddable":true,"href":"https:\/\/hookahshop.lt\/pl\/wp-json\/wp\/v2\/comments?post=19236"}],"version-history":[{"count":3,"href":"https:\/\/hookahshop.lt\/pl\/wp-json\/wp\/v2\/product\/19236\/revisions"}],"predecessor-version":[{"id":28066,"href":"https:\/\/hookahshop.lt\/pl\/wp-json\/wp\/v2\/product\/19236\/revisions\/28066"}],"wp:featuredmedia":[{"embeddable":true,"href":"https:\/\/hookahshop.lt\/pl\/wp-json\/wp\/v2\/media\/28046"}],"wp:attachment":[{"href":"https:\/\/hookahshop.lt\/pl\/wp-json\/wp\/v2\/media?parent=19236"}],"curies":[{"name":"wp","href":"https:\/\/api.w.org\/{rel}","templated":true}]}}