{"id":19262,"date":"2021-02-15T14:58:55","date_gmt":"2021-02-15T12:58:55","guid":{"rendered":"https:\/\/hookahshop.lt\/?post_type=product&#038;p=19262"},"modified":"2026-04-18T23:28:36","modified_gmt":"2026-04-18T20:28:36","slug":"anglys-kaljanui-tom-coco-26mm-2kg","status":"publish","type":"product","link":"https:\/\/hookahshop.lt\/pl\/produkt\/wegiel-do-fajki-wodnej-tom-coco-26mm-2kg\/","title":{"rendered":"W\u0119giel do fajki wodnej TOM COCO 26mm 2kg"},"content":{"rendered":"<h2>W\u0119giel do fajki wodnej TOM COCO 26mm 2kg<\/h2>\n<p>W\u0119giel TOM jest wytwarzany z \u0142upin orzecha kokosowego. W\u0119gle te ze wzgl\u0119du na metod\u0119 produkcji s\u0105 szczeg\u00f3lnie przyjazne dla \u015brodowiska. W\u0119giel TOM nie tylko spala si\u0119 przez d\u0142ugi czas, ale tak\u017ce pozostawia bardzo ma\u0142o popio\u0142u. W\u0119giel nie zapala si\u0119 samoczynnie, wi\u0119c do rozpalenia potrzebna jest elektryczna p\u0142yta grzewcza do fajki wodnej, turystyczna kuchenka gazowa itp.<\/p>\n<p><strong>Charakterystyka:<\/strong><br \/>\n- Niska zawarto\u015b\u0107 popio\u0142u<br \/>\n- Neutralny zapach<br \/>\n- D\u0142ugi czas palenia<br \/>\n- Organiczne<\/p>\n<p><strong>Specyfikacja:<\/strong><br \/>\nPakowanie: 2 kg (125 szt.)<br \/>\nWymiary: 26x26x26 mm<br \/>\nCzas palenia: 90 min.<br \/>\nKraj pochodzenia: Indonezja<\/p>\n<p>Czy masz jakie\u015b pytania? Skontaktuj si\u0119 z nami\u00a0<a href=\"https:\/\/hookahshop.lt\/pl\/lacznosc\/\">strona z kontaktami<\/a>\u00a0lub napisz do nas na adres\u00a0<a href=\"https:\/\/facebook.com\/HookahShop.lt\/\" target=\"_blank\" rel=\"noopener noreferrer\">konto na Facebooku<\/a>\u00a0a my odpowiemy na Twoj\u0105 pro\u015bb\u0119 tego samego dnia.<\/p>","protected":false},"excerpt":{"rendered":"<p>W\u0119giel do fajki wodnej TOM COCO 26mm 2kg W\u0119giel TOM produkowany jest z \u0142upin orzecha kokosowego. Ze wzgl\u0119du na spos\u00f3b produkcji w\u0119gle te s\u0105 szczeg\u00f3lnie przyjazne dla \u015brodowiska. W\u0119giel TOM nie tylko pali si\u0119 d\u0142ugo, ale tak\u017ce pozostawia bardzo ma\u0142o popio\u0142u. W\u0119giel nie zapala si\u0119 sam, dlatego do rozpalenia w\u0119gli potrzebna jest elektryczna p\u0142yta grzewcza do fajki wodnej, turystyczna kuchenka gazowa lub podobna. Charakterystyka: \u2013 Niska zawarto\u015b\u0107 popio\u0142u \u2013 Neutralny [\u2026]<\/p>","protected":false},"featured_media":19263,"comment_status":"open","ping_status":"closed","template":"","meta":[],"_links":{"self":[{"href":"https:\/\/hookahshop.lt\/pl\/wp-json\/wp\/v2\/product\/19262"}],"collection":[{"href":"https:\/\/hookahshop.lt\/pl\/wp-json\/wp\/v2\/product"}],"about":[{"href":"https:\/\/hookahshop.lt\/pl\/wp-json\/wp\/v2\/types\/product"}],"replies":[{"embeddable":true,"href":"https:\/\/hookahshop.lt\/pl\/wp-json\/wp\/v2\/comments?post=19262"}],"version-history":[{"count":14,"href":"https:\/\/hookahshop.lt\/pl\/wp-json\/wp\/v2\/product\/19262\/revisions"}],"predecessor-version":[{"id":29420,"href":"https:\/\/hookahshop.lt\/pl\/wp-json\/wp\/v2\/product\/19262\/revisions\/29420"}],"wp:featuredmedia":[{"embeddable":true,"href":"https:\/\/hookahshop.lt\/pl\/wp-json\/wp\/v2\/media\/19263"}],"wp:attachment":[{"href":"https:\/\/hookahshop.lt\/pl\/wp-json\/wp\/v2\/media?parent=19262"}],"curies":[{"name":"wp","href":"https:\/\/api.w.org\/{rel}","templated":true}]}}