{"id":19388,"date":"2021-02-19T11:28:14","date_gmt":"2021-02-19T09:28:14","guid":{"rendered":"https:\/\/hookahshop.lt\/?post_type=product&#038;p=19388"},"modified":"2026-04-15T12:29:12","modified_gmt":"2026-04-15T09:29:12","slug":"sirupo-gaudykle-yahya-elegance-juoda","status":"publish","type":"product","link":"https:\/\/hookahshop.lt\/pl\/produkt\/syrop-pulapka-yahya-elegancja-czarny\/","title":{"rendered":"Syfon YAHYA Elegance Black"},"content":{"rendered":"<h2>Syfon YAHYA Elegance Black<\/h2>\n<p>Yahya Elegance Hookah Syrup Catcher (czarny) to stylowy dodatek do \u0142apania i zbierania syropu tytoniowego. \u0141atwy do odkr\u0119cenia i czyszczenia.<br \/>\nZapobiegaj przedostawaniu si\u0119 li\u015bci tytoniu i syropu do kolby i \u0142odygi fajki wodnej. Syrop i tyto\u0144 nie gromadz\u0105 si\u0119 w trzonie, co u\u0142atwia mycie i nadaje czystszy smak. Chroni przed \u017c\u00f3\u0142kni\u0119ciem w kolbie. Teraz przy zmianie kubka nie trzeba ka\u017cdorazowo my\u0107 fajki wodnej w celu usuni\u0119cia syropu.<br \/>\nSyfon do fajki wodnej &quot;Yahya Elegance&quot; (czarny) - stylowy czarny kolor, niepowtarzalny, oryginalny design!<\/p>\n<p>Charakterystyka:<br \/>\nWysoko\u015b\u0107: 60mm<br \/>\n\u015arednica (zewn\u0119trzna): 48 mm<br \/>\n\u015arednica (wewn\u0119trzna): 23 mm<br \/>\nWaga: oko\u0142o 90 gr<\/p>\n<p>Czy masz jakie\u015b pytania? Skontaktuj si\u0119 z nami\u00a0<a href=\"https:\/\/hookahshop.lt\/pl\/lacznosc\/\">strona z kontaktami<\/a>\u00a0lub napisz do nas na adres\u00a0<a href=\"https:\/\/facebook.com\/HookahShop.lt\/\" target=\"_blank\" rel=\"noopener noreferrer\">konto na Facebooku<\/a>\u00a0a my odpowiemy na Twoj\u0105 pro\u015bb\u0119 tego samego dnia.<\/p>","protected":false},"excerpt":{"rendered":"<p>Pu\u0142apka na syrop YAHYA Elegance Black Pu\u0142apka na syrop z fajki wodnej \u201eYahya Elegance\u201d (czarna) to stylowy dodatek do \u0142apania i zbierania syropu tytoniowego. \u0141atwe do odkr\u0119cenia i czyszczenia. Zapobiega przedostawaniu si\u0119 li\u015bci tytoniu i syropu do kolby i \u0142odygi fajki wodnej. Trzon nie gromadzi syropu i tytoniu, co u\u0142atwia mycie i nadaje czystszy smak. Zapobiega \u017c\u00f3\u0142kni\u0119ciu w kolbie. Teraz przy zmianie kubka [\u2026]<\/p>","protected":false},"featured_media":19389,"comment_status":"open","ping_status":"closed","template":"","meta":[],"_links":{"self":[{"href":"https:\/\/hookahshop.lt\/pl\/wp-json\/wp\/v2\/product\/19388"}],"collection":[{"href":"https:\/\/hookahshop.lt\/pl\/wp-json\/wp\/v2\/product"}],"about":[{"href":"https:\/\/hookahshop.lt\/pl\/wp-json\/wp\/v2\/types\/product"}],"replies":[{"embeddable":true,"href":"https:\/\/hookahshop.lt\/pl\/wp-json\/wp\/v2\/comments?post=19388"}],"version-history":[{"count":4,"href":"https:\/\/hookahshop.lt\/pl\/wp-json\/wp\/v2\/product\/19388\/revisions"}],"predecessor-version":[{"id":27240,"href":"https:\/\/hookahshop.lt\/pl\/wp-json\/wp\/v2\/product\/19388\/revisions\/27240"}],"wp:featuredmedia":[{"embeddable":true,"href":"https:\/\/hookahshop.lt\/pl\/wp-json\/wp\/v2\/media\/19389"}],"wp:attachment":[{"href":"https:\/\/hookahshop.lt\/pl\/wp-json\/wp\/v2\/media?parent=19388"}],"curies":[{"name":"wp","href":"https:\/\/api.w.org\/{rel}","templated":true}]}}