{"id":19405,"date":"2021-02-19T13:33:56","date_gmt":"2021-02-19T11:33:56","guid":{"rendered":"https:\/\/hookahshop.lt\/?post_type=product&#038;p=19405"},"modified":"2026-04-18T23:28:42","modified_gmt":"2026-04-18T20:28:42","slug":"kaljanas-gorky-hookah-electro-black-gold","status":"publish","type":"product","link":"https:\/\/hookahshop.lt\/pl\/produkt\/szisza-gorky-szisza-elektro-czarno-zlota\/","title":{"rendered":"Fajka wodna GORKY HOOKAH Elektro czarno-z\u0142ota"},"content":{"rendered":"<h2>Fajka wodna GORKY Fajka wodna Electro Czarno-z\u0142ota<\/h2>\n<p>Z najlepszych materia\u0142\u00f3w na rynku. Wa\u0142 ze stali nierdzewnej, wyko\u0144czenie trzpienia z mi\u0119kkiego drewna.<\/p>\n<p><strong>Specyfikacje:<\/strong><\/p>\n<p>Wysoko\u015b\u0107 ca\u0142kowita: 570 mm.<br \/>\nWysoko\u015b\u0107 kolby: 250 mm<br \/>\nMateria\u0142: stal nierdzewna i drewno.<\/p>\n<p>Czy masz jakie\u015b pytania? Skontaktuj si\u0119 z nami\u00a0<a href=\"https:\/\/hookahshop.lt\/pl\/lacznosc\/\">strona z kontaktami<\/a>\u00a0lub napisz do nas na adres\u00a0<a href=\"https:\/\/facebook.com\/HookahShop.lt\/\" target=\"_blank\" rel=\"noopener noreferrer\">konto na Facebooku<\/a>\u00a0a my odpowiemy na Twoj\u0105 pro\u015bb\u0119 tego samego dnia.<\/p>","protected":false},"excerpt":{"rendered":"<p>Szisza GORKY Szisza Elektro Czarno-Z\u0142ota Z najlepszych materia\u0142\u00f3w na rynku. Trzon ze stali nierdzewnej, wyko\u0144czenie trzonu z mi\u0119kkiego drewna. Dane techniczne: Wysoko\u015b\u0107 ca\u0142kowita: 570 mm. Wysoko\u015b\u0107 kolby: 250 mm Materia\u0142: stal nierdzewna i drewno. Czy masz jakie\u015b pytania? Skontaktuj si\u0119 z nami na stronie kontaktowej lub napisz do nas na naszym koncie na Facebooku, a my odpowiemy na Twoj\u0105 pro\u015bb\u0119 jeszcze tego samego dnia.<\/p>","protected":false},"featured_media":19422,"comment_status":"open","ping_status":"closed","template":"","meta":[],"_links":{"self":[{"href":"https:\/\/hookahshop.lt\/pl\/wp-json\/wp\/v2\/product\/19405"}],"collection":[{"href":"https:\/\/hookahshop.lt\/pl\/wp-json\/wp\/v2\/product"}],"about":[{"href":"https:\/\/hookahshop.lt\/pl\/wp-json\/wp\/v2\/types\/product"}],"replies":[{"embeddable":true,"href":"https:\/\/hookahshop.lt\/pl\/wp-json\/wp\/v2\/comments?post=19405"}],"version-history":[{"count":7,"href":"https:\/\/hookahshop.lt\/pl\/wp-json\/wp\/v2\/product\/19405\/revisions"}],"predecessor-version":[{"id":22909,"href":"https:\/\/hookahshop.lt\/pl\/wp-json\/wp\/v2\/product\/19405\/revisions\/22909"}],"wp:featuredmedia":[{"embeddable":true,"href":"https:\/\/hookahshop.lt\/pl\/wp-json\/wp\/v2\/media\/19422"}],"wp:attachment":[{"href":"https:\/\/hookahshop.lt\/pl\/wp-json\/wp\/v2\/media?parent=19405"}],"curies":[{"name":"wp","href":"https:\/\/api.w.org\/{rel}","templated":true}]}}