{"id":19468,"date":"2021-02-19T18:10:36","date_gmt":"2021-02-19T16:10:36","guid":{"rendered":"https:\/\/hookahshop.lt\/?post_type=product&#038;p=19468"},"modified":"2026-04-20T23:28:54","modified_gmt":"2026-04-20T20:28:54","slug":"kaljanas-hawk-red-black","status":"publish","type":"product","link":"https:\/\/hookahshop.lt\/pl\/produkt\/szisza-jastrzab-czerwono-czarny\/","title":{"rendered":"Fajka wodna HAWK czerwono-czarna"},"content":{"rendered":"<h2>Fajka wodna HAWK czerwono-czarna<\/h2>\n<p>\u015aredniej wielko\u015bci fajka wodna z pionowym dymem wydobywaj\u0105cym si\u0119 spod spodka. Ca\u0142kowicie chroniony przed rdz\u0105. Trzon ze stali nierdzewnej z drewnianym wyko\u0144czeniem trzpienia.<\/p>\n<p><strong>Specyfikacje:<\/strong><\/p>\n<p>Wysoko\u015b\u0107: 49 cm.<br \/>\nMateria\u0142y: stal nierdzewna i drewno.<br \/>\nMocowanie za pomoc\u0105 gumy<br \/>\nTechnologia oddymiania \u201eSyst\u00e8me de purge au-dessus du plateau\u201d.<\/p>\n<p>Czy masz jakie\u015b pytania? Skontaktuj si\u0119 z nami\u00a0<a href=\"https:\/\/hookahshop.lt\/pl\/lacznosc\/\">strona z kontaktami<\/a>\u00a0lub napisz do nas na adres\u00a0<a href=\"https:\/\/facebook.com\/HookahShop.lt\/\" target=\"_blank\" rel=\"noopener noreferrer\">konto na Facebooku<\/a>\u00a0a my odpowiemy na Twoj\u0105 pro\u015bb\u0119 tego samego dnia.<\/p>","protected":false},"excerpt":{"rendered":"<p>Szisza wodna HAWK Czerwono-Czarna \u015aredniej wielko\u015bci fajka wodna z pionowym dymem wydobywaj\u0105cym si\u0119 spod spodka. Ca\u0142kowicie chroniony przed rdz\u0105. Trzon ze stali nierdzewnej z drewnianym wyko\u0144czeniem trzpienia. Dane techniczne: Wysoko\u015b\u0107: 49 cm. Materia\u0142y: stal nierdzewna i drewno. Mocowanie za pomoc\u0105 gumowej technologii wydmuchu dymu \u201eSyst\u00e8me de purge au-dessus du plateau\u201d. Czy masz jakie\u015b pytania? Skontaktuj si\u0119 z nami na stronie kontaktowej lub napisz do nas na naszym koncie na Facebooku i [\u2026]<\/p>","protected":false},"featured_media":19471,"comment_status":"open","ping_status":"closed","template":"","meta":[],"_links":{"self":[{"href":"https:\/\/hookahshop.lt\/pl\/wp-json\/wp\/v2\/product\/19468"}],"collection":[{"href":"https:\/\/hookahshop.lt\/pl\/wp-json\/wp\/v2\/product"}],"about":[{"href":"https:\/\/hookahshop.lt\/pl\/wp-json\/wp\/v2\/types\/product"}],"replies":[{"embeddable":true,"href":"https:\/\/hookahshop.lt\/pl\/wp-json\/wp\/v2\/comments?post=19468"}],"version-history":[{"count":3,"href":"https:\/\/hookahshop.lt\/pl\/wp-json\/wp\/v2\/product\/19468\/revisions"}],"predecessor-version":[{"id":22665,"href":"https:\/\/hookahshop.lt\/pl\/wp-json\/wp\/v2\/product\/19468\/revisions\/22665"}],"wp:featuredmedia":[{"embeddable":true,"href":"https:\/\/hookahshop.lt\/pl\/wp-json\/wp\/v2\/media\/19471"}],"wp:attachment":[{"href":"https:\/\/hookahshop.lt\/pl\/wp-json\/wp\/v2\/media?parent=19468"}],"curies":[{"name":"wp","href":"https:\/\/api.w.org\/{rel}","templated":true}]}}