{"id":19474,"date":"2021-02-19T18:40:57","date_gmt":"2021-02-19T16:40:57","guid":{"rendered":"https:\/\/hookahshop.lt\/?post_type=product&#038;p=19474"},"modified":"2026-04-18T23:28:44","modified_gmt":"2026-04-18T20:28:44","slug":"kaljanas-hooligan-black","status":"publish","type":"product","link":"https:\/\/hookahshop.lt\/pl\/produkt\/fajka-chuligan-czarna\/","title":{"rendered":"Szisza HOOLIGAN Czarna"},"content":{"rendered":"<h2>Szisza HOOLIGAN Czarna<\/h2>\n<p>Szisza posiada trzonek ze stali nierdzewnej pokryty tworzywem sztucznym. \u201eHookah HOOLIGAN\u201d ma kszta\u0142t kija baseballowego z wyj\u0105tkowym k\u0142\u0119bem dymu. Jak zwykle w przypadku fajek rosyjskich, pasuje do kolby za pomoc\u0105 przek\u0142adki, wi\u0119c je\u015bli kolba si\u0119 st\u0142ucze lub b\u0119dziesz chcia\u0142 inny kolor, zawsze mo\u017cesz go zmieni\u0107.<\/p>\n<p><strong>Specyfikacje:<\/strong><\/p>\n<p>Wysoko\u015b\u0107 ca\u0142kowita: ok. 62 cm.<br \/>\n\u015arednica szyjki kolby: oko\u0142o 4,5 cm.<br \/>\nWysoko\u015b\u0107 kolby: oko\u0142o 27 cm.<br \/>\nMateria\u0142: stal nierdzewna, plastik.<br \/>\nWyprodukowano w Rosji.<\/p>\n<p><strong>Ekwipunek:<\/strong><\/p>\n<p>Nargile<br \/>\nTalerz<br \/>\nAdapter<br \/>\nKolba<br \/>\nUstnik<br \/>\nW\u0105\u017c gumowy.<br \/>\nPuchar chuligana<\/p>\n<p>Czy masz jakie\u015b pytania? Skontaktuj si\u0119 z nami\u00a0<a href=\"https:\/\/hookahshop.lt\/pl\/lacznosc\/\">strona z kontaktami<\/a>\u00a0lub napisz do nas na adres\u00a0<a href=\"https:\/\/facebook.com\/HookahShop.lt\/\" target=\"_blank\" rel=\"noopener noreferrer\">konto na Facebooku<\/a>\u00a0a my odpowiemy na Twoj\u0105 pro\u015bb\u0119 tego samego dnia.<\/p>","protected":false},"excerpt":{"rendered":"<p>Fajka wodna HOOLIGAN Black Hookah posiada trzonek ze stali nierdzewnej pokryty tworzywem sztucznym. \u201eHookah HOOLIGAN\u201d ma kszta\u0142t kija baseballowego z wyj\u0105tkowym k\u0142\u0119bem dymu. Jak zwykle w przypadku fajek rosyjskich, pasuje do kolby za pomoc\u0105 przek\u0142adki, wi\u0119c je\u015bli kolba si\u0119 st\u0142ucze lub b\u0119dziesz chcia\u0142 inny kolor, zawsze mo\u017cesz go zmieni\u0107. Dane techniczne: Wysoko\u015b\u0107 ca\u0142kowita: oko\u0142o 62 cm. \u015arednica szyjki kolby: oko\u0142o [\u2026]<\/p>","protected":false},"featured_media":19476,"comment_status":"open","ping_status":"closed","template":"","meta":[],"_links":{"self":[{"href":"https:\/\/hookahshop.lt\/pl\/wp-json\/wp\/v2\/product\/19474"}],"collection":[{"href":"https:\/\/hookahshop.lt\/pl\/wp-json\/wp\/v2\/product"}],"about":[{"href":"https:\/\/hookahshop.lt\/pl\/wp-json\/wp\/v2\/types\/product"}],"replies":[{"embeddable":true,"href":"https:\/\/hookahshop.lt\/pl\/wp-json\/wp\/v2\/comments?post=19474"}],"version-history":[{"count":6,"href":"https:\/\/hookahshop.lt\/pl\/wp-json\/wp\/v2\/product\/19474\/revisions"}],"predecessor-version":[{"id":44371,"href":"https:\/\/hookahshop.lt\/pl\/wp-json\/wp\/v2\/product\/19474\/revisions\/44371"}],"wp:featuredmedia":[{"embeddable":true,"href":"https:\/\/hookahshop.lt\/pl\/wp-json\/wp\/v2\/media\/19476"}],"wp:attachment":[{"href":"https:\/\/hookahshop.lt\/pl\/wp-json\/wp\/v2\/media?parent=19474"}],"curies":[{"name":"wp","href":"https:\/\/api.w.org\/{rel}","templated":true}]}}