{"id":19520,"date":"2021-02-22T13:05:26","date_gmt":"2021-02-22T11:05:26","guid":{"rendered":"https:\/\/hookahshop.lt\/?post_type=product&#038;p=19520"},"modified":"2026-04-19T23:29:01","modified_gmt":"2026-04-19T20:29:01","slug":"kaljanas-mattpear-simple-m-ball-black","status":"publish","type":"product","link":"https:\/\/hookahshop.lt\/pl\/produkt\/hookah-mattpear-prosty-m-ball-czarny\/","title":{"rendered":"Fajka wodna MATTPEAR Simple M Ball Czarna"},"content":{"rendered":"<h2>Fajka wodna MATTPEAR Simple M Ball Czarna<\/h2>\n<p>Jest to niedroga fajka wodna \u015bredniej wielko\u015bci wykonana z wysokiej jako\u015bci tworzywa sztucznego i stali nierdzewnej.<\/p>\n<p><strong>Charakterystyczne cechy tego modelu:<\/strong><\/p>\n<p>Cz\u0119\u015b\u0107 \u015brodkowa wykonana z wysokiej jako\u015bci tworzywa sztucznego z ozdobn\u0105 kulk\u0105 po\u015brodku.<br \/>\nObrotowy dyfuzor do zmiany ci\u0105gu fajki wodnej.<br \/>\nMaszt jest w pe\u0142ni zdejmowany za pomoc\u0105 po\u0142\u0105cze\u0144 gwintowanych, dzi\u0119ki czemu jest bardzo przestronny i wygodny w transporcie.<\/p>\n<p><img decoding=\"async\" loading=\"lazy\" class=\"alignnone size-medium wp-image-38521\" src=\"https:\/\/hookahshop.lt\/wp-content\/uploads\/2020\/09\/stiebas-zarna-kandiklis-1-300x273.jpg\" alt=\"- hookahshop.lt\" width=\"300\" height=\"273\" srcset=\"https:\/\/hookahshop.lt\/wp-content\/uploads\/2020\/09\/stiebas-zarna-kandiklis-1-300x273.jpg 300w, https:\/\/hookahshop.lt\/wp-content\/uploads\/2020\/09\/stiebas-zarna-kandiklis-1-13x12.jpg 13w, https:\/\/hookahshop.lt\/wp-content\/uploads\/2020\/09\/stiebas-zarna-kandiklis-1-64x58.jpg 64w, https:\/\/hookahshop.lt\/wp-content\/uploads\/2020\/09\/stiebas-zarna-kandiklis-1.jpg 420w\" sizes=\"(max-width: 300px) 100vw, 300px\" title=\"\"><\/p>\n<p>Czy masz jakie\u015b pytania? Skontaktuj si\u0119 z nami\u00a0<a href=\"https:\/\/hookahshop.lt\/pl\/lacznosc\/\">strona z kontaktami<\/a>\u00a0lub napisz do nas na adres\u00a0<a href=\"https:\/\/facebook.com\/HookahShop.lt\/\" target=\"_blank\" rel=\"noopener noreferrer\">konto na Facebooku<\/a>\u00a0a my odpowiemy na Twoj\u0105 pro\u015bb\u0119 tego samego dnia.<\/p>","protected":false},"excerpt":{"rendered":"<p>Szisza wodna MATTPEAR Simple M Ball Black Jest to \u015bredniej wielko\u015bci szisza w przyst\u0119pnej cenie, wykonana z wysokiej jako\u015bci tworzywa sztucznego i stali nierdzewnej. Cechy wyr\u00f3\u017cniaj\u0105ce ten model: Cz\u0119\u015b\u0107 \u015brodkowa wykonana z wysokiej jako\u015bci tworzywa sztucznego z ozdobn\u0105 kulk\u0105 po\u015brodku. Odkr\u0119cany dyfuzor zmieniaj\u0105cy si\u0142\u0119 naci\u0105gu fajki wodnej. Trzpie\u0144 jest w pe\u0142ni zdejmowany za pomoc\u0105 po\u0142\u0105cze\u0144 gwintowych, dzi\u0119ki czemu jest bardzo pojemny i \u0142atwy w transporcie. [\u2026]<\/p>","protected":false},"featured_media":19521,"comment_status":"open","ping_status":"closed","template":"","meta":[],"_links":{"self":[{"href":"https:\/\/hookahshop.lt\/pl\/wp-json\/wp\/v2\/product\/19520"}],"collection":[{"href":"https:\/\/hookahshop.lt\/pl\/wp-json\/wp\/v2\/product"}],"about":[{"href":"https:\/\/hookahshop.lt\/pl\/wp-json\/wp\/v2\/types\/product"}],"replies":[{"embeddable":true,"href":"https:\/\/hookahshop.lt\/pl\/wp-json\/wp\/v2\/comments?post=19520"}],"version-history":[{"count":5,"href":"https:\/\/hookahshop.lt\/pl\/wp-json\/wp\/v2\/product\/19520\/revisions"}],"predecessor-version":[{"id":37708,"href":"https:\/\/hookahshop.lt\/pl\/wp-json\/wp\/v2\/product\/19520\/revisions\/37708"}],"wp:featuredmedia":[{"embeddable":true,"href":"https:\/\/hookahshop.lt\/pl\/wp-json\/wp\/v2\/media\/19521"}],"wp:attachment":[{"href":"https:\/\/hookahshop.lt\/pl\/wp-json\/wp\/v2\/media?parent=19520"}],"curies":[{"name":"wp","href":"https:\/\/api.w.org\/{rel}","templated":true}]}}