{"id":19560,"date":"2021-02-22T14:48:38","date_gmt":"2021-02-22T12:48:38","guid":{"rendered":"https:\/\/hookahshop.lt\/?post_type=product&#038;p=19560"},"modified":"2026-05-13T13:51:22","modified_gmt":"2026-05-13T10:51:22","slug":"kaljanas-bigmaks-one-mini","status":"publish","type":"product","link":"https:\/\/hookahshop.lt\/pl\/produkt\/fajka-wodna-bigmax-one-mini\/","title":{"rendered":"Fajka wodna BIGMAKS One Mini"},"content":{"rendered":"<h2>Fajka wodna BIGMAKS One Mini<\/h2>\n<p>Przeznaczone nie tylko na wycieczki i wyj\u015bcia, ale tak\u017ce do u\u017cytku na co dzie\u0144. Nowoczesna mini fajka wodna nie ust\u0119puje wysokiej sziszy pod wzgl\u0119dem w\u0142a\u015bciwo\u015bci palenia, a nawet ma wiele zalet, takich jak: zwarto\u015b\u0107, maksymalna \u0142atwo\u015b\u0107 obs\u0142ugi i przyst\u0119pna cena. System czyszczenia sk\u0142ada si\u0119 z pi\u0119ciu zawor\u00f3w, kt\u00f3re pozwalaj\u0105 jednocze\u015bnie wyczy\u015bci\u0107 kolb\u0119, a tak\u017ce sch\u0142odzi\u0107 zlewk\u0119 bez jej rozlewania. Stosowana jest stal nierdzewna. Monta\u017c odbywa si\u0119 za pomoc\u0105 po\u0142\u0105cze\u0144 gwintowych.<\/p>\n<p>Specyfikacja:<br \/>\nZ\u0142\u0105cze pier\u015bcienia uszczelniaj\u0105cego: O-ring<br \/>\nDyfuzor: tak<br \/>\nTrakcja: \u0142atwa<\/p>\n<p>Ekwipunek:<br \/>\nFajka wodna (stal nierdzewna)<br \/>\nP\u0142yta (stal nierdzewna)<br \/>\nUstnik (stal nierdzewna)<br \/>\nW\u0105\u017c silikonowy (mi\u0119kki w dotyku)<br \/>\nKolba (oryginalna Big Max, przezroczysta, szklana)<\/p>\n<p>Czy masz jakie\u015b pytania? Skontaktuj si\u0119 z nami\u00a0<a href=\"https:\/\/hookahshop.lt\/pl\/lacznosc\/\">strona z kontaktami<\/a>\u00a0lub napisz do nas na adres\u00a0<a href=\"https:\/\/facebook.com\/HookahShop.lt\/\" target=\"_blank\" rel=\"noopener noreferrer\">konto na Facebooku<\/a>\u00a0a my odpowiemy na Twoj\u0105 pro\u015bb\u0119 tego samego dnia.<\/p>\n<p>&nbsp;<\/p>","protected":false},"excerpt":{"rendered":"<p>Fajka wodna BIGMAKS One Mini Przeznaczona nie tylko do podr\u00f3\u017cy i wyj\u015b\u0107, ale tak\u017ce do codziennego u\u017cytku. Nowoczesna mini fajka wodna nie ust\u0119puje wysokiej fajce wodnej pod wzgl\u0119dem w\u0142a\u015bciwo\u015bci palenia, a nawet ma szereg zalet, takich jak: kompaktowo\u015b\u0107, maksymalna \u0142atwo\u015b\u0107 u\u017cytkowania i przyst\u0119pna cena. System czyszczenia sk\u0142ada si\u0119 z pi\u0119ciu zawor\u00f3w, co pozwala na jednoczesne czyszczenie termosu, a tak\u017ce ch\u0142odzenie kubka bez jego zalania. U\u017cywany [\u2026]<\/p>","protected":false},"featured_media":19569,"comment_status":"open","ping_status":"closed","template":"","meta":[],"_links":{"self":[{"href":"https:\/\/hookahshop.lt\/pl\/wp-json\/wp\/v2\/product\/19560"}],"collection":[{"href":"https:\/\/hookahshop.lt\/pl\/wp-json\/wp\/v2\/product"}],"about":[{"href":"https:\/\/hookahshop.lt\/pl\/wp-json\/wp\/v2\/types\/product"}],"replies":[{"embeddable":true,"href":"https:\/\/hookahshop.lt\/pl\/wp-json\/wp\/v2\/comments?post=19560"}],"version-history":[{"count":3,"href":"https:\/\/hookahshop.lt\/pl\/wp-json\/wp\/v2\/product\/19560\/revisions"}],"predecessor-version":[{"id":37537,"href":"https:\/\/hookahshop.lt\/pl\/wp-json\/wp\/v2\/product\/19560\/revisions\/37537"}],"wp:featuredmedia":[{"embeddable":true,"href":"https:\/\/hookahshop.lt\/pl\/wp-json\/wp\/v2\/media\/19569"}],"wp:attachment":[{"href":"https:\/\/hookahshop.lt\/pl\/wp-json\/wp\/v2\/media?parent=19560"}],"curies":[{"name":"wp","href":"https:\/\/api.w.org\/{rel}","templated":true}]}}