{"id":19570,"date":"2021-02-22T15:05:42","date_gmt":"2021-02-22T13:05:42","guid":{"rendered":"https:\/\/hookahshop.lt\/?post_type=product&#038;p=19570"},"modified":"2026-04-18T23:28:41","modified_gmt":"2026-04-18T20:28:41","slug":"kaljanas-bigmaks-elegant-mini","status":"publish","type":"product","link":"https:\/\/hookahshop.lt\/pl\/produkt\/szisza-bigmaks-elegancki-mini\/","title":{"rendered":"Fajka wodna BIGMAKS Elegancka Mini"},"content":{"rendered":"<h2>Fajka wodna BIGMAKS Elegancka Mini<\/h2>\n<p>Przeznaczony nie tylko do podr\u00f3\u017cy i wycieczek, ale tak\u017ce do codziennego u\u017cytku. Nowoczesna mini fajka wodna swoimi w\u0142a\u015bciwo\u015bciami palenia nie ust\u0119puje wysokiej fajce wodnej, a nawet ma wiele zalet, takich jak: kompaktowo\u015b\u0107, maksymalna \u0142atwo\u015b\u0107 u\u017cytkowania i przyst\u0119pna cena. System oczyszczania sk\u0142ada si\u0119 z pi\u0119ciu zawor\u00f3w, kt\u00f3re umo\u017cliwiaj\u0105 jednoczesne wydmuchiwanie dymu z kolby, a tak\u017ce ch\u0142odzenie kubka bez zalewania go. Stosowane s\u0105 elementy poliacetalowe. Monta\u017c odbywa si\u0119 za pomoc\u0105 po\u0142\u0105cze\u0144 gwintowanych.<\/p>\n<p><strong>Specyfikacja:<\/strong><br \/>\nZ\u0142\u0105cze pier\u015bcienia uszczelniaj\u0105cego: O-ring<br \/>\nDyfuzor: tak<br \/>\nTrakcja: \u0142atwa<br \/>\nMateria\u0142: Stal nierdzewna<br \/>\nWysoko\u015b\u0107 fajki wodnej: 45 cm<br \/>\n\u015arednica talerza: 20 cm<br \/>\nUstnik<br \/>\nW\u0105\u017c silikonowy (mi\u0119kki w dotyku)<br \/>\nKolba (oryginalna Big Max, przezroczysta, szklana)<\/p>\n<p><strong>Ekwipunek:<\/strong><br \/>\nFajka wodna, talerz, ustnik, w\u0105\u017c silikonowy (mi\u0119kki w dotyku), piersi\u00f3wka.<br \/>\n<img decoding=\"async\" loading=\"lazy\" class=\"alignnone size-medium wp-image-38520\" src=\"https:\/\/hookahshop.lt\/wp-content\/uploads\/2020\/09\/stiebas-kolba-zarna-kandiklis-1-300x273.jpg\" alt=\"- hookahshop.lt\" width=\"300\" height=\"273\" srcset=\"https:\/\/hookahshop.lt\/wp-content\/uploads\/2020\/09\/stiebas-kolba-zarna-kandiklis-1-300x273.jpg 300w, https:\/\/hookahshop.lt\/wp-content\/uploads\/2020\/09\/stiebas-kolba-zarna-kandiklis-1-13x12.jpg 13w, https:\/\/hookahshop.lt\/wp-content\/uploads\/2020\/09\/stiebas-kolba-zarna-kandiklis-1-64x58.jpg 64w, https:\/\/hookahshop.lt\/wp-content\/uploads\/2020\/09\/stiebas-kolba-zarna-kandiklis-1.jpg 420w\" sizes=\"(max-width: 300px) 100vw, 300px\" title=\"\"><\/p>\n<p>Czy masz jakie\u015b pytania? Skontaktuj si\u0119 z nami\u00a0<a href=\"https:\/\/hookahshop.lt\/pl\/lacznosc\/\">strona z kontaktami<\/a>\u00a0lub napisz do nas na adres\u00a0<a href=\"https:\/\/facebook.com\/HookahShop.lt\/\" target=\"_blank\" rel=\"noopener noreferrer\">konto na Facebooku<\/a>\u00a0a my odpowiemy na Twoj\u0105 pro\u015bb\u0119 tego samego dnia.<\/p>","protected":false},"excerpt":{"rendered":"<p>Fajka wodna BIGMAKS Elegant Mini Przeznaczona nie tylko na wycieczki i wyj\u015bcia, ale tak\u017ce do codziennego u\u017cytku. Nowoczesna mini fajka wodna nie ust\u0119puje wysokiej sziszy pod wzgl\u0119dem w\u0142a\u015bciwo\u015bci palenia, a nawet ma wiele zalet, takich jak: zwarto\u015b\u0107, maksymalna \u0142atwo\u015b\u0107 obs\u0142ugi i przyst\u0119pna cena. System wydmuchu sk\u0142ada si\u0119 z pi\u0119ciu zawor\u00f3w, kt\u00f3re umo\u017cliwiaj\u0105 jednoczesne wydmuchanie dymu z kolby, a tak\u017ce sch\u0142odzenie szk\u0142a w jego [...]<\/p>","protected":false},"featured_media":19571,"comment_status":"open","ping_status":"closed","template":"","meta":[],"_links":{"self":[{"href":"https:\/\/hookahshop.lt\/pl\/wp-json\/wp\/v2\/product\/19570"}],"collection":[{"href":"https:\/\/hookahshop.lt\/pl\/wp-json\/wp\/v2\/product"}],"about":[{"href":"https:\/\/hookahshop.lt\/pl\/wp-json\/wp\/v2\/types\/product"}],"replies":[{"embeddable":true,"href":"https:\/\/hookahshop.lt\/pl\/wp-json\/wp\/v2\/comments?post=19570"}],"version-history":[{"count":7,"href":"https:\/\/hookahshop.lt\/pl\/wp-json\/wp\/v2\/product\/19570\/revisions"}],"predecessor-version":[{"id":33807,"href":"https:\/\/hookahshop.lt\/pl\/wp-json\/wp\/v2\/product\/19570\/revisions\/33807"}],"wp:featuredmedia":[{"embeddable":true,"href":"https:\/\/hookahshop.lt\/pl\/wp-json\/wp\/v2\/media\/19571"}],"wp:attachment":[{"href":"https:\/\/hookahshop.lt\/pl\/wp-json\/wp\/v2\/media?parent=19570"}],"curies":[{"name":"wp","href":"https:\/\/api.w.org\/{rel}","templated":true}]}}