{"id":19575,"date":"2021-02-22T15:50:56","date_gmt":"2021-02-22T13:50:56","guid":{"rendered":"https:\/\/hookahshop.lt\/?post_type=product&#038;p=19575"},"modified":"2026-04-18T23:29:05","modified_gmt":"2026-04-18T20:29:05","slug":"taurele-kaljanui-lets-smoke-turkish","status":"publish","type":"product","link":"https:\/\/hookahshop.lt\/pl\/produkt\/szklana-fajka-wodna-palimy-turecka\/","title":{"rendered":"Kubek do fajki wodnej LETS SMOKE Turkish Glaze"},"content":{"rendered":"<h2>Kubek do fajki wodnej LETS SMOKE Turecki<\/h2>\n<p>Kubek wykonany jest z gliny i pokryty glazur\u0105, dzi\u0119ki czemu przez d\u0142ugi czas zachowuje swoje pierwotne w\u0142a\u015bciwo\u015bci i wygl\u0105d.<\/p>\n<p>Kubek ten r\u00f3wnomiernie rozprowadza ciep\u0142o i utrzymuje je przez ca\u0142y okres palenia.<\/p>\n<p>Pojemno\u015b\u0107 kubka to 15-18 gram\u00f3w.<\/p>\n<p><strong>Kolory misek: turkusowy, pomara\u0144czowy, \u017c\u00f3\u0142ty, niebieski.<\/strong><\/p>\n<p>Czy masz jakie\u015b pytania? Skontaktuj si\u0119 z nami\u00a0<a href=\"https:\/\/hookahshop.lt\/pl\/lacznosc\/\">strona z kontaktami<\/a>\u00a0lub napisz do nas na adres\u00a0<a href=\"https:\/\/facebook.com\/HookahShop.lt\/\" target=\"_blank\" rel=\"noopener noreferrer\">konto na Facebooku<\/a>\u00a0a my odpowiemy na Twoj\u0105 pro\u015bb\u0119 tego samego dnia.<\/p>\n<p>&nbsp;<\/p>\n<p>&nbsp;<\/p>","protected":false},"excerpt":{"rendered":"<p>Miska na fajk\u0119 wodn\u0105 LETS SMOKE Turecka Misa wykonana jest z gliny i pokryta szkliwem, dzi\u0119ki czemu przez d\u0142ugi czas zachowuje swoje pierwotne w\u0142a\u015bciwo\u015bci i wygl\u0105d. Kubek ten r\u00f3wnomiernie rozprowadza ciep\u0142o i utrzymuje je przez ca\u0142y okres palenia. Pojemno\u015b\u0107 kubka to 15-18 gram\u00f3w. Kolory misek: turkusowy, pomara\u0144czowy, \u017c\u00f3\u0142ty, niebieski. Czy masz jakie\u015b pytania? Skontaktuj si\u0119 z nami na stronie kontaktowej lub napisz do nas na naszym koncie na Facebooku, a my odpowiemy [\u2026]<\/p>","protected":false},"featured_media":19579,"comment_status":"open","ping_status":"closed","template":"","meta":[],"_links":{"self":[{"href":"https:\/\/hookahshop.lt\/pl\/wp-json\/wp\/v2\/product\/19575"}],"collection":[{"href":"https:\/\/hookahshop.lt\/pl\/wp-json\/wp\/v2\/product"}],"about":[{"href":"https:\/\/hookahshop.lt\/pl\/wp-json\/wp\/v2\/types\/product"}],"replies":[{"embeddable":true,"href":"https:\/\/hookahshop.lt\/pl\/wp-json\/wp\/v2\/comments?post=19575"}],"version-history":[{"count":8,"href":"https:\/\/hookahshop.lt\/pl\/wp-json\/wp\/v2\/product\/19575\/revisions"}],"predecessor-version":[{"id":29541,"href":"https:\/\/hookahshop.lt\/pl\/wp-json\/wp\/v2\/product\/19575\/revisions\/29541"}],"wp:featuredmedia":[{"embeddable":true,"href":"https:\/\/hookahshop.lt\/pl\/wp-json\/wp\/v2\/media\/19579"}],"wp:attachment":[{"href":"https:\/\/hookahshop.lt\/pl\/wp-json\/wp\/v2\/media?parent=19575"}],"curies":[{"name":"wp","href":"https:\/\/api.w.org\/{rel}","templated":true}]}}