{"id":19590,"date":"2021-02-22T16:07:16","date_gmt":"2021-02-22T14:07:16","guid":{"rendered":"https:\/\/hookahshop.lt\/?post_type=product&#038;p=19590"},"modified":"2026-04-18T23:29:04","modified_gmt":"2026-04-18T20:29:04","slug":"taurele-kaljanui-lets-smoke-candy","status":"publish","type":"product","link":"https:\/\/hookahshop.lt\/pl\/produkt\/szklanka-do-sziszy-palimy-cukierki\/","title":{"rendered":"Kubek do fajki wodnej LETS SMOKE Candy Glaze"},"content":{"rendered":"<h2>Kubek na fajk\u0119 wodn\u0105 LETS SMOKE Candy<\/h2>\n<p>Kubek wykonany jest z gliny i pokryty glazur\u0105, dzi\u0119ki czemu przez d\u0142ugi czas zachowuje swoje pierwotne w\u0142a\u015bciwo\u015bci i wygl\u0105d.<\/p>\n<p>Kubek ten r\u00f3wnomiernie rozprowadza ciep\u0142o i utrzymuje je przez ca\u0142y okres palenia.<\/p>\n<p>Pojemno\u015b\u0107 kubka to 15-18 gram\u00f3w.<\/p>\n<p>Czy masz jakie\u015b pytania? Skontaktuj si\u0119 z nami\u00a0<a href=\"https:\/\/hookahshop.lt\/pl\/lacznosc\/\">strona z kontaktami<\/a>\u00a0lub napisz do nas na adres\u00a0<a href=\"https:\/\/facebook.com\/HookahShop.lt\/\" target=\"_blank\" rel=\"noopener noreferrer\">konto na Facebooku<\/a>\u00a0a my odpowiemy na Twoj\u0105 pro\u015bb\u0119 tego samego dnia.<\/p>","protected":false},"excerpt":{"rendered":"<p>Miska na fajk\u0119 wodn\u0105 LETS SMOKE Candy Misa wykonana jest z gliny i pokryta szkliwem, dzi\u0119ki czemu przez d\u0142ugi czas zachowuje swoje pierwotne w\u0142a\u015bciwo\u015bci i wygl\u0105d. Kubek ten r\u00f3wnomiernie rozprowadza ciep\u0142o i utrzymuje je przez ca\u0142y okres palenia. Pojemno\u015b\u0107 kubka to 15-18 gram\u00f3w. Czy masz jakie\u015b pytania? Skontaktuj si\u0119 z nami na stronie kontaktowej lub napisz do nas na naszym koncie na Facebooku, a my odpowiemy na Twoj\u0105 pro\u015bb\u0119 w tym samym [...]<\/p>","protected":false},"featured_media":19592,"comment_status":"open","ping_status":"closed","template":"","meta":[],"_links":{"self":[{"href":"https:\/\/hookahshop.lt\/pl\/wp-json\/wp\/v2\/product\/19590"}],"collection":[{"href":"https:\/\/hookahshop.lt\/pl\/wp-json\/wp\/v2\/product"}],"about":[{"href":"https:\/\/hookahshop.lt\/pl\/wp-json\/wp\/v2\/types\/product"}],"replies":[{"embeddable":true,"href":"https:\/\/hookahshop.lt\/pl\/wp-json\/wp\/v2\/comments?post=19590"}],"version-history":[{"count":5,"href":"https:\/\/hookahshop.lt\/pl\/wp-json\/wp\/v2\/product\/19590\/revisions"}],"predecessor-version":[{"id":39811,"href":"https:\/\/hookahshop.lt\/pl\/wp-json\/wp\/v2\/product\/19590\/revisions\/39811"}],"wp:featuredmedia":[{"embeddable":true,"href":"https:\/\/hookahshop.lt\/pl\/wp-json\/wp\/v2\/media\/19592"}],"wp:attachment":[{"href":"https:\/\/hookahshop.lt\/pl\/wp-json\/wp\/v2\/media?parent=19590"}],"curies":[{"name":"wp","href":"https:\/\/api.w.org\/{rel}","templated":true}]}}