{"id":19597,"date":"2021-02-22T16:19:56","date_gmt":"2021-02-22T14:19:56","guid":{"rendered":"https:\/\/hookahshop.lt\/?post_type=product&#038;p=19597"},"modified":"2026-04-18T23:29:04","modified_gmt":"2026-04-18T20:29:04","slug":"taurele-kaljanui-lets-smoke-harmony","status":"publish","type":"product","link":"https:\/\/hookahshop.lt\/pl\/produkt\/szklanka-do-fajki-wodnej-palmy-harmonie\/","title":{"rendered":"Kubek do fajki wodnej LETS SMOKE Harmony Glaze"},"content":{"rendered":"<h2>Kubek do fajki wodnej LETS SMOKE Harmony<\/h2>\n<p>Kubek wykonany jest z gliny i pokryty glazur\u0105, dzi\u0119ki czemu przez d\u0142ugi czas zachowuje swoje pierwotne w\u0142a\u015bciwo\u015bci i wygl\u0105d.<\/p>\n<p>Kubek ten r\u00f3wnomiernie rozprowadza ciep\u0142o i utrzymuje je przez ca\u0142y okres palenia.<\/p>\n<p>Pojemno\u015b\u0107 kubka to 17-20 gram\u00f3w.<\/p>\n<p><strong>Kolor fili\u017canki: niebieski<\/strong><\/p>\n<p>Czy masz jakie\u015b pytania? Skontaktuj si\u0119 z nami\u00a0<a href=\"https:\/\/hookahshop.lt\/pl\/lacznosc\/\">strona z kontaktami<\/a>\u00a0lub napisz do nas na adres\u00a0<a href=\"https:\/\/facebook.com\/HookahShop.lt\/\" target=\"_blank\" rel=\"noopener noreferrer\">konto na Facebooku<\/a>\u00a0a my odpowiemy na Twoj\u0105 pro\u015bb\u0119 tego samego dnia.<\/p>","protected":false},"excerpt":{"rendered":"<p>Kubek do shishy LETS SMOKE Harmony Kubek wykonany jest z gliny i pokryty szkliwem, dzi\u0119ki czemu przez d\u0142ugi czas zachowuje swoje pierwotne w\u0142a\u015bciwo\u015bci i wygl\u0105d. Kubek r\u00f3wnomiernie rozprowadza ciep\u0142o i zatrzymuje je przez ca\u0142y czas palenia. Pojemno\u015b\u0107 kubka wynosi 17-20 gram\u00f3w. Kolor kubka: Niebieski Masz pytania? Skontaktuj si\u0119 z nami na stronie kontaktowej lub napisz do nas na Facebooku, a my odpowiemy na Twoje zapytanie [\u2026]<\/p>","protected":false},"featured_media":19598,"comment_status":"open","ping_status":"closed","template":"","meta":[],"_links":{"self":[{"href":"https:\/\/hookahshop.lt\/pl\/wp-json\/wp\/v2\/product\/19597"}],"collection":[{"href":"https:\/\/hookahshop.lt\/pl\/wp-json\/wp\/v2\/product"}],"about":[{"href":"https:\/\/hookahshop.lt\/pl\/wp-json\/wp\/v2\/types\/product"}],"replies":[{"embeddable":true,"href":"https:\/\/hookahshop.lt\/pl\/wp-json\/wp\/v2\/comments?post=19597"}],"version-history":[{"count":5,"href":"https:\/\/hookahshop.lt\/pl\/wp-json\/wp\/v2\/product\/19597\/revisions"}],"predecessor-version":[{"id":29538,"href":"https:\/\/hookahshop.lt\/pl\/wp-json\/wp\/v2\/product\/19597\/revisions\/29538"}],"wp:featuredmedia":[{"embeddable":true,"href":"https:\/\/hookahshop.lt\/pl\/wp-json\/wp\/v2\/media\/19598"}],"wp:attachment":[{"href":"https:\/\/hookahshop.lt\/pl\/wp-json\/wp\/v2\/media?parent=19597"}],"curies":[{"name":"wp","href":"https:\/\/api.w.org\/{rel}","templated":true}]}}