{"id":19607,"date":"2021-02-22T17:56:27","date_gmt":"2021-02-22T15:56:27","guid":{"rendered":"https:\/\/hookahshop.lt\/?post_type=product&#038;p=19607"},"modified":"2026-04-22T23:29:11","modified_gmt":"2026-04-22T20:29:11","slug":"kandiklis-kaljanui-maklaud-black","status":"publish","type":"product","link":"https:\/\/hookahshop.lt\/pl\/produkt\/ustnik-do-fajki-wodnej-maklaud-czarny\/","title":{"rendered":"Zawieszka do fajki wodnej MAKLAUD Czarna"},"content":{"rendered":"<h2>Zawieszka do fajki wodnej MAKLAUD Czarna<\/h2>\n<p>Maklaud matowy, czarny ustnik. Wygodny i stylowy, odpowiedni do prawie wszystkich w\u0119\u017cy.<\/p>\n<p><strong>Specyfikacja:<\/strong><\/p>\n<p>Waga: 210g<br \/>\nD\u0142ugo\u015b\u0107: 40cm<br \/>\nMateria\u0142: metal;<br \/>\nKolor: czarny mat<\/p>\n<p dir=\"ltr\" data-placeholder=\"Vertimas\">Czy masz jakie\u015b pytania? Skontaktuj si\u0119 z nami <a href=\"https:\/\/hookahshop.lt\/pl\/lacznosc\/\">strona z kontaktami<\/a> lub napisz do nas na adres <a href=\"https:\/\/facebook.com\/HookahShop.lt\/\" target=\"_blank\" rel=\"noopener noreferrer\">konto na Facebooku<\/a> a my odpowiemy na Twoj\u0105 pro\u015bb\u0119 tego samego dnia.<\/p>","protected":false},"excerpt":{"rendered":"<p>Ustnik do fajki wodnej MAKLAUD Czarny Maklaud matowy, ustnik czarny. Wygodny i stylowy, odpowiedni do prawie wszystkich w\u0119\u017cy. Specyfikacja: Waga: 210g D\u0142ugo\u015b\u0107: 40cm Materia\u0142: Metal Kolor: Czarny matowy Masz pytania? Skontaktuj si\u0119 z nami na stronie kontaktowej lub napisz do nas na naszym koncie na Facebooku, a my odpowiemy na Twoj\u0105 pro\u015bb\u0119 jeszcze tego samego dnia.<\/p>","protected":false},"featured_media":19608,"comment_status":"open","ping_status":"closed","template":"","meta":[],"_links":{"self":[{"href":"https:\/\/hookahshop.lt\/pl\/wp-json\/wp\/v2\/product\/19607"}],"collection":[{"href":"https:\/\/hookahshop.lt\/pl\/wp-json\/wp\/v2\/product"}],"about":[{"href":"https:\/\/hookahshop.lt\/pl\/wp-json\/wp\/v2\/types\/product"}],"replies":[{"embeddable":true,"href":"https:\/\/hookahshop.lt\/pl\/wp-json\/wp\/v2\/comments?post=19607"}],"version-history":[{"count":7,"href":"https:\/\/hookahshop.lt\/pl\/wp-json\/wp\/v2\/product\/19607\/revisions"}],"predecessor-version":[{"id":28817,"href":"https:\/\/hookahshop.lt\/pl\/wp-json\/wp\/v2\/product\/19607\/revisions\/28817"}],"wp:featuredmedia":[{"embeddable":true,"href":"https:\/\/hookahshop.lt\/pl\/wp-json\/wp\/v2\/media\/19608"}],"wp:attachment":[{"href":"https:\/\/hookahshop.lt\/pl\/wp-json\/wp\/v2\/media?parent=19607"}],"curies":[{"name":"wp","href":"https:\/\/api.w.org\/{rel}","templated":true}]}}