{"id":19627,"date":"2021-02-22T18:27:25","date_gmt":"2021-02-22T16:27:25","guid":{"rendered":"https:\/\/hookahshop.lt\/?post_type=product&#038;p=19627"},"modified":"2026-04-15T12:29:09","modified_gmt":"2026-04-15T09:29:09","slug":"kolba-kaljanui-njn-hookah-sp-blue-pearl","status":"publish","type":"product","link":"https:\/\/hookahshop.lt\/pl\/produkt\/fajka-wodna-njn-szisza-sp-niebieska-perla\/","title":{"rendered":"Kolba do fajki wodnej NJN HOOKAH SP Blue Pearl"},"content":{"rendered":"<h2>Kolba do fajki wodnej NJN HOOKAH SP Blue Pearl<\/h2>\n<p>Kolba wykonywana jest wy\u0142\u0105cznie r\u0119cznie przez najlepszych rosyjskich dmuchaczy szk\u0142a. Forma drop jest jedn\u0105 z najpopularniejszych na rynku. \u015awietnie wygl\u0105da ze wszystkimi fajkami wodnymi.<\/p>\n<p id=\"tw-target-text\" class=\"tw-data-text tw-text-large XcVN5d tw-ta\" dir=\"ltr\" data-placeholder=\"Vertimas\"><strong>Charakterystyka:<\/strong><br \/>\nWysoko\u015b\u0107: 270 mm<br \/>\nWewn\u0119trzna \u015brednica szyjki: 45mm<br \/>\n\u015arednica zewn\u0119trzna szyjki: 72 mm<br \/>\nWaga: 1,5 kg<br \/>\nWykonane: r\u0119cznie robione, Rosja.<\/p>\n<p dir=\"ltr\" data-placeholder=\"Vertimas\">Czy masz jakie\u015b pytania? Skontaktuj si\u0119 z nami <a href=\"https:\/\/hookahshop.lt\/pl\/lacznosc\/\">strona z kontaktami<\/a> lub napisz do nas na adres <a href=\"https:\/\/facebook.com\/HookahShop.lt\/\" target=\"_blank\" rel=\"noopener noreferrer\">konto na Facebooku<\/a> a my odpowiemy na Twoj\u0105 pro\u015bb\u0119 tego samego dnia.<\/p>","protected":false},"excerpt":{"rendered":"<p>Kolba do fajki wodnej NJN HOOKAH SP Blue Pearl Kolba wykonywana jest wy\u0142\u0105cznie r\u0119cznie przez najlepszych rosyjskich dmuchaczy szk\u0142a. Forma drop jest jedn\u0105 z najpopularniejszych na rynku. \u015awietnie wygl\u0105da ze wszystkimi fajkami wodnymi. Charakterystyka: Wysoko\u015b\u0107: 270 mm Wewn\u0119trzna \u015brednica szyjki: 45 mm Zewn\u0119trzna \u015brednica szyjki: 72 mm Waga: 1,5 kg Wykonane: r\u0119cznie, Rosja. Czy masz jakie\u015b pytania? Skontaktuj si\u0119 z nami na stronie kontaktowej lub napisz [...]<\/p>","protected":false},"featured_media":19628,"comment_status":"open","ping_status":"closed","template":"","meta":[],"_links":{"self":[{"href":"https:\/\/hookahshop.lt\/pl\/wp-json\/wp\/v2\/product\/19627"}],"collection":[{"href":"https:\/\/hookahshop.lt\/pl\/wp-json\/wp\/v2\/product"}],"about":[{"href":"https:\/\/hookahshop.lt\/pl\/wp-json\/wp\/v2\/types\/product"}],"replies":[{"embeddable":true,"href":"https:\/\/hookahshop.lt\/pl\/wp-json\/wp\/v2\/comments?post=19627"}],"version-history":[{"count":3,"href":"https:\/\/hookahshop.lt\/pl\/wp-json\/wp\/v2\/product\/19627\/revisions"}],"predecessor-version":[{"id":23049,"href":"https:\/\/hookahshop.lt\/pl\/wp-json\/wp\/v2\/product\/19627\/revisions\/23049"}],"wp:featuredmedia":[{"embeddable":true,"href":"https:\/\/hookahshop.lt\/pl\/wp-json\/wp\/v2\/media\/19628"}],"wp:attachment":[{"href":"https:\/\/hookahshop.lt\/pl\/wp-json\/wp\/v2\/media?parent=19627"}],"curies":[{"name":"wp","href":"https:\/\/api.w.org\/{rel}","templated":true}]}}