{"id":19631,"date":"2021-02-22T19:05:08","date_gmt":"2021-02-22T17:05:08","guid":{"rendered":"https:\/\/hookahshop.lt\/?post_type=product&#038;p=19631"},"modified":"2026-04-19T23:29:02","modified_gmt":"2026-04-19T20:29:02","slug":"kaljanas-shadows-evo-mini","status":"publish","type":"product","link":"https:\/\/hookahshop.lt\/pl\/produkt\/szisza-cienie-evo-mini\/","title":{"rendered":"Fajka wodna SHADOWS EVO Mini"},"content":{"rendered":"<h2>Fajka wodna SHADOWS EVO Mini<\/h2>\n<p>Jest to kompaktowy model fajki wodnej firmy Shadows. Stylowy i kompaktowy zestaw wraz z markow\u0105 torb\u0105. Szisza wykonana jest ze stali nierdzewnej z wyko\u0144czeniem w\u0119glowym, dzi\u0119ki czemu trzonek nie nagrzewa si\u0119, a w\u0119dzony dym nie nagrzewa si\u0119 w miar\u0119 rozpraszania ciep\u0142a.<br \/>\n<span lang=\"lt\">Unikaln\u0105 cech\u0105 tego modelu jest system mocowania p\u0142yty i przy\u0142\u0105cza w\u0119\u017ca za pomoc\u0105 magnes\u00f3w. Magnesy szybko i pewnie mocuj\u0105 wszystkie elementy, zapobiegaj\u0105c ich wypadaniu. Dzi\u0119ki temu systemowi mocowania w ka\u017cdej chwili mo\u017cna \u0142atwo zdj\u0105\u0107 p\u0142yt\u0119 i strz\u0105sn\u0105\u0107 nagromadzony popi\u00f3\u0142. Ustnik wykonany jest z w\u0142\u00f3kna w\u0119glowego i sk\u0142ada si\u0119 z dw\u00f3ch gwintowanych cz\u0119\u015bci. <\/span><span lang=\"lt\">Do\u0142\u0105czona torba jest bardzo kompaktowa i wygodna. Zawiera sekcje po\u015bwi\u0119cone ka\u017cdemu szczeg\u00f3\u0142owi fajki wodnej. Dzi\u0119ki swojej kompaktowo\u015bci mo\u017ce s\u0142u\u017cy\u0107 jako fajka podr\u00f3\u017cna.<\/span><\/p>\n<p><strong>Charakterystyka:<\/strong><br \/>\nWaga fajki wodnej z torb\u0105: oko\u0142o 2790 gr.<br \/>\nWysoko\u015b\u0107 fajki wodnej z kolb\u0105: 405 mm.<br \/>\nWa\u0142: stal nierdzewna AISI 304, D11 mm.<br \/>\nMateria\u0142 bazowy: poliacetal.<br \/>\nZ\u0142\u0105cze w\u0119\u017ca: magnetyczne.<br \/>\nDyfuzor: zdejmowany, gwintowany, stal nierdzewna.<br \/>\nUstnik: stal nierdzewna i imitacja w\u0119gla.<br \/>\nD\u0142ugo\u015b\u0107 ustnika: 320 mm.<br \/>\nW\u0105\u017c: mi\u0119kki w dotyku.<br \/>\nD\u0142ugo\u015b\u0107 w\u0119\u017ca: 1500 mm.<\/p>\n<p><strong>Ekwipunek:<\/strong><br \/>\nWa\u0142, p\u0142ytka, ustnik, w\u0105\u017c, dyfuzor, kolba, z\u0142\u0105cze w\u0119\u017ca, uszczelki, szczypce i spr\u0119\u017cyna.<br \/>\n<em><strong>W zestawie torba podr\u00f3\u017cna na fajk\u0119 wodn\u0105.<\/strong><\/em><\/p>\n<p>Czy masz jakie\u015b pytania? Skontaktuj si\u0119 z nami\u00a0<a href=\"https:\/\/hookahshop.lt\/pl\/lacznosc\/\">strona z kontaktami<\/a>\u00a0lub napisz do nas na adres\u00a0<a href=\"https:\/\/facebook.com\/HookahShop.lt\/\" target=\"_blank\" rel=\"noopener noreferrer\">konto na Facebooku<\/a>\u00a0a my odpowiemy na Twoj\u0105 pro\u015bb\u0119 tego samego dnia.<\/p>","protected":false},"excerpt":{"rendered":"<p>Hookah SHADOWS EVO Mini Jest to kompaktowy model fajki wodnej firmy Shadows. Stylowy i kompaktowy zestaw wraz z markow\u0105 torb\u0105. Szisza wykonana jest ze stali nierdzewnej z wyko\u0144czeniem w\u0119glowym, dzi\u0119ki czemu trzonek nie nagrzewa si\u0119, a w\u0119dzony dym nie nagrzewa si\u0119 w miar\u0119 rozpraszania ciep\u0142a. Unikaln\u0105 cech\u0105 tego modelu jest system mocowania p\u0142yty i przy\u0142\u0105cza w\u0119\u017ca za pomoc\u0105 magnes\u00f3w. Magnesy szybko i pewnie mocuj\u0105 [\u2026]<\/p>","protected":false},"featured_media":19633,"comment_status":"open","ping_status":"closed","template":"","meta":[],"_links":{"self":[{"href":"https:\/\/hookahshop.lt\/pl\/wp-json\/wp\/v2\/product\/19631"}],"collection":[{"href":"https:\/\/hookahshop.lt\/pl\/wp-json\/wp\/v2\/product"}],"about":[{"href":"https:\/\/hookahshop.lt\/pl\/wp-json\/wp\/v2\/types\/product"}],"replies":[{"embeddable":true,"href":"https:\/\/hookahshop.lt\/pl\/wp-json\/wp\/v2\/comments?post=19631"}],"version-history":[{"count":5,"href":"https:\/\/hookahshop.lt\/pl\/wp-json\/wp\/v2\/product\/19631\/revisions"}],"predecessor-version":[{"id":29511,"href":"https:\/\/hookahshop.lt\/pl\/wp-json\/wp\/v2\/product\/19631\/revisions\/29511"}],"wp:featuredmedia":[{"embeddable":true,"href":"https:\/\/hookahshop.lt\/pl\/wp-json\/wp\/v2\/media\/19633"}],"wp:attachment":[{"href":"https:\/\/hookahshop.lt\/pl\/wp-json\/wp\/v2\/media?parent=19631"}],"curies":[{"name":"wp","href":"https:\/\/api.w.org\/{rel}","templated":true}]}}