{"id":19641,"date":"2021-02-22T20:36:59","date_gmt":"2021-02-22T18:36:59","guid":{"rendered":"https:\/\/hookahshop.lt\/?post_type=product&#038;p=19641"},"modified":"2026-04-18T23:28:37","modified_gmt":"2026-04-18T20:28:37","slug":"individualus-kaljano-kandiklis-maklaud-gazzik","status":"publish","type":"product","link":"https:\/\/hookahshop.lt\/pl\/produkt\/custom-hookah-ustnik-maklaud-gazzik\/","title":{"rendered":"Indywidualny ustnik do fajki wodnej MAKLAUD Gazzik"},"content":{"rendered":"<h2>Indywidualny ustnik do fajki wodnej MAKLAUD Gazzik<\/h2>\n<p>Ustnik MAKLAUD Gazzik to kolejne arcydzie\u0142o firmy Maklaud. Ustnik z wk\u0142adem Gazzik (wilk) wykonany jest z mosi\u0105dzu. Czarny pasek ze sk\u00f3ry naturalnej. Monta\u017c ustnika na karabi\u0144czyku. Ustnik wykonany z wysokiej jako\u015bci mi\u0119kkiego w dotyku silikonu medycznego oraz oryginalny pier\u015bcie\u0144 z napisem &quot;Maklaud&quot;.<\/p>\n<p><strong>Charakterystyka:<\/strong><br \/>\nD\u0142ugo\u015b\u0107 paska: 900 mm<br \/>\nMateria\u0142 paska: sk\u00f3ra naturalna<br \/>\nZapi\u0119cie: karabi\u0144czyk<br \/>\nD\u0142ugo\u015b\u0107 ustnika: 50mm<br \/>\nWaga: oko\u0142o 35 gram\u00f3w.<\/p>\n<p>Czy masz jakie\u015b pytania? Skontaktuj si\u0119 z nami\u00a0<a href=\"https:\/\/hookahshop.lt\/pl\/lacznosc\/\">strona z kontaktami<\/a>\u00a0lub napisz do nas na adres\u00a0<a href=\"https:\/\/facebook.com\/HookahShop.lt\/\" target=\"_blank\" rel=\"noopener noreferrer\">konto na Facebooku<\/a>\u00a0a my odpowiemy na Twoj\u0105 pro\u015bb\u0119 tego samego dnia.<\/p>","protected":false},"excerpt":{"rendered":"<p>Indywidualny ustnik do fajki wodnej MAKLAUD Gazzik Ustnik MAKLAUD Gazzik to kolejne arcydzie\u0142o firmy Maklaud. Ustnik z wk\u0142adk\u0105 Gazzik (wilk) wykonany jest z mosi\u0105dzu. Czarny pasek z prawdziwej sk\u00f3ry. Mocowanie ustnika na karabi\u0144czyku. Ustnik wykonany jest z wysokiej jako\u015bci silikonu medycznego zapewniaj\u0105cego mi\u0119kki dotyk oraz oryginalny pier\u015bcie\u0144 z napisem \u201eMaklaud\u201d. Charakterystyka: D\u0142ugo\u015b\u0107 paska: 900 mm Materia\u0142 paska: sk\u00f3ra naturalna Zapi\u0119cie: [...]<\/p>","protected":false},"featured_media":19643,"comment_status":"open","ping_status":"closed","template":"","meta":[],"_links":{"self":[{"href":"https:\/\/hookahshop.lt\/pl\/wp-json\/wp\/v2\/product\/19641"}],"collection":[{"href":"https:\/\/hookahshop.lt\/pl\/wp-json\/wp\/v2\/product"}],"about":[{"href":"https:\/\/hookahshop.lt\/pl\/wp-json\/wp\/v2\/types\/product"}],"replies":[{"embeddable":true,"href":"https:\/\/hookahshop.lt\/pl\/wp-json\/wp\/v2\/comments?post=19641"}],"version-history":[{"count":3,"href":"https:\/\/hookahshop.lt\/pl\/wp-json\/wp\/v2\/product\/19641\/revisions"}],"predecessor-version":[{"id":28491,"href":"https:\/\/hookahshop.lt\/pl\/wp-json\/wp\/v2\/product\/19641\/revisions\/28491"}],"wp:featuredmedia":[{"embeddable":true,"href":"https:\/\/hookahshop.lt\/pl\/wp-json\/wp\/v2\/media\/19643"}],"wp:attachment":[{"href":"https:\/\/hookahshop.lt\/pl\/wp-json\/wp\/v2\/media?parent=19641"}],"curies":[{"name":"wp","href":"https:\/\/api.w.org\/{rel}","templated":true}]}}