{"id":19652,"date":"2021-02-23T14:22:07","date_gmt":"2021-02-23T12:22:07","guid":{"rendered":"https:\/\/hookahshop.lt\/?post_type=product&#038;p=19652"},"modified":"2026-04-19T23:29:19","modified_gmt":"2026-04-19T20:29:19","slug":"taurele-kaljanui-lets-smoke-cayman","status":"publish","type":"product","link":"https:\/\/hookahshop.lt\/pl\/produkt\/szklanka-do-fajki-wodnej-palimy-kajmany\/","title":{"rendered":"Kubek do fajki wodnej LETS SMOKE Cayman"},"content":{"rendered":"<h2>Kubek do fajki wodnej LETS SMOKE Cayman<\/h2>\n<p>Kubek wykonany jest z wysokiej jako\u015bci gliny, dzi\u0119ki czemu r\u00f3wnomiernie rozprowadza ciep\u0142o i utrzymuje je przez ca\u0142y okres palenia.<\/p>\n<p>Pojemno\u015b\u0107 kubka to 13-17 gram\u00f3w.<\/p>\n<p>Czy masz jakie\u015b pytania? Skontaktuj si\u0119 z nami\u00a0<a href=\"https:\/\/hookahshop.lt\/pl\/lacznosc\/\">strona z kontaktami<\/a>\u00a0lub napisz do nas na adres\u00a0<a href=\"https:\/\/facebook.com\/HookahShop.lt\/\" target=\"_blank\" rel=\"noopener noreferrer\">konto na Facebooku<\/a>\u00a0a my odpowiemy na Twoj\u0105 pro\u015bb\u0119 tego samego dnia.<\/p>","protected":false},"excerpt":{"rendered":"<p>Miska na fajk\u0119 wodn\u0105 LETS SMOKE Cayman Misa wykonana zosta\u0142a z wysokiej jako\u015bci gliny, dzi\u0119ki czemu r\u00f3wnomiernie rozprowadza ciep\u0142o i utrzymuje je przez ca\u0142y okres w\u0119dzenia. Pojemno\u015b\u0107 kubka to 13-17 gram\u00f3w. Czy masz jakie\u015b pytania? Skontaktuj si\u0119 z nami na stronie kontaktowej lub napisz do nas na naszym koncie na Facebooku, a my odpowiemy na Twoj\u0105 pro\u015bb\u0119 jeszcze tego samego dnia.<\/p>","protected":false},"featured_media":19653,"comment_status":"open","ping_status":"closed","template":"","meta":[],"_links":{"self":[{"href":"https:\/\/hookahshop.lt\/pl\/wp-json\/wp\/v2\/product\/19652"}],"collection":[{"href":"https:\/\/hookahshop.lt\/pl\/wp-json\/wp\/v2\/product"}],"about":[{"href":"https:\/\/hookahshop.lt\/pl\/wp-json\/wp\/v2\/types\/product"}],"replies":[{"embeddable":true,"href":"https:\/\/hookahshop.lt\/pl\/wp-json\/wp\/v2\/comments?post=19652"}],"version-history":[{"count":5,"href":"https:\/\/hookahshop.lt\/pl\/wp-json\/wp\/v2\/product\/19652\/revisions"}],"predecessor-version":[{"id":29536,"href":"https:\/\/hookahshop.lt\/pl\/wp-json\/wp\/v2\/product\/19652\/revisions\/29536"}],"wp:featuredmedia":[{"embeddable":true,"href":"https:\/\/hookahshop.lt\/pl\/wp-json\/wp\/v2\/media\/19653"}],"wp:attachment":[{"href":"https:\/\/hookahshop.lt\/pl\/wp-json\/wp\/v2\/media?parent=19652"}],"curies":[{"name":"wp","href":"https:\/\/api.w.org\/{rel}","templated":true}]}}