{"id":19666,"date":"2021-02-24T20:19:43","date_gmt":"2021-02-24T18:19:43","guid":{"rendered":"https:\/\/hookahshop.lt\/?post_type=product&#038;p=19666"},"modified":"2026-04-15T12:29:16","modified_gmt":"2026-04-15T09:29:16","slug":"taurele-kaljanui-lets-smoke-harmony-2","status":"publish","type":"product","link":"https:\/\/hookahshop.lt\/pl\/produkt\/szklana-fajka-wodna-palimy-harmonie-2\/","title":{"rendered":"Kubek do fajki wodnej LETS SMOKE Harmony"},"content":{"rendered":"<h2>Kubek do fajki wodnej LETS SMOKE Harmony<\/h2>\n<p>Kubek wykonany jest z wysokiej jako\u015bci gliny, dzi\u0119ki czemu r\u00f3wnomiernie rozprowadza ciep\u0142o i utrzymuje je przez ca\u0142y okres palenia.<\/p>\n<p>Pojemno\u015b\u0107 kubka to 14-18 gram\u00f3w.<\/p>\n<p>Czy masz jakie\u015b pytania? Skontaktuj si\u0119 z nami\u00a0<a href=\"https:\/\/hookahshop.lt\/pl\/lacznosc\/\">strona z kontaktami<\/a>\u00a0lub napisz do nas na adres\u00a0<a href=\"https:\/\/facebook.com\/HookahShop.lt\/\" target=\"_blank\" rel=\"noopener noreferrer\">konto na Facebooku<\/a>\u00a0a my odpowiemy na Twoj\u0105 pro\u015bb\u0119 tego samego dnia.<\/p>","protected":false},"excerpt":{"rendered":"<p>Kubek do fajki wodnej LETS SMOKE Harmony. Kubek wykonany jest z wysokiej jako\u015bci gliny, dzi\u0119ki czemu r\u00f3wnomiernie rozprowadza ciep\u0142o i utrzymuje je przez ca\u0142y czas palenia. Pojemno\u015b\u0107 kubka wynosi 14-18 gram\u00f3w. Masz pytania? Skontaktuj si\u0119 z nami przez stron\u0119 kontaktow\u0105 lub napisz do nas na Facebooku, a odpowiemy tego samego dnia.<\/p>","protected":false},"featured_media":19667,"comment_status":"open","ping_status":"closed","template":"","meta":[],"_links":{"self":[{"href":"https:\/\/hookahshop.lt\/pl\/wp-json\/wp\/v2\/product\/19666"}],"collection":[{"href":"https:\/\/hookahshop.lt\/pl\/wp-json\/wp\/v2\/product"}],"about":[{"href":"https:\/\/hookahshop.lt\/pl\/wp-json\/wp\/v2\/types\/product"}],"replies":[{"embeddable":true,"href":"https:\/\/hookahshop.lt\/pl\/wp-json\/wp\/v2\/comments?post=19666"}],"version-history":[{"count":5,"href":"https:\/\/hookahshop.lt\/pl\/wp-json\/wp\/v2\/product\/19666\/revisions"}],"predecessor-version":[{"id":24021,"href":"https:\/\/hookahshop.lt\/pl\/wp-json\/wp\/v2\/product\/19666\/revisions\/24021"}],"wp:featuredmedia":[{"embeddable":true,"href":"https:\/\/hookahshop.lt\/pl\/wp-json\/wp\/v2\/media\/19667"}],"wp:attachment":[{"href":"https:\/\/hookahshop.lt\/pl\/wp-json\/wp\/v2\/media?parent=19666"}],"curies":[{"name":"wp","href":"https:\/\/api.w.org\/{rel}","templated":true}]}}