{"id":19670,"date":"2021-02-24T20:39:58","date_gmt":"2021-02-24T18:39:58","guid":{"rendered":"https:\/\/hookahshop.lt\/?post_type=product&#038;p=19670"},"modified":"2026-04-15T12:29:21","modified_gmt":"2026-04-15T09:29:21","slug":"taurele-kaljanui-upper-combi-bowl-cosmo-green","status":"publish","type":"product","link":"https:\/\/hookahshop.lt\/pl\/produkt\/filizanka-szisza-gorna-kombi-miska-cosmo-zielona\/","title":{"rendered":"Kubek do fajki wodnej G\u00d3RNA miska Combi Cosmo Green"},"content":{"rendered":"<h2>Kubek do fajki wodnej G\u00d3RNA miska Combi Cosmo Green<\/h2>\n<p>Kubek wykonany jest z wysokiej jako\u015bci gliny i pokryty szkliwem, dzi\u0119ki czemu przez d\u0142ugi czas zachowuje swoje pierwotne w\u0142a\u015bciwo\u015bci i wygl\u0105d. Ka\u017cdy Upper Combi jest indywidualnie pakowany z logo marki i nazw\u0105 kubka.<\/p>\n<p>Nadaje si\u0119 do palenia indywidualnego i grupowego. Spo\u017cywa si\u0119 18-20 gram\u00f3w tytoniu.<\/p>\n<p><strong>Charakterystyka:<\/strong><br \/>\nWysoko\u015b\u0107: 110 mm.<br \/>\n\u015arednica (zewn\u0119trzna): 73 mm.<br \/>\n\u015arednica (wewn\u0119trzna): 67 mm.<br \/>\nG\u0142\u0119boko\u015b\u0107: 15 mm.<br \/>\n\u015arednica otworu: 12mm.<br \/>\nIlo\u015b\u0107 otwor\u00f3w: 1 szt.<br \/>\nWaga: oko\u0142o 195 gram\u00f3w.<\/p>\n<p>Czy masz jakie\u015b pytania? Skontaktuj si\u0119 z nami\u00a0<a href=\"https:\/\/hookahshop.lt\/pl\/lacznosc\/\">strona z kontaktami<\/a>\u00a0lub napisz do nas na adres\u00a0<a href=\"https:\/\/facebook.com\/HookahShop.lt\/\" target=\"_blank\" rel=\"noopener noreferrer\">konto na Facebooku<\/a>\u00a0a my odpowiemy na Twoj\u0105 pro\u015bb\u0119 tego samego dnia.<\/p>","protected":false},"excerpt":{"rendered":"<p>Miska na fajk\u0119 wodn\u0105 G\u00d3RNA Miska Combi Cosmo Green Misa wykonana jest z wysokiej jako\u015bci gliny i pokryta szkliwem, dzi\u0119ki czemu przez d\u0142ugi czas mo\u017ce zachowa\u0107 swoje pierwotne w\u0142a\u015bciwo\u015bci i wygl\u0105d. Ka\u017cdy Upper Combi jest indywidualnie pakowany z logo marki i nazw\u0105 kubka. Nadaje si\u0119 do palenia indywidualnego i grupowego. Spo\u017cywa si\u0119 18-20 gram\u00f3w tytoniu. Charakterystyka: Wysoko\u015b\u0107: 110 mm. \u015arednica (zewn\u0119trzna): 73 [\u2026]<\/p>","protected":false},"featured_media":19672,"comment_status":"open","ping_status":"closed","template":"","meta":[],"_links":{"self":[{"href":"https:\/\/hookahshop.lt\/pl\/wp-json\/wp\/v2\/product\/19670"}],"collection":[{"href":"https:\/\/hookahshop.lt\/pl\/wp-json\/wp\/v2\/product"}],"about":[{"href":"https:\/\/hookahshop.lt\/pl\/wp-json\/wp\/v2\/types\/product"}],"replies":[{"embeddable":true,"href":"https:\/\/hookahshop.lt\/pl\/wp-json\/wp\/v2\/comments?post=19670"}],"version-history":[{"count":3,"href":"https:\/\/hookahshop.lt\/pl\/wp-json\/wp\/v2\/product\/19670\/revisions"}],"predecessor-version":[{"id":29564,"href":"https:\/\/hookahshop.lt\/pl\/wp-json\/wp\/v2\/product\/19670\/revisions\/29564"}],"wp:featuredmedia":[{"embeddable":true,"href":"https:\/\/hookahshop.lt\/pl\/wp-json\/wp\/v2\/media\/19672"}],"wp:attachment":[{"href":"https:\/\/hookahshop.lt\/pl\/wp-json\/wp\/v2\/media?parent=19670"}],"curies":[{"name":"wp","href":"https:\/\/api.w.org\/{rel}","templated":true}]}}