{"id":19675,"date":"2021-02-24T20:59:32","date_gmt":"2021-02-24T18:59:32","guid":{"rendered":"https:\/\/hookahshop.lt\/?post_type=product&#038;p=19675"},"modified":"2026-04-14T23:29:07","modified_gmt":"2026-04-14T20:29:07","slug":"kolba-kaljanui-daly-black-matt-ribbon-i","status":"publish","type":"product","link":"https:\/\/hookahshop.lt\/pl\/produkt\/kolba-do-sziszy-daly-czarna-matowa-wstazka-i\/","title":{"rendered":"Haczyk do wst\u0105\u017cki DALY Black Matt I"},"content":{"rendered":"<h2>Haczyk do wst\u0105\u017cki DALY Black Matt I<\/h2>\n<p>Kolba ta wykonana jest z wysokiej jako\u015bci szk\u0142a. Kolba jest ca\u0142kowicie czarna, a matowe wyko\u0144czenie nadaje jej jeszcze bardziej elegancki wygl\u0105d. Pasuje do prawie wszystkich nowoczesnych fajek wodnych. Kraw\u0119d\u017a termosu u\u0142atwi wygodne trzymanie fajki wodnej, dzi\u0119ki czemu nie wy\u015blizgnie si\u0119 ona z r\u0105k. Kolb\u0119 pokryto wysokiej jako\u015bci farb\u0105, kt\u00f3ra sprawi, \u017ce z biegiem czasu b\u0119dzie wygl\u0105da\u0107 jak nowa, nawet po wielu u\u017cyciach.<\/p>\n<p><strong>Charakterystyka:<\/strong><br \/>\nWysoko\u015b\u0107: 266 mm<br \/>\nWaga: ~ 1550 g<br \/>\n\u015arednica zewn\u0119trzna: 75 mm<br \/>\n\u015arednica wewn\u0119trzna: 47 mm<br \/>\nMateria\u0142 produktu: szk\u0142o<\/p>\n<p>Czy masz jakie\u015b pytania? Skontaktuj si\u0119 z nami\u00a0<a href=\"https:\/\/hookahshop.lt\/pl\/lacznosc\/\">strona z kontaktami<\/a>\u00a0lub napisz do nas na adres\u00a0<a href=\"https:\/\/facebook.com\/HookahShop.lt\/\" target=\"_blank\" rel=\"noopener noreferrer\">konto na Facebooku<\/a>\u00a0a my odpowiemy na Twoj\u0105 pro\u015bb\u0119 tego samego dnia.<\/p>","protected":false},"excerpt":{"rendered":"<p>Piersi\u00f3wka do fajki wodnej DALY Black Matt Ribbon I Kolba wykonana jest z wysokiej jako\u015bci szk\u0142a. Kolba jest ca\u0142kowicie czarna, a matowe wyko\u0144czenie nadaje jej jeszcze bardziej elegancki wygl\u0105d. Pasuje do prawie wszystkich nowoczesnych fajek wodnych. Kraw\u0119d\u017a termosu u\u0142atwi wygodne trzymanie fajki wodnej, dzi\u0119ki czemu nie wy\u015blizgnie si\u0119 ona z r\u0105k. Kolba ta pokryta jest wysokiej jako\u015bci farb\u0105, kt\u00f3ra z biegiem czasu pomo\u017ce [...]<\/p>","protected":false},"featured_media":24875,"comment_status":"open","ping_status":"closed","template":"","meta":[],"_links":{"self":[{"href":"https:\/\/hookahshop.lt\/pl\/wp-json\/wp\/v2\/product\/19675"}],"collection":[{"href":"https:\/\/hookahshop.lt\/pl\/wp-json\/wp\/v2\/product"}],"about":[{"href":"https:\/\/hookahshop.lt\/pl\/wp-json\/wp\/v2\/types\/product"}],"replies":[{"embeddable":true,"href":"https:\/\/hookahshop.lt\/pl\/wp-json\/wp\/v2\/comments?post=19675"}],"version-history":[{"count":9,"href":"https:\/\/hookahshop.lt\/pl\/wp-json\/wp\/v2\/product\/19675\/revisions"}],"predecessor-version":[{"id":45018,"href":"https:\/\/hookahshop.lt\/pl\/wp-json\/wp\/v2\/product\/19675\/revisions\/45018"}],"wp:featuredmedia":[{"embeddable":true,"href":"https:\/\/hookahshop.lt\/pl\/wp-json\/wp\/v2\/media\/24875"}],"wp:attachment":[{"href":"https:\/\/hookahshop.lt\/pl\/wp-json\/wp\/v2\/media?parent=19675"}],"curies":[{"name":"wp","href":"https:\/\/api.w.org\/{rel}","templated":true}]}}